{"id":2513,"date":"2022-08-14T16:00:35","date_gmt":"2022-08-14T14:00:35","guid":{"rendered":"https:\/\/www.polymerpacker.de\/?post_type=product&#038;p=2513"},"modified":"2026-04-29T20:08:44","modified_gmt":"2026-04-29T18:08:44","slug":"dissolutore-100-mm-senza-albero-dissolutore","status":"publish","type":"product","link":"https:\/\/www.polymerpacker.de\/it\/produkt\/dissolver-100-mm-ohne-dissolverwelle\/","title":{"rendered":"Dissolutore 100 mm senza albero di dissoluzione"},"content":{"rendered":"<p lang=\"zxx\"><span style=\"color: #000000;\"><b>Polymerpacker Dissolutore <\/b>(agitatori a disco) sono strumenti molto efficaci con eccellenti propriet\u00e0 di miscelazione per produrre consistenze molto omogenee. La bassa formazione di schizzi, il basso trascinamento di aria nella miscela (formazione di bolle) e la facilit\u00e0 di smontaggio consentono di lavorare in modo efficace e pulito con un'elevata produttivit\u00e0.<strong> Polymerpacker - perch\u00e9 un buon lavoro inizia con buoni strumenti.<\/strong><\/span><\/p>\n<p lang=\"zxx\"><span style=\"color: #000000;\"><b>Esempi di applicazione: <\/b> Miscelazione, agitazione e dispersione di liquidi e sospensioni (paste) come pitture, vernici, adesivi, miscele di resine sintetiche, vari composti livellanti, intonaci, intonaci di calce, cemento o argilla. Miscelazione di polveri secche e scorrevoli, granulati e sabbie a media densit\u00e0.<\/span><\/p>\n<p><span style=\"color: #000000;\"><b>Polymerpacker Dissolutore<\/b> sono disponibili con dischi dissolutori di diametro 45, 75, 100 e 150 mm. Ciascuno di essi pu\u00f2 essere abbinato a un'ampia scelta di alberi resolver diversi per coprire innumerevoli aree di applicazione. Il disco dissolutore pu\u00f2 essere collegato e rimosso in modo rapido e semplice dall'albero dissolutore corrispondente. I trapani disponibili in commercio sono ideali come macchine motrici.<\/span><\/p>\n<h3><span style=\"color: #000000;\"><b><strong>Il nostro Dissolutore 100 mm \u00e8 un prodotto che \u00e8 stato provato e testato milioni di volte. Prodotto da noi dal 2016.<\/strong><\/b><\/span><\/h3>","protected":false},"excerpt":{"rendered":"<h3><strong><span style=\"color: #000000;\">Dissolutore 100 mm senza albero di dissoluzione<\/span><\/strong><\/h3>\n<p><span style=\"color: #000000;\"><strong>Utilizzare un albero dissolutore esagonale da 10 mm.<\/strong><\/span><\/p>","protected":false},"featured_media":3041,"template":"","meta":[],"product_brand":[],"product_cat":[220,219],"product_tag":[127,131],"class_list":{"0":"post-2513","1":"product","2":"type-product","3":"status-publish","4":"has-post-thumbnail","6":"product_cat-dissolver-100-mm-mit-stahlwelle","7":"product_cat-dissolver-100-mm-mit-edelstahlwelle","8":"product_tag-dissolver","9":"product_tag-unsere-millionenfach-bewaehrten-produkte","11":"first","12":"instock","13":"taxable","14":"shipping-taxable","15":"purchasable","16":"product-type-simple"},"tiered_pricing_type":"percentage","tiered_pricing_fixed_rules":[],"tiered_pricing_product_settings":{"layout":"table","base_unit_name":{"singular":null,"plural":null},"default_variation":null},"tiered_pricing_minimum_quantity":null,"tiered_pricing_roles_data":[],"tiered_pricing_percentage_rules":{"10":3,"25":5,"50":8,"100":10},"tiered_pricing_maximum_quantity":null,"tiered_pricing_quantity_step":null,"_links":{"self":[{"href":"https:\/\/www.polymerpacker.de\/it\/wp-json\/wp\/v2\/product\/2513","targetHints":{"allow":["GET"]}}],"collection":[{"href":"https:\/\/www.polymerpacker.de\/it\/wp-json\/wp\/v2\/product"}],"about":[{"href":"https:\/\/www.polymerpacker.de\/it\/wp-json\/wp\/v2\/types\/product"}],"wp:featuredmedia":[{"embeddable":true,"href":"https:\/\/www.polymerpacker.de\/it\/wp-json\/wp\/v2\/media\/3041"}],"wp:attachment":[{"href":"https:\/\/www.polymerpacker.de\/it\/wp-json\/wp\/v2\/media?parent=2513"}],"wp:term":[{"taxonomy":"product_brand","embeddable":true,"href":"https:\/\/www.polymerpacker.de\/it\/wp-json\/wp\/v2\/product_brand?post=2513"},{"taxonomy":"product_cat","embeddable":true,"href":"https:\/\/www.polymerpacker.de\/it\/wp-json\/wp\/v2\/product_cat?post=2513"},{"taxonomy":"product_tag","embeddable":true,"href":"https:\/\/www.polymerpacker.de\/it\/wp-json\/wp\/v2\/product_tag?post=2513"}],"curies":[{"name":"wp","href":"https:\/\/api.w.org\/{rel}","templated":true}]}}