{"id":291,"date":"2019-04-16T08:45:56","date_gmt":"2019-04-16T08:45:56","guid":{"rendered":"http:\/\/b38jwy.myraidbox.de\/?page_id=291"},"modified":"2022-08-24T15:33:23","modified_gmt":"2022-08-24T13:33:23","slug":"impronta","status":"publish","type":"page","link":"https:\/\/www.polymerpacker.de\/it\/impressum\/","title":{"rendered":"Impronta"},"content":{"rendered":"<h3 class=\"wp-block-heading\" id=\"h-polymerpacker-werkzeuge-fur-die-bausanierung\">Polymerpacker - Strumenti per la ristrutturazione degli edifici<\/h3>\n\n\n\n<p><strong>Polymerpacker GmbH &amp; Co. KG<\/strong><br>Am Fuldaer Kreuz 9<br>DE 97786 Motten<br>Telefono +49 9748 863 99 20<br><a href=\"mailto:rmoeller@polymerpacker.de\">info@polymerpacker.de<\/a><\/p>\n\n\n\n<p>Partner responsabile personale: Polymerpacker Beteiligungs GmbH<\/p>\n\n\n\n<p>Tribunale di registrazione: Schweinfurt HRA 9867 HRB 7602<\/p>\n\n\n\n<p>Amministratore delegato: R\u00fcdiger M\u00f6ller (CEO)<\/p>\n\n\n\n<p>PARTITA IVA: DE 313477910<\/p>\n\n\n\n<p>Responsabile ai sensi del \u00a7 5 TMG e responsabile ai sensi del \u00a7 55 Abs. 2 RStV: R\u00fcdiger M\u00f6ller. &nbsp; <a href=\"https:\/\/www.polymerpacker.de\/it\/\">www.polymerpacker.de<\/a><\/p>\n\n\n\n<p><strong>Esclusione di responsabilit\u00e0:<\/strong><br>Copyright<br>Tutti gli articoli e le illustrazioni pubblicati su questo sito sono protetti da copyright. Qualsiasi utilizzo richiede il consenso preventivo, in particolare la duplicazione, la modifica, l'elaborazione, la memorizzazione, la traduzione o la riproduzione di banche dati o altri supporti e sistemi elettronici.<br>Le fotocopie e i download possono essere effettuati solo per uso personale, privato e non commerciale.<\/p>\n\n\n\n<p><strong>e-mail:<\/strong><br>La comunicazione via e-mail pu\u00f2 presentare lacune nella sicurezza. Se comunicate con noi via e-mail, presumiamo di potervi rispondere anche via e-mail. Se non desiderate che ci\u00f2 avvenga, dovete comunicarcelo.<\/p>\n\n\n\n<p><strong>Collegamenti esterni:<\/strong><br>Il contenuto dei siti web esterni a cui rimandiamo direttamente o indirettamente sul nostro sito (tramite \u201ehyperlink\u201c o \u201edeep link\u201c) non rientra nella nostra sfera di responsabilit\u00e0 e non lo adottiamo come nostro. Tuttavia, possiamo dichiarare che al momento della creazione dei link non erano riconoscibili contenuti illegali sui siti web collegati. Non abbiamo alcuna influenza sul design attuale e futuro, sui contenuti o sulla paternit\u00e0 dei siti web collegati. Pertanto, prendiamo espressamente le distanze da tutti i contenuti di tutti i siti web collegati che sono stati modificati dopo la creazione del link. Questa dichiarazione vale per tutti i link e i riferimenti presenti nella nostra homepage. Il fornitore del sito web collegato \u00e8 l'unico responsabile per i contenuti illegali, errati o incompleti e in particolare per i danni derivanti dall'utilizzo delle informazioni disponibili sui siti web collegati. Nel caso in cui venissimo a conoscenza di contenuti illegali, illeciti o errati sui siti web a cui rimandiamo, provvederemo a rimuovere il link.<\/p>\n\n\n\n<p><strong>Protezione dei dati:<\/strong><\/p>\n\n\n\n<p><a href=\"\/it\/protezione-dei-dati\/\">Cliccare qui per le nostre informazioni sulla protezione dei dati.<\/a><\/p>\n\n\n<div class=\"woocommerce woocommerce-gzd woocommerce-gzd-complaints-shortcode\">\n\t\t\t<h3>Risoluzione alternativa delle controversie ai sensi dell'art. 14 (1) ODR-VO e del \u00a7 36 VSBG:<\/h3>\n\t\nNon siamo obbligati o disposti a partecipare a procedure di risoluzione delle controversie davanti a un collegio arbitrale dei consumatori.<\/div>\n\n\n<p><\/p>","protected":false},"excerpt":{"rendered":"<p>Polymerpacker &#8211;&nbsp;Werkzeuge f\u00fcr die Bausanierung Polymerpacker GmbH &amp; Co. KGAm Fuldaer Kreuz 9DE 97786 MottenTel. +49 9748 863 99 20info@polymerpacker.de Pers\u00f6nlich haftende Gesellschafterin: Polymerpacker Beteiligungs GmbH Registriergericht: Schweinfurt&nbsp; HRA 9867&nbsp; HRB 7602 Gesch\u00e4ftsf\u00fchrer: R\u00fcdiger M\u00f6ller (CEO) Ust.ID: DE 313477910 Verantwortlicher nach \u00a75 TMG und Verantwortlicher i.S.d. \u00a7 55 Abs. 2 RStV:&nbsp; R\u00fcdiger M\u00f6ller. &nbsp; www.polymerpacker.de [&hellip;]<\/p>\n","protected":false},"author":1,"featured_media":0,"parent":0,"menu_order":0,"comment_status":"closed","ping_status":"closed","template":"","meta":{"footnotes":""},"class_list":["post-291","page","type-page","status-publish","hentry"],"_links":{"self":[{"href":"https:\/\/www.polymerpacker.de\/it\/wp-json\/wp\/v2\/pages\/291","targetHints":{"allow":["GET"]}}],"collection":[{"href":"https:\/\/www.polymerpacker.de\/it\/wp-json\/wp\/v2\/pages"}],"about":[{"href":"https:\/\/www.polymerpacker.de\/it\/wp-json\/wp\/v2\/types\/page"}],"author":[{"embeddable":true,"href":"https:\/\/www.polymerpacker.de\/it\/wp-json\/wp\/v2\/users\/1"}],"replies":[{"embeddable":true,"href":"https:\/\/www.polymerpacker.de\/it\/wp-json\/wp\/v2\/comments?post=291"}],"version-history":[{"count":0,"href":"https:\/\/www.polymerpacker.de\/it\/wp-json\/wp\/v2\/pages\/291\/revisions"}],"wp:attachment":[{"href":"https:\/\/www.polymerpacker.de\/it\/wp-json\/wp\/v2\/media?parent=291"}],"curies":[{"name":"wp","href":"https:\/\/api.w.org\/{rel}","templated":true}]}}