{"id":931,"date":"2020-01-06T19:40:03","date_gmt":"2020-01-06T18:40:03","guid":{"rendered":"http:\/\/b38jwy.myraidbox.de\/?post_type=product&#038;p=931"},"modified":"2026-04-15T16:00:59","modified_gmt":"2026-04-15T14:00:59","slug":"mamelon-a-tete-plate-16-r14","status":"publish","type":"product","link":"https:\/\/www.polymerpacker.de\/fr\/produkt\/flachkopfnippel-16-r14\/","title":{"rendered":"Mamelon \u00e0 t\u00eate plate 16 avec filetage de raccordement R1\/4\u2033"},"content":{"rendered":"<p><span style=\"color: #000000;\"><span style=\"font-family: Arial, sans-serif;\"><span style=\"font-size: medium;\"><b>Syst\u00e8me de raccordement standard pour packer \u00e0 injection.<\/b><\/span><\/span><\/span><\/p>\n<p><span style=\"color: #000000;\"><span style=\"font-family: Arial, sans-serif;\"><span style=\"font-size: medium;\">Utilisable pour l'injection de r\u00e9sine \u00e9poxy, de r\u00e9sine polyur\u00e9thane, de gel d'acrylate, d'\u00e9mulsion de silicone, de cr\u00e8me de silicate. <strong>Pour des pressions d'injection maximales allant jusqu'\u00e0 150 bars. <\/strong><\/span><\/span><\/span><\/p>\n<p><span style=\"color: #000000;\"><span style=\"font-family: Arial, sans-serif;\"><span style=\"font-size: medium;\"><b>Produit \u00e9prouv\u00e9 des millions de fois, produit par nos soins depuis 2007.<\/b><\/span><\/span><\/span><\/p>","protected":false},"excerpt":{"rendered":"<h3><strong>Mamelon \u00e0 t\u00eate plate FKN16R14<\/strong><\/h3>\n<p><strong>Mamelon \u00e0 t\u00eate plate en plastique<\/strong> DIN 3404 \/ <strong>16 mm<\/strong>, avec clapet anti-retour int\u00e9gr\u00e9, pression d'ouverture env. <strong>2 bar<\/strong>.<\/p>\n<h4>Connexion :<strong> Filetage int\u00e9rieur R1\/4\u2033 (filetage de tuyau auto-\u00e9tanche).<\/strong><\/h4>","protected":false},"featured_media":1083,"template":"","meta":[],"product_brand":[],"product_cat":[42,121],"product_tag":[122,131,120],"class_list":{"0":"post-931","1":"product","2":"type-product","3":"status-publish","4":"has-post-thumbnail","6":"product_cat-injektion-packer-pumpen","7":"product_cat-injektionspacker-anschliessen","8":"product_tag-injektionspacker-an-pumpen-anschliessen","9":"product_tag-unsere-millionenfach-bewaehrten-produkte","10":"product_tag-injektionspacker-mit-flachkopfnippel","12":"first","13":"instock","14":"taxable","15":"shipping-taxable","16":"purchasable","17":"product-type-simple"},"tiered_pricing_type":"percentage","tiered_pricing_fixed_rules":{"100":5,"1000":10},"tiered_pricing_product_settings":{"layout":"default","base_unit_name":{"singular":null,"plural":null},"default_variation":null},"tiered_pricing_minimum_quantity":10,"tiered_pricing_roles_data":[],"tiered_pricing_percentage_rules":{"100":5,"1000":10},"tiered_pricing_maximum_quantity":null,"tiered_pricing_quantity_step":null,"_links":{"self":[{"href":"https:\/\/www.polymerpacker.de\/fr\/wp-json\/wp\/v2\/product\/931","targetHints":{"allow":["GET"]}}],"collection":[{"href":"https:\/\/www.polymerpacker.de\/fr\/wp-json\/wp\/v2\/product"}],"about":[{"href":"https:\/\/www.polymerpacker.de\/fr\/wp-json\/wp\/v2\/types\/product"}],"wp:featuredmedia":[{"embeddable":true,"href":"https:\/\/www.polymerpacker.de\/fr\/wp-json\/wp\/v2\/media\/1083"}],"wp:attachment":[{"href":"https:\/\/www.polymerpacker.de\/fr\/wp-json\/wp\/v2\/media?parent=931"}],"wp:term":[{"taxonomy":"product_brand","embeddable":true,"href":"https:\/\/www.polymerpacker.de\/fr\/wp-json\/wp\/v2\/product_brand?post=931"},{"taxonomy":"product_cat","embeddable":true,"href":"https:\/\/www.polymerpacker.de\/fr\/wp-json\/wp\/v2\/product_cat?post=931"},{"taxonomy":"product_tag","embeddable":true,"href":"https:\/\/www.polymerpacker.de\/fr\/wp-json\/wp\/v2\/product_tag?post=931"}],"curies":[{"name":"wp","href":"https:\/\/api.w.org\/{rel}","templated":true}]}}