{"id":929,"date":"2020-01-06T19:26:27","date_gmt":"2020-01-06T18:26:27","guid":{"rendered":"http:\/\/b38jwy.myraidbox.de\/?post_type=product&#038;p=929"},"modified":"2026-04-15T16:00:59","modified_gmt":"2026-04-15T14:00:59","slug":"pince-daccouplement-rapide-vss17skz","status":"publish","type":"product","link":"https:\/\/www.polymerpacker.de\/fr\/produkt\/schnellkupplungszange-vss17skz\/","title":{"rendered":"Pince d'accouplement rapide VSS17SKZ"},"content":{"rendered":"<h2><strong><span style=\"font-family: Arial, sans-serif; color: #282828;\"><span style=\"font-size: medium;\">Pince pour raccords rapides VSS17SKZ (raccord rapide) avec filetage de raccordement R 1\/4\u2033<br \/>\n<\/span><\/span><\/strong><\/h2>\n<p><span style=\"font-family: Arial, sans-serif; color: #282828;\"><span style=\"font-size: medium;\"><b>En combinaison avec le syst\u00e8me de coulisse transversale <strong>Pi\u00e8ce de fermeture 17 le u<\/strong>Syst\u00e8me de raccordement universel pour packer d'injection. <\/b><\/span><\/span><\/p>\n<p><span style=\"font-family: Arial, sans-serif; color: #282828;\"><span style=\"font-size: medium;\">Utilisable pour la r\u00e9sine \u00e9poxy, la r\u00e9sine de polyur\u00e9thane, le gel d'acrylate, l'\u00e9mulsion de silicone, la cr\u00e8me de silicate, la suspension de ciment, la colle de ciment, le mortier d'injection. <strong>Pour des pressions d'injection maximales allant jusqu'\u00e0 50 bar.<\/strong><\/span><\/span><\/p>\n<p><span style=\"color: #000000;\"><span style=\"font-family: Arial, sans-serif;\"><span style=\"font-size: medium;\"><b>Pour plus d'informations et de consignes de s\u00e9curit\u00e9, vous pouvez t\u00e9l\u00e9charger ici la fiche technique de ce produit. <\/b><\/span><\/span><\/span><\/p>\n<p><a href=\"https:\/\/www.polymerpacker.de\/wp-content\/uploads\/2022\/06\/Polymerpacker-TM-VSS17SKZ-DE-EN.pdf\"><img fetchpriority=\"high\" decoding=\"async\" class=\"alignnone wp-image-1504 size-medium\" src=\"https:\/\/www.polymerpacker.de\/wp-content\/uploads\/2020\/08\/PDF-DOWNLOAD-250x400.jpg\" alt=\"\" width=\"250\" height=\"400\" srcset=\"https:\/\/www.polymerpacker.de\/wp-content\/uploads\/2020\/08\/PDF-DOWNLOAD-250x400.jpg 250w, https:\/\/www.polymerpacker.de\/wp-content\/uploads\/2020\/08\/PDF-DOWNLOAD-200x320.jpg 200w, https:\/\/www.polymerpacker.de\/wp-content\/uploads\/2020\/08\/PDF-DOWNLOAD-scaled-150x240.jpg 150w, https:\/\/www.polymerpacker.de\/wp-content\/uploads\/2020\/08\/PDF-DOWNLOAD-400x640.jpg 400w, https:\/\/www.polymerpacker.de\/wp-content\/uploads\/2020\/08\/PDF-DOWNLOAD-500x800.jpg 500w, https:\/\/www.polymerpacker.de\/wp-content\/uploads\/2020\/08\/PDF-DOWNLOAD-768x1228.jpg 768w, https:\/\/www.polymerpacker.de\/wp-content\/uploads\/2020\/08\/PDF-DOWNLOAD-961x1536.jpg 961w, https:\/\/www.polymerpacker.de\/wp-content\/uploads\/2020\/08\/PDF-DOWNLOAD-1281x2048.jpg 1281w, https:\/\/www.polymerpacker.de\/wp-content\/uploads\/2020\/08\/PDF-DOWNLOAD-scaled.jpg 1601w\" sizes=\"(max-width: 250px) 100vw, 250px\" \/><\/a><\/p>\n<p>&nbsp;<\/p>","protected":false},"excerpt":{"rendered":"<h3><strong>Pince d'accouplement rapide VSS17SKZ<\/strong><\/h3>\n<p>fermeture rapide s'adaptant \u00e0 tous les mod\u00e8les courants <strong>Pi\u00e8ces de fermeture 17 mm. <\/strong>(par exemple : Desoi, Wiwa, Vorek, Remmers, Sopro, TPH et bien d'autres).<\/p>\n<h4>Connexion :<strong> Filetage ext\u00e9rieur R1\/4\u2033 (filetage de tuyau auto-\u00e9tanche)<\/strong>, passage libre<strong> \u00d8 7 mm.<\/strong><\/h4>","protected":false},"featured_media":1086,"template":"","meta":[],"product_brand":[],"product_cat":[42,121],"product_tag":[128,114,122],"class_list":{"0":"post-929","1":"product","2":"type-product","3":"status-publish","4":"has-post-thumbnail","6":"product_cat-injektion-packer-pumpen","7":"product_cat-injektionspacker-anschliessen","8":"product_tag-schnellschnappanschluss","9":"product_tag-verschlussstueck","10":"product_tag-injektionspacker-an-pumpen-anschliessen","12":"first","13":"instock","14":"taxable","15":"shipping-taxable","16":"purchasable","17":"product-type-simple"},"tiered_pricing_type":"percentage","tiered_pricing_fixed_rules":{"10":5,"100":10},"tiered_pricing_product_settings":{"layout":"default","base_unit_name":{"singular":null,"plural":null},"default_variation":null},"tiered_pricing_minimum_quantity":null,"tiered_pricing_roles_data":[],"tiered_pricing_percentage_rules":{"5":5,"10":10},"tiered_pricing_maximum_quantity":null,"tiered_pricing_quantity_step":null,"_links":{"self":[{"href":"https:\/\/www.polymerpacker.de\/fr\/wp-json\/wp\/v2\/product\/929","targetHints":{"allow":["GET"]}}],"collection":[{"href":"https:\/\/www.polymerpacker.de\/fr\/wp-json\/wp\/v2\/product"}],"about":[{"href":"https:\/\/www.polymerpacker.de\/fr\/wp-json\/wp\/v2\/types\/product"}],"wp:featuredmedia":[{"embeddable":true,"href":"https:\/\/www.polymerpacker.de\/fr\/wp-json\/wp\/v2\/media\/1086"}],"wp:attachment":[{"href":"https:\/\/www.polymerpacker.de\/fr\/wp-json\/wp\/v2\/media?parent=929"}],"wp:term":[{"taxonomy":"product_brand","embeddable":true,"href":"https:\/\/www.polymerpacker.de\/fr\/wp-json\/wp\/v2\/product_brand?post=929"},{"taxonomy":"product_cat","embeddable":true,"href":"https:\/\/www.polymerpacker.de\/fr\/wp-json\/wp\/v2\/product_cat?post=929"},{"taxonomy":"product_tag","embeddable":true,"href":"https:\/\/www.polymerpacker.de\/fr\/wp-json\/wp\/v2\/product_tag?post=929"}],"curies":[{"name":"wp","href":"https:\/\/api.w.org\/{rel}","templated":true}]}}