{"id":634,"date":"2019-04-22T12:23:42","date_gmt":"2019-04-22T12:23:42","guid":{"rendered":"http:\/\/b38jwy.myraidbox.de\/?post_type=product&#038;p=634"},"modified":"2026-04-15T16:00:59","modified_gmt":"2026-04-15T14:00:59","slug":"packer-dinjection-sbp12kn-pour-trou-de-forage-12-mm","status":"publish","type":"product","link":"https:\/\/www.polymerpacker.de\/fr\/produkt\/injektionspacker-sbp12kn-fuer-bohrloch-12-mm\/","title":{"rendered":"Packer \u00e0 injection SBP12KN pour trou de forage 12 mm"},"content":{"rendered":"<h2><span style=\"color: #000000;\"><span style=\"font-family: Arial, sans-serif;\"><span style=\"font-size: medium;\"><b>Injecteur SBP12KN pour trou de forage de 12 mm - Injecteur \u00e0 basse pression (obturateur \u00e0 lamelles et \u00e0 percussion) en plastique haute performance.<\/b><\/span><\/span><\/span><\/h2>\n<p><span style=\"color: #000000;\"><span style=\"font-family: Arial, sans-serif;\"><span style=\"font-size: medium;\">Pour l'utilisation lors de l'impr\u00e9gnation sous pression de mat\u00e9riaux de construction tels que la brique, le gr\u00e8s calcaire, le bloc creux, le gr\u00e8s, la pierre ponce, l'argile, le bois. Utilisable pour l'injection de r\u00e9sine \u00e9poxy, r\u00e9sine polyur\u00e9thane, \u00e9mulsion de silicone, micro\u00e9mulsion, solutions aqueuses. Agent de silicification, fongicide, agent de protection du bois. Utilisable pour des pressions d'injection maximales allant jusqu'\u00e0 80 bars lors de l'utilisation dans des trous de forage aux dimensions exactes dans des mat\u00e9riaux de construction solides. <\/span><\/span><\/span><\/p>\n<p><span style=\"color: #000000;\"><span style=\"font-family: Arial, sans-serif;\"><span style=\"font-size: medium;\"><b>Notre packer \u00e0 air puls\u00e9. L'original, un produit qui a fait ses preuves des millions de fois, produit par nos soins depuis 1998.<\/b><\/span><\/span><\/span><\/p>\n<p><span style=\"color: #000000;\"><span style=\"font-family: Arial, sans-serif;\"><span style=\"font-size: medium;\"><b>Pour plus d'informations et de consignes de s\u00e9curit\u00e9, vous pouvez t\u00e9l\u00e9charger ici la fiche technique de ce produit. <\/b><\/span><\/span><\/span><\/p>\n<p><a href=\"https:\/\/www.polymerpacker.de\/wp-content\/uploads\/2022\/07\/Polymerpacker-TM-SBP12KN-DE-EN.pdf\"><img fetchpriority=\"high\" decoding=\"async\" class=\"alignnone wp-image-1504 size-medium\" src=\"https:\/\/www.polymerpacker.de\/wp-content\/uploads\/2020\/08\/PDF-DOWNLOAD-250x400.jpg\" alt=\"\" width=\"250\" height=\"400\" srcset=\"https:\/\/www.polymerpacker.de\/wp-content\/uploads\/2020\/08\/PDF-DOWNLOAD-250x400.jpg 250w, https:\/\/www.polymerpacker.de\/wp-content\/uploads\/2020\/08\/PDF-DOWNLOAD-200x320.jpg 200w, https:\/\/www.polymerpacker.de\/wp-content\/uploads\/2020\/08\/PDF-DOWNLOAD-scaled-150x240.jpg 150w, https:\/\/www.polymerpacker.de\/wp-content\/uploads\/2020\/08\/PDF-DOWNLOAD-400x640.jpg 400w, https:\/\/www.polymerpacker.de\/wp-content\/uploads\/2020\/08\/PDF-DOWNLOAD-500x800.jpg 500w, https:\/\/www.polymerpacker.de\/wp-content\/uploads\/2020\/08\/PDF-DOWNLOAD-768x1228.jpg 768w, https:\/\/www.polymerpacker.de\/wp-content\/uploads\/2020\/08\/PDF-DOWNLOAD-961x1536.jpg 961w, https:\/\/www.polymerpacker.de\/wp-content\/uploads\/2020\/08\/PDF-DOWNLOAD-1281x2048.jpg 1281w, https:\/\/www.polymerpacker.de\/wp-content\/uploads\/2020\/08\/PDF-DOWNLOAD-scaled.jpg 1601w\" sizes=\"(max-width: 250px) 100vw, 250px\" \/><\/a><\/p>","protected":false},"excerpt":{"rendered":"<h3><strong>Packer \u00e0 injection SBP12KN pour trou de forage 12 mm<\/strong><\/h3>\n<p><strong>Emballage en plastique de 75 mm de long.<\/strong><\/p>\n<h4>Connexion : <strong>Mamelon conique en plastique DIN 71412<\/strong> avec clapet anti-retour int\u00e9gr\u00e9, pression d'ouverture env. <strong>2 bar<\/strong>.<\/h4>\n<p><strong>Outil d'emballage gratuit dans chaque emballage<\/strong><\/p>","protected":false},"featured_media":2372,"template":"","meta":[],"product_brand":[],"product_cat":[42,84],"product_tag":[129,131,196,198,97],"class_list":{"0":"post-634","1":"product","2":"type-product","3":"status-publish","4":"has-post-thumbnail","6":"product_cat-injektion-packer-pumpen","7":"product_cat-injektionspacker-12-mm","8":"product_tag-injektionspacker-fuer-harz","9":"product_tag-unsere-millionenfach-bewaehrten-produkte","10":"product_tag-injektionspacker-fuer-holzschutzmittel","11":"product_tag-injektionspacker-mit-kegelnippel","12":"product_tag-injektionspacker-fuer-bohrung-12-mm","14":"first","15":"instock","16":"taxable","17":"shipping-taxable","18":"purchasable","19":"product-type-simple"},"tiered_pricing_type":"percentage","tiered_pricing_fixed_rules":[],"tiered_pricing_product_settings":{"layout":"default","base_unit_name":{"singular":null,"plural":null},"default_variation":null},"tiered_pricing_minimum_quantity":10,"tiered_pricing_roles_data":[],"tiered_pricing_percentage_rules":{"100":5,"1000":10,"2000":15,"5000":20},"tiered_pricing_maximum_quantity":null,"tiered_pricing_quantity_step":null,"_links":{"self":[{"href":"https:\/\/www.polymerpacker.de\/fr\/wp-json\/wp\/v2\/product\/634","targetHints":{"allow":["GET"]}}],"collection":[{"href":"https:\/\/www.polymerpacker.de\/fr\/wp-json\/wp\/v2\/product"}],"about":[{"href":"https:\/\/www.polymerpacker.de\/fr\/wp-json\/wp\/v2\/types\/product"}],"wp:featuredmedia":[{"embeddable":true,"href":"https:\/\/www.polymerpacker.de\/fr\/wp-json\/wp\/v2\/media\/2372"}],"wp:attachment":[{"href":"https:\/\/www.polymerpacker.de\/fr\/wp-json\/wp\/v2\/media?parent=634"}],"wp:term":[{"taxonomy":"product_brand","embeddable":true,"href":"https:\/\/www.polymerpacker.de\/fr\/wp-json\/wp\/v2\/product_brand?post=634"},{"taxonomy":"product_cat","embeddable":true,"href":"https:\/\/www.polymerpacker.de\/fr\/wp-json\/wp\/v2\/product_cat?post=634"},{"taxonomy":"product_tag","embeddable":true,"href":"https:\/\/www.polymerpacker.de\/fr\/wp-json\/wp\/v2\/product_tag?post=634"}],"curies":[{"name":"wp","href":"https:\/\/api.w.org\/{rel}","templated":true}]}}