{"id":532,"date":"2019-04-18T10:05:59","date_gmt":"2019-04-18T10:05:59","guid":{"rendered":"http:\/\/b38jwy.myraidbox.de\/?post_type=product&#038;p=532"},"modified":"2026-04-15T16:01:00","modified_gmt":"2026-04-15T14:01:00","slug":"pompe-dinjection-manuelle-pour-injection-a-haute-pression","status":"publish","type":"product","link":"https:\/\/www.polymerpacker.de\/fr\/produkt\/hand-injektionspumpe-fuer-hochdruckinjektion\/","title":{"rendered":"Pompe d'injection manuelle pour l'injection \u00e0 haute pression"},"content":{"rendered":"<h3><span style=\"color: #000000;\"><strong>Pompe d'injection manuelle<\/strong> pour l'injection \u00e0 haute pression <\/span><\/h3>\n<h4><span style=\"color: #000000;\">de <strong>R\u00e9sine \u00e9poxy, r\u00e9sine de polyur\u00e9thane, gel d'acrylate, \u00e9mulsion de silicone, cr\u00e8me de silicate<\/strong> sur les packs d'injection dans les \u00e9l\u00e9ments \/ mat\u00e9riaux de construction. <\/span><\/h4>\n<h4><span style=\"color: #000000;\">Chez nous, en set complet, comprenant <\/span><\/h4>\n<p><span style=\"color: #000000;\"><strong>1 pi\u00e8ce<\/strong> Pompe \u00e0 piston \u00e0 levier manuel (filetage de raccordement G1\/8\u201c) , volume de refoulement env. 2 cm\u00b3 \/ course, pression de travail max. 400 bar, volume de remplissage 550 cm\u00b3, remplissage particuli\u00e8rement rapide gr\u00e2ce \u00e0 un couvercle en plastique facilement amovible.<\/span><\/p>\n<p><span style=\"color: #000000;\"><strong> 1 pi\u00e8ce<\/strong> Tuyau haute pression <strong>500 mm de long<\/strong>, (filetage de raccordement G1\/8\u201c) avec joints d'\u00e9tanch\u00e9it\u00e9 en aluminium. <\/span><\/p>\n<p><span style=\"color: #000000;\"><strong>1 pi\u00e8ce<\/strong> Raccord de pr\u00e9hension \u00e0 4 m\u00e2choires (filetage de raccordement G1\/8\u201c) pour <strong>Raccord conique DIN 71412<\/strong> et <\/span><\/p>\n<p><span style=\"color: #000000;\"><strong>1 pi\u00e8ce<\/strong> Kit de dissolution compos\u00e9 de 2 disques de dissolution de 45 mm et 75 mm et d'un arbre de dissolution en acier de 8 mm (hexagonal), 300 mm de long, pour un m\u00e9lange optimal du mat\u00e9riau d'injection avant l'injection.<\/span><\/p>\n<p><b>Pour plus d'informations et de consignes de s\u00e9curit\u00e9, vous pouvez t\u00e9l\u00e9charger ici la fiche technique de ce produit. <\/b><\/p>\n<p><a href=\"https:\/\/www.polymerpacker.de\/wp-content\/uploads\/2024\/01\/Polymerpacker-TM-KNKG18-DE-EN.pdf\"><img fetchpriority=\"high\" decoding=\"async\" class=\"alignnone wp-image-1504 size-medium\" src=\"https:\/\/www.polymerpacker.de\/wp-content\/uploads\/2020\/08\/PDF-DOWNLOAD-250x400.jpg\" alt=\"\" width=\"250\" height=\"400\" srcset=\"https:\/\/www.polymerpacker.de\/wp-content\/uploads\/2020\/08\/PDF-DOWNLOAD-250x400.jpg 250w, https:\/\/www.polymerpacker.de\/wp-content\/uploads\/2020\/08\/PDF-DOWNLOAD-200x320.jpg 200w, https:\/\/www.polymerpacker.de\/wp-content\/uploads\/2020\/08\/PDF-DOWNLOAD-scaled-150x240.jpg 150w, https:\/\/www.polymerpacker.de\/wp-content\/uploads\/2020\/08\/PDF-DOWNLOAD-400x640.jpg 400w, https:\/\/www.polymerpacker.de\/wp-content\/uploads\/2020\/08\/PDF-DOWNLOAD-500x800.jpg 500w, https:\/\/www.polymerpacker.de\/wp-content\/uploads\/2020\/08\/PDF-DOWNLOAD-768x1228.jpg 768w, https:\/\/www.polymerpacker.de\/wp-content\/uploads\/2020\/08\/PDF-DOWNLOAD-961x1536.jpg 961w, https:\/\/www.polymerpacker.de\/wp-content\/uploads\/2020\/08\/PDF-DOWNLOAD-1281x2048.jpg 1281w, https:\/\/www.polymerpacker.de\/wp-content\/uploads\/2020\/08\/PDF-DOWNLOAD-scaled.jpg 1601w\" sizes=\"(max-width: 250px) 100vw, 250px\" \/><\/a><\/p>","protected":false},"excerpt":{"rendered":"<h3 data-padding=\"5px\"><span style=\"color: #000000;\"><strong>Pompe d'injection manuelle pour l'injection \u00e0 haute pression<\/strong> avec raccord pour nipple conique<\/span><\/h3>\n<h4 data-padding=\"5px\"><span style=\"color: #000000;\">Chez nous, en kit complet.<\/span><\/h4>","protected":false},"featured_media":1943,"template":"","meta":[],"product_brand":[],"product_cat":[42,95],"product_tag":[94],"class_list":{"0":"post-532","1":"product","2":"type-product","3":"status-publish","4":"has-post-thumbnail","6":"product_cat-injektion-packer-pumpen","7":"product_cat-injektionspumpen","8":"product_tag-handpumpe-fuer-harz","10":"first","11":"instock","12":"taxable","13":"shipping-taxable","14":"purchasable","15":"product-type-simple"},"tiered_pricing_type":"fixed","tiered_pricing_fixed_rules":[],"tiered_pricing_product_settings":{"layout":"default","base_unit_name":{"singular":null,"plural":null},"default_variation":null},"tiered_pricing_minimum_quantity":null,"tiered_pricing_roles_data":[],"tiered_pricing_percentage_rules":[],"tiered_pricing_maximum_quantity":null,"tiered_pricing_quantity_step":null,"_links":{"self":[{"href":"https:\/\/www.polymerpacker.de\/fr\/wp-json\/wp\/v2\/product\/532","targetHints":{"allow":["GET"]}}],"collection":[{"href":"https:\/\/www.polymerpacker.de\/fr\/wp-json\/wp\/v2\/product"}],"about":[{"href":"https:\/\/www.polymerpacker.de\/fr\/wp-json\/wp\/v2\/types\/product"}],"wp:featuredmedia":[{"embeddable":true,"href":"https:\/\/www.polymerpacker.de\/fr\/wp-json\/wp\/v2\/media\/1943"}],"wp:attachment":[{"href":"https:\/\/www.polymerpacker.de\/fr\/wp-json\/wp\/v2\/media?parent=532"}],"wp:term":[{"taxonomy":"product_brand","embeddable":true,"href":"https:\/\/www.polymerpacker.de\/fr\/wp-json\/wp\/v2\/product_brand?post=532"},{"taxonomy":"product_cat","embeddable":true,"href":"https:\/\/www.polymerpacker.de\/fr\/wp-json\/wp\/v2\/product_cat?post=532"},{"taxonomy":"product_tag","embeddable":true,"href":"https:\/\/www.polymerpacker.de\/fr\/wp-json\/wp\/v2\/product_tag?post=532"}],"curies":[{"name":"wp","href":"https:\/\/api.w.org\/{rel}","templated":true}]}}