{"id":3811,"date":"2024-01-26T22:12:06","date_gmt":"2024-01-26T21:12:06","guid":{"rendered":"https:\/\/www.polymerpacker.de\/?post_type=product&#038;p=3811"},"modified":"2026-04-15T16:00:58","modified_gmt":"2026-04-15T14:00:58","slug":"statique-melangeur-a-grille-94-mm-smg94pp","status":"publish","type":"product","link":"https:\/\/www.polymerpacker.de\/fr\/produkt\/statik-gittermischer-94-mm-smg94pp\/","title":{"rendered":"M\u00e9langeur statique \u00e0 grille 9,4 mm SMG94PP en polypropyl\u00e8ne"},"content":{"rendered":"<p><span style=\"color: #000000;\"><span style=\"font-family: Arial, sans-serif;\"><span style=\"font-size: medium;\"><b>Polymerpacker M\u00e9langeur statique \u00e0 grille <\/b>poss\u00e8dent d'excellentes propri\u00e9t\u00e9s de m\u00e9lange et sont optimis\u00e9s pour la production de consistances tr\u00e8s homog\u00e8nes dans le m\u00e9lange continu en flux continu de polym\u00e8res r\u00e9actifs \u00e0 plusieurs composants. M\u00eame en cas de grandes diff\u00e9rences de viscosit\u00e9 et de densit\u00e9.<\/span><\/span><\/span><\/p>\n<p><span style=\"color: #000000;\"><span style=\"font-family: Arial, sans-serif;\"><span style=\"font-size: medium;\"><b>M\u00e9langeur statique \u00e0 grille 9,4 mm SMG94PP en polypropyl\u00e8ne <\/b>ont fait leurs preuves dans les installations de peinture industrielles pour le m\u00e9lange continu en flux continu de syst\u00e8mes de peinture \u00e0 plusieurs composants.<\/span><\/span><\/span><\/p>\n<p><span style=\"color: #000000;\"><span style=\"font-family: Arial, sans-serif;\"><span style=\"font-size: medium;\"><b>Produit \u00e9prouv\u00e9 des millions de fois, fabriqu\u00e9 par nos soins depuis 2002<\/b><\/span><\/span><\/span><\/p>","protected":false},"excerpt":{"rendered":"<h3><strong><span style=\"color: #000000;\"><span style=\"font-family: Arial, sans-serif;\"><span style=\"font-size: medium;\">M\u00e9langeur statique \u00e0 grille 9,4 mm SMG94PP en polypropyl\u00e8ne<\/span><\/span><\/span><\/strong><\/h3>\n<p><span style=\"color: #000000;\"><span style=\"font-family: Arial, sans-serif;\"><span style=\"font-size: medium;\">Diam\u00e8tre 9,4 mm, longueur 9,4 mm, avec 18 barrettes en 6 couches, \u00e9paisseur des barrettes 1 mm, r\u00e9sistance \u00e0 la pression jusqu'\u00e0 80 bar.<\/span><\/span><\/span><\/p>","protected":false},"featured_media":3807,"template":"","meta":[],"product_brand":[],"product_cat":[137],"product_tag":[131,134,127],"class_list":{"0":"post-3811","1":"product","2":"type-product","3":"status-publish","4":"has-post-thumbnail","6":"product_cat-statik-gittermischer","7":"product_tag-unsere-millionenfach-bewaehrten-produkte","8":"product_tag-statik-gittermischer","9":"product_tag-dissolver","11":"first","12":"instock","13":"taxable","14":"shipping-taxable","15":"purchasable","16":"product-type-simple"},"tiered_pricing_type":"percentage","tiered_pricing_fixed_rules":[],"tiered_pricing_product_settings":{"layout":"default","base_unit_name":{"singular":null,"plural":null},"default_variation":null},"tiered_pricing_minimum_quantity":10,"tiered_pricing_roles_data":[],"tiered_pricing_percentage_rules":{"100":5,"1000":10},"tiered_pricing_maximum_quantity":null,"tiered_pricing_quantity_step":null,"_links":{"self":[{"href":"https:\/\/www.polymerpacker.de\/fr\/wp-json\/wp\/v2\/product\/3811","targetHints":{"allow":["GET"]}}],"collection":[{"href":"https:\/\/www.polymerpacker.de\/fr\/wp-json\/wp\/v2\/product"}],"about":[{"href":"https:\/\/www.polymerpacker.de\/fr\/wp-json\/wp\/v2\/types\/product"}],"wp:featuredmedia":[{"embeddable":true,"href":"https:\/\/www.polymerpacker.de\/fr\/wp-json\/wp\/v2\/media\/3807"}],"wp:attachment":[{"href":"https:\/\/www.polymerpacker.de\/fr\/wp-json\/wp\/v2\/media?parent=3811"}],"wp:term":[{"taxonomy":"product_brand","embeddable":true,"href":"https:\/\/www.polymerpacker.de\/fr\/wp-json\/wp\/v2\/product_brand?post=3811"},{"taxonomy":"product_cat","embeddable":true,"href":"https:\/\/www.polymerpacker.de\/fr\/wp-json\/wp\/v2\/product_cat?post=3811"},{"taxonomy":"product_tag","embeddable":true,"href":"https:\/\/www.polymerpacker.de\/fr\/wp-json\/wp\/v2\/product_tag?post=3811"}],"curies":[{"name":"wp","href":"https:\/\/api.w.org\/{rel}","templated":true}]}}