{"id":3792,"date":"2024-01-21T19:58:32","date_gmt":"2024-01-21T18:58:32","guid":{"rendered":"https:\/\/www.polymerpacker.de\/?post_type=product&#038;p=3792"},"modified":"2026-04-15T16:01:00","modified_gmt":"2026-04-15T14:01:00","slug":"packer-dinjection-sps14116-pour-trou-de-forage-14-mm","status":"publish","type":"product","link":"https:\/\/www.polymerpacker.de\/fr\/produkt\/injektionspacker-sps14116-fuer-bohrloch-14-mm\/","title":{"rendered":"Packer \u00e0 injection SPS14116 pour trou de forage 14 mm"},"content":{"rendered":"<h2><span style=\"color: #000000;\"><strong><span style=\"font-family: Arial, sans-serif;\"><span style=\"font-size: medium;\">Packer \u00e0 injection SPS14116 pour trou de forage 14 mm<\/span><\/span><\/strong><\/span><\/h2>\n<p><span style=\"color: #000000;\">Presse-\u00e9toupe en acier avec \u00e9crou de serrage en plastique haute performance pour le remplissage et l'injection de fissures et de cavit\u00e9s dans tous les mat\u00e9riaux de construction courants tels que le b\u00e9ton, les blocs creux, les briques et le gr\u00e8s. Optimal pour l'injection de r\u00e9sine \u00e9poxy et polyur\u00e9thane \u00e0 haute teneur en mati\u00e8res solides, ou de suspension de ciment, de colle de ciment, de mortier d'injection. Utilis\u00e9 dans des trous de forage de dimensions pr\u00e9cises dans des mat\u00e9riaux de construction solides, utilisable pour des pressions d'injection maximales allant jusqu'\u00e0 100 bars.<\/span><\/p>\n<p><span style=\"color: #000000;\"><span style=\"font-family: Arial, sans-serif;\"><span style=\"font-size: medium;\"><b>Pour plus d'informations et de consignes de s\u00e9curit\u00e9, vous pouvez t\u00e9l\u00e9charger ici la fiche technique de ce produit. <\/b><\/span><\/span><\/span><\/p>\n<p><a href=\"https:\/\/www.polymerpacker.de\/wp-content\/uploads\/2024\/01\/Polymerpacker-TM-SPS14116-DE-EN.pdf\"><img fetchpriority=\"high\" decoding=\"async\" class=\"alignnone wp-image-1504 size-medium\" src=\"https:\/\/www.polymerpacker.de\/wp-content\/uploads\/2020\/08\/PDF-DOWNLOAD-250x400.jpg\" alt=\"\" width=\"250\" height=\"400\" srcset=\"https:\/\/www.polymerpacker.de\/wp-content\/uploads\/2020\/08\/PDF-DOWNLOAD-250x400.jpg 250w, https:\/\/www.polymerpacker.de\/wp-content\/uploads\/2020\/08\/PDF-DOWNLOAD-200x320.jpg 200w, https:\/\/www.polymerpacker.de\/wp-content\/uploads\/2020\/08\/PDF-DOWNLOAD-scaled-150x240.jpg 150w, https:\/\/www.polymerpacker.de\/wp-content\/uploads\/2020\/08\/PDF-DOWNLOAD-400x640.jpg 400w, https:\/\/www.polymerpacker.de\/wp-content\/uploads\/2020\/08\/PDF-DOWNLOAD-500x800.jpg 500w, https:\/\/www.polymerpacker.de\/wp-content\/uploads\/2020\/08\/PDF-DOWNLOAD-768x1228.jpg 768w, https:\/\/www.polymerpacker.de\/wp-content\/uploads\/2020\/08\/PDF-DOWNLOAD-961x1536.jpg 961w, https:\/\/www.polymerpacker.de\/wp-content\/uploads\/2020\/08\/PDF-DOWNLOAD-1281x2048.jpg 1281w, https:\/\/www.polymerpacker.de\/wp-content\/uploads\/2020\/08\/PDF-DOWNLOAD-scaled.jpg 1601w\" sizes=\"(max-width: 250px) 100vw, 250px\" \/><\/a><\/p>","protected":false},"excerpt":{"rendered":"<h3><strong>Packer d'injection pour trou de forage 14 mm<\/strong><\/h3>\n<p><strong>Emballeur \u00e0 vis en acier, longueur 116 mm. <\/strong>Douille en caoutchouc <strong>40 mm<\/strong> long avec stries longitudinales pour emp\u00eacher la rotation lors du serrage du packer dans le trou de forage.<strong><span style=\"color: #00ccff;\"> \u00c9crou de serrage avec hexagone de 14 mm<\/span> en plastique haute performance.<\/strong><\/p>\n<h4>Connexion : <strong>Filetage de tuyau auto-\u00e9tanche R1\/4\u2033<\/strong>, passage libre <strong>\u00d8 5 mm<\/strong>.<\/h4>","protected":false},"featured_media":3771,"template":"","meta":[],"product_brand":[],"product_cat":[42,109],"product_tag":[110,129],"class_list":{"0":"post-3792","1":"product","2":"type-product","3":"status-publish","4":"has-post-thumbnail","6":"product_cat-injektion-packer-pumpen","7":"product_cat-injektionspacker-14-mm","8":"product_tag-injektionspacker-fuer-bohrung-14-mm","9":"product_tag-injektionspacker-fuer-harz","11":"first","12":"instock","13":"taxable","14":"shipping-taxable","15":"purchasable","16":"product-type-simple"},"tiered_pricing_type":"percentage","tiered_pricing_fixed_rules":[],"tiered_pricing_product_settings":{"layout":"default","base_unit_name":{"singular":null,"plural":null},"default_variation":null},"tiered_pricing_minimum_quantity":10,"tiered_pricing_roles_data":[],"tiered_pricing_percentage_rules":{"100":5,"1000":10},"tiered_pricing_maximum_quantity":null,"tiered_pricing_quantity_step":null,"_links":{"self":[{"href":"https:\/\/www.polymerpacker.de\/fr\/wp-json\/wp\/v2\/product\/3792","targetHints":{"allow":["GET"]}}],"collection":[{"href":"https:\/\/www.polymerpacker.de\/fr\/wp-json\/wp\/v2\/product"}],"about":[{"href":"https:\/\/www.polymerpacker.de\/fr\/wp-json\/wp\/v2\/types\/product"}],"wp:featuredmedia":[{"embeddable":true,"href":"https:\/\/www.polymerpacker.de\/fr\/wp-json\/wp\/v2\/media\/3771"}],"wp:attachment":[{"href":"https:\/\/www.polymerpacker.de\/fr\/wp-json\/wp\/v2\/media?parent=3792"}],"wp:term":[{"taxonomy":"product_brand","embeddable":true,"href":"https:\/\/www.polymerpacker.de\/fr\/wp-json\/wp\/v2\/product_brand?post=3792"},{"taxonomy":"product_cat","embeddable":true,"href":"https:\/\/www.polymerpacker.de\/fr\/wp-json\/wp\/v2\/product_cat?post=3792"},{"taxonomy":"product_tag","embeddable":true,"href":"https:\/\/www.polymerpacker.de\/fr\/wp-json\/wp\/v2\/product_tag?post=3792"}],"curies":[{"name":"wp","href":"https:\/\/api.w.org\/{rel}","templated":true}]}}