{"id":3790,"date":"2024-01-21T19:31:48","date_gmt":"2024-01-21T18:31:48","guid":{"rendered":"https:\/\/www.polymerpacker.de\/?post_type=product&#038;p=3790"},"modified":"2026-04-15T16:01:02","modified_gmt":"2026-04-15T14:01:02","slug":"packer-a-injection-cle-a-piquer-14-mm","status":"publish","type":"product","link":"https:\/\/www.polymerpacker.de\/fr\/produkt\/injektionspacker-steckschluessel-14-mm\/","title":{"rendered":"Packer \u00e0 injection Cl\u00e9 \u00e0 douille 14 mm"},"content":{"rendered":"<h3><span style=\"color: #000000;\"><strong>Packer \u00e0 injection Cl\u00e9 \u00e0 douille 14 mm<\/strong><\/span><\/h3>\n<p><span style=\"color: #000000;\">Cl\u00e9 \u00e0 douille hexagonale sp\u00e9ciale 14 mm, convient de mani\u00e8re optimale \u00e0 tous les packs d'injection (packs \u00e0 vis en acier) avec \u00e9crou de serrage hexagonal 14 mm avec raccordement : filetage de tube R1\/4\u2033. <\/span><span style=\"color: #000000;\">Un espace libre sp\u00e9cialement adapt\u00e9 dans la cl\u00e9 \u00e0 douille emp\u00eache de mani\u00e8re fiable tout endommagement du filetage du tube R1\/4\u2033 lors du serrage de l'\u00e9crou de serrage.<\/span><\/p>\n<h3><span style=\"color: #000000;\"><strong>Car un bon travail commence par un bon outil<span style=\"font-family: 'Arial', sans-serif;\">.<\/span><\/strong><\/span><\/h3>","protected":false},"excerpt":{"rendered":"<h3><strong>Packer d'injection Cl\u00e9 \u00e0 douille hexagonale 14 mm<\/strong><\/h3>\n<h4>pour \u00e9crou de serrage hexagonal avec raccord : filetage de tube R1\/4\u2033<\/h4>","protected":false},"featured_media":3778,"template":"","meta":[],"product_brand":[],"product_cat":[42,199],"product_tag":[141],"class_list":{"0":"post-3790","1":"product","2":"type-product","3":"status-publish","4":"has-post-thumbnail","6":"product_cat-injektion-packer-pumpen","7":"product_cat-injektionspacker-montagewerkzeuge","8":"product_tag-steckschluessel-fuer-injektionspacker","10":"first","11":"instock","12":"taxable","13":"shipping-taxable","14":"purchasable","15":"product-type-simple"},"tiered_pricing_type":"fixed","tiered_pricing_fixed_rules":[],"tiered_pricing_product_settings":{"layout":"default","base_unit_name":{"singular":null,"plural":null},"default_variation":null},"tiered_pricing_minimum_quantity":null,"tiered_pricing_roles_data":[],"tiered_pricing_percentage_rules":[],"tiered_pricing_maximum_quantity":null,"tiered_pricing_quantity_step":null,"_links":{"self":[{"href":"https:\/\/www.polymerpacker.de\/fr\/wp-json\/wp\/v2\/product\/3790","targetHints":{"allow":["GET"]}}],"collection":[{"href":"https:\/\/www.polymerpacker.de\/fr\/wp-json\/wp\/v2\/product"}],"about":[{"href":"https:\/\/www.polymerpacker.de\/fr\/wp-json\/wp\/v2\/types\/product"}],"wp:featuredmedia":[{"embeddable":true,"href":"https:\/\/www.polymerpacker.de\/fr\/wp-json\/wp\/v2\/media\/3778"}],"wp:attachment":[{"href":"https:\/\/www.polymerpacker.de\/fr\/wp-json\/wp\/v2\/media?parent=3790"}],"wp:term":[{"taxonomy":"product_brand","embeddable":true,"href":"https:\/\/www.polymerpacker.de\/fr\/wp-json\/wp\/v2\/product_brand?post=3790"},{"taxonomy":"product_cat","embeddable":true,"href":"https:\/\/www.polymerpacker.de\/fr\/wp-json\/wp\/v2\/product_cat?post=3790"},{"taxonomy":"product_tag","embeddable":true,"href":"https:\/\/www.polymerpacker.de\/fr\/wp-json\/wp\/v2\/product_tag?post=3790"}],"curies":[{"name":"wp","href":"https:\/\/api.w.org\/{rel}","templated":true}]}}