{"id":3482,"date":"2023-09-23T13:30:16","date_gmt":"2023-09-23T11:30:16","guid":{"rendered":"https:\/\/www.polymerpacker.de\/?post_type=product&#038;p=3482"},"modified":"2026-04-15T16:01:02","modified_gmt":"2026-04-15T14:01:02","slug":"foret-a-pierre-en-metal-dur-haute-performance-8-x-400-mm","status":"publish","type":"product","link":"https:\/\/www.polymerpacker.de\/fr\/produkt\/hochleistungs-hartmetall-gesteinsbohrer-8-x-400-mm\/","title":{"rendered":"Tr\u00e9pan en carbure de tungst\u00e8ne haute performance 8 x 400 mm"},"content":{"rendered":"<p><span style=\"color: #000000;\"><strong>Foret \u00e0 roche en carbure de tungst\u00e8ne haute performance 8 x 400 mm avec 4 tranchants en carbure monobloc et conception progressive de la spirale.<\/strong><br \/>\nPour le per\u00e7age de trous de dimensions tr\u00e8s pr\u00e9cises, per\u00e7age sans probl\u00e8me des amalgames de fer, fonctionnement \u00e0 faibles vibrations, bonne extraction de la poussi\u00e8re de per\u00e7age.<br \/>\n<strong>SDS-Plus (tige de per\u00e7age de 10 mm).<\/strong><\/span><\/p>","protected":false},"excerpt":{"rendered":"<h3><strong><span style=\"color: #000000;\">Tr\u00e9pan en carbure de tungst\u00e8ne haute performance 8 x 400 mm<\/span><\/strong><\/h3>\n<p><strong><span style=\"color: #000000;\">Diam\u00e8tre 8 mm, longueur de la spirale 400 mm, longueur totale 460 mm, m<\/span><\/strong><strong><span style=\"color: #000000;\">4 lames en carbure monobloc et conception progressive de la spirale. <\/span><\/strong><strong><span style=\"color: #000000;\">SDS-Plus (tige de per\u00e7age de 10 mm).<\/span><\/strong><\/p>","protected":false},"featured_media":3512,"template":"","meta":[],"product_brand":[],"product_cat":[42,233],"product_tag":[234],"class_list":{"0":"post-3482","1":"product","2":"type-product","3":"status-publish","4":"has-post-thumbnail","6":"product_cat-injektion-packer-pumpen","7":"product_cat-hartmetall-gesteinsbohrer","8":"product_tag-hochleistungs-hartmetall-gesteinsbohrer","10":"first","11":"instock","12":"taxable","13":"shipping-taxable","14":"purchasable","15":"product-type-simple"},"tiered_pricing_type":"percentage","tiered_pricing_fixed_rules":[],"tiered_pricing_product_settings":{"layout":"table","base_unit_name":{"singular":null,"plural":null},"default_variation":null},"tiered_pricing_minimum_quantity":null,"tiered_pricing_roles_data":[],"tiered_pricing_percentage_rules":[],"tiered_pricing_maximum_quantity":null,"tiered_pricing_quantity_step":null,"_links":{"self":[{"href":"https:\/\/www.polymerpacker.de\/fr\/wp-json\/wp\/v2\/product\/3482","targetHints":{"allow":["GET"]}}],"collection":[{"href":"https:\/\/www.polymerpacker.de\/fr\/wp-json\/wp\/v2\/product"}],"about":[{"href":"https:\/\/www.polymerpacker.de\/fr\/wp-json\/wp\/v2\/types\/product"}],"wp:featuredmedia":[{"embeddable":true,"href":"https:\/\/www.polymerpacker.de\/fr\/wp-json\/wp\/v2\/media\/3512"}],"wp:attachment":[{"href":"https:\/\/www.polymerpacker.de\/fr\/wp-json\/wp\/v2\/media?parent=3482"}],"wp:term":[{"taxonomy":"product_brand","embeddable":true,"href":"https:\/\/www.polymerpacker.de\/fr\/wp-json\/wp\/v2\/product_brand?post=3482"},{"taxonomy":"product_cat","embeddable":true,"href":"https:\/\/www.polymerpacker.de\/fr\/wp-json\/wp\/v2\/product_cat?post=3482"},{"taxonomy":"product_tag","embeddable":true,"href":"https:\/\/www.polymerpacker.de\/fr\/wp-json\/wp\/v2\/product_tag?post=3482"}],"curies":[{"name":"wp","href":"https:\/\/api.w.org\/{rel}","templated":true}]}}