{"id":3449,"date":"2023-09-17T19:03:09","date_gmt":"2023-09-17T17:03:09","guid":{"rendered":"https:\/\/www.polymerpacker.de\/?post_type=product&#038;p=3449"},"modified":"2026-04-15T16:01:00","modified_gmt":"2026-04-15T14:01:00","slug":"injecteur-de-colle-kp50m8","status":"publish","type":"product","link":"https:\/\/www.polymerpacker.de\/fr\/produkt\/injektions-klebepacker-kp50m8\/","title":{"rendered":"Injecteur de colle KP50M8"},"content":{"rendered":"<h2><span style=\"color: #000000;\"><strong>Injecteur de colle KP50M8 <\/strong><\/span><\/h2>\n<p><span style=\"color: #000000;\">pour le collage sur les surfaces d'\u00e9l\u00e9ments de construction dans lesquels il n'est pas souhait\u00e9 ou autoris\u00e9 de percer des trous pour l'injection de fissures <strong>(ZTV-RIS).<\/strong><\/span><\/p>\n<p><span style=\"color: #000000;\"><strong>Exemples d'utilisation : <\/strong>Injection de fissures sur des \u00e9l\u00e9ments de construction en b\u00e9ton pr\u00e9contraint, en b\u00e9ton avec armature dense ou sur des \u00e9l\u00e9ments en b\u00e9ton apparent. Utilisable pour l'injection de r\u00e9sine \u00e9poxy, de r\u00e9sine polyur\u00e9thane, de r\u00e9sine polyester.<\/span><\/p>\n<p><span style=\"color: #000000;\"><strong>Polymerpacker Packer d'injection et de collage<\/strong><\/span><\/p>\n<p><span style=\"color: #000000;\">- Fabriqu\u00e9 \u00e0 partir d'une mati\u00e8re plastique haute performance tr\u00e8s adh\u00e9sive.<\/span><\/p>\n<p><span style=\"color: #000000;\">- Surface adh\u00e9sive dot\u00e9e d'une structure de surface optimis\u00e9e pour le collage.<\/span><\/p>\n<p><span style=\"color: #000000;\">- Utilisable en cas de collage avec des adh\u00e9sifs de haute qualit\u00e9 sur des surfaces solides pour des pressions d'injection maximales allant jusqu'\u00e0 60 bars.<\/span><\/p>\n<p><span style=\"color: #000000;\"><strong>Polymerpacker Injecteur de colle. L'original, un produit \u00e9prouv\u00e9 des millions de fois, produit par nos soins depuis 1993.<\/strong><\/span><\/p>\n<p><span style=\"color: #000000;\"><strong>Injection de fissures selon ZTV-RIS sur un \u00e9l\u00e9ment de construction en b\u00e9ton, s<\/strong><\/span><span style=\"color: #000000;\"><strong>o c'est simple :<\/strong><\/span><\/p>\n<p><strong><span style=\"color: #000000;\">1. <\/span><\/strong><span style=\"color: #000000;\">Nettoyer la fissure par sablage ou brossage m\u00e9tallique et, si n\u00e9cessaire, la s\u00e9cher \u00e0 l'air chaud.<\/span><\/p>\n<p><img fetchpriority=\"high\" decoding=\"async\" class=\"size-medium wp-image-3590\" src=\"https:\/\/www.polymerpacker.de\/wp-content\/uploads\/2023\/10\/kp50ia1-400x400.jpg\" alt=\"Encolleuse en action Photo 1 sur 9\" width=\"400\" height=\"400\" srcset=\"https:\/\/www.polymerpacker.de\/wp-content\/uploads\/2023\/10\/kp50ia1-400x400.jpg 400w, https:\/\/www.polymerpacker.de\/wp-content\/uploads\/2023\/10\/kp50ia1-200x200.jpg 200w, https:\/\/www.polymerpacker.de\/wp-content\/uploads\/2023\/10\/kp50ia1-150x150.jpg 150w, https:\/\/www.polymerpacker.de\/wp-content\/uploads\/2023\/10\/kp50ia1-800x800.jpg 800w, https:\/\/www.polymerpacker.de\/wp-content\/uploads\/2023\/10\/kp50ia1-280x280.jpg 280w, https:\/\/www.polymerpacker.de\/wp-content\/uploads\/2023\/10\/kp50ia1-768x768.jpg 768w, https:\/\/www.polymerpacker.de\/wp-content\/uploads\/2023\/10\/kp50ia1-1536x1536.jpg 1536w, https:\/\/www.polymerpacker.de\/wp-content\/uploads\/2023\/10\/kp50ia1.jpg 2000w\" sizes=\"(max-width: 400px) 100vw, 400px\" \/><\/p>\n<p><strong><span style=\"color: #000000;\">2. <\/span><\/strong><span style=\"color: #000000;\">Pour pr\u00e9parer les canaux d'injection, enfoncer des clous en acier dans la fissure \u00e0 des intervalles d'environ 20 cm, \u00e0 une profondeur d'au moins 5 mm.<\/span><\/p>\n<p><img decoding=\"async\" class=\"size-medium wp-image-3591\" src=\"https:\/\/www.polymerpacker.de\/wp-content\/uploads\/2023\/10\/kp50ia2-400x400.jpg\" alt=\"Encolleuse en action Photo 2 sur 9\" width=\"400\" height=\"400\" srcset=\"https:\/\/www.polymerpacker.de\/wp-content\/uploads\/2023\/10\/kp50ia2-400x400.jpg 400w, https:\/\/www.polymerpacker.de\/wp-content\/uploads\/2023\/10\/kp50ia2-200x200.jpg 200w, https:\/\/www.polymerpacker.de\/wp-content\/uploads\/2023\/10\/kp50ia2-150x150.jpg 150w, https:\/\/www.polymerpacker.de\/wp-content\/uploads\/2023\/10\/kp50ia2-800x800.jpg 800w, https:\/\/www.polymerpacker.de\/wp-content\/uploads\/2023\/10\/kp50ia2-280x280.jpg 280w, https:\/\/www.polymerpacker.de\/wp-content\/uploads\/2023\/10\/kp50ia2-768x768.jpg 768w, https:\/\/www.polymerpacker.de\/wp-content\/uploads\/2023\/10\/kp50ia2-1536x1536.jpg 1536w, https:\/\/www.polymerpacker.de\/wp-content\/uploads\/2023\/10\/kp50ia2.jpg 2000w\" sizes=\"(max-width: 400px) 100vw, 400px\" \/><\/p>\n<p><img decoding=\"async\" class=\"size-medium wp-image-3592\" src=\"https:\/\/www.polymerpacker.de\/wp-content\/uploads\/2023\/10\/kp50ia3-400x400.jpg\" alt=\"Encolleuse en action Photo 3 sur 9\" width=\"400\" height=\"400\" srcset=\"https:\/\/www.polymerpacker.de\/wp-content\/uploads\/2023\/10\/kp50ia3-400x400.jpg 400w, https:\/\/www.polymerpacker.de\/wp-content\/uploads\/2023\/10\/kp50ia3-200x200.jpg 200w, https:\/\/www.polymerpacker.de\/wp-content\/uploads\/2023\/10\/kp50ia3-150x150.jpg 150w, https:\/\/www.polymerpacker.de\/wp-content\/uploads\/2023\/10\/kp50ia3-800x800.jpg 800w, https:\/\/www.polymerpacker.de\/wp-content\/uploads\/2023\/10\/kp50ia3-280x280.jpg 280w, https:\/\/www.polymerpacker.de\/wp-content\/uploads\/2023\/10\/kp50ia3-768x768.jpg 768w, https:\/\/www.polymerpacker.de\/wp-content\/uploads\/2023\/10\/kp50ia3-1536x1536.jpg 1536w, https:\/\/www.polymerpacker.de\/wp-content\/uploads\/2023\/10\/kp50ia3.jpg 2000w\" sizes=\"(max-width: 400px) 100vw, 400px\" \/><\/p>\n<p><span style=\"color: #000000;\"><strong>3.<\/strong> Appliquer une colle appropri\u00e9e sur la surface de collage des packs de colle et presser les packs de colle sur la surface de l'\u00e9l\u00e9ment de construction en b\u00e9ton via les clous en acier. La colle doit sortir par les ouvertures situ\u00e9es au dos des surfaces adh\u00e9sives afin d'obtenir un collage aussi solide et s\u00fbr que possible. Les clous en acier enfonc\u00e9s emp\u00eachent la colle d'obstruer les canaux d'injection.<\/span><\/p>\n<p><img loading=\"lazy\" decoding=\"async\" class=\"size-medium wp-image-3593\" src=\"https:\/\/www.polymerpacker.de\/wp-content\/uploads\/2023\/10\/kp50ia4-400x400.jpg\" alt=\"Encolleuse en action Photo 4 sur 9\" width=\"400\" height=\"400\" srcset=\"https:\/\/www.polymerpacker.de\/wp-content\/uploads\/2023\/10\/kp50ia4-400x400.jpg 400w, https:\/\/www.polymerpacker.de\/wp-content\/uploads\/2023\/10\/kp50ia4-200x200.jpg 200w, https:\/\/www.polymerpacker.de\/wp-content\/uploads\/2023\/10\/kp50ia4-150x150.jpg 150w, https:\/\/www.polymerpacker.de\/wp-content\/uploads\/2023\/10\/kp50ia4-800x800.jpg 800w, https:\/\/www.polymerpacker.de\/wp-content\/uploads\/2023\/10\/kp50ia4-280x280.jpg 280w, https:\/\/www.polymerpacker.de\/wp-content\/uploads\/2023\/10\/kp50ia4-768x768.jpg 768w, https:\/\/www.polymerpacker.de\/wp-content\/uploads\/2023\/10\/kp50ia4-1536x1536.jpg 1536w, https:\/\/www.polymerpacker.de\/wp-content\/uploads\/2023\/10\/kp50ia4.jpg 2000w\" sizes=\"(max-width: 400px) 100vw, 400px\" \/><\/p>\n<p><img loading=\"lazy\" decoding=\"async\" class=\"size-medium wp-image-3594\" src=\"https:\/\/www.polymerpacker.de\/wp-content\/uploads\/2023\/10\/kp50ia5-400x400.jpg\" alt=\"Encolleuse en action Photo 5 sur 9\" width=\"400\" height=\"400\" srcset=\"https:\/\/www.polymerpacker.de\/wp-content\/uploads\/2023\/10\/kp50ia5-400x400.jpg 400w, https:\/\/www.polymerpacker.de\/wp-content\/uploads\/2023\/10\/kp50ia5-200x200.jpg 200w, https:\/\/www.polymerpacker.de\/wp-content\/uploads\/2023\/10\/kp50ia5-150x150.jpg 150w, https:\/\/www.polymerpacker.de\/wp-content\/uploads\/2023\/10\/kp50ia5-800x800.jpg 800w, https:\/\/www.polymerpacker.de\/wp-content\/uploads\/2023\/10\/kp50ia5-280x280.jpg 280w, https:\/\/www.polymerpacker.de\/wp-content\/uploads\/2023\/10\/kp50ia5-768x768.jpg 768w, https:\/\/www.polymerpacker.de\/wp-content\/uploads\/2023\/10\/kp50ia5-1536x1536.jpg 1536w, https:\/\/www.polymerpacker.de\/wp-content\/uploads\/2023\/10\/kp50ia5.jpg 2000w\" sizes=\"(max-width: 400px) 100vw, 400px\" \/><\/p>\n<p><img loading=\"lazy\" decoding=\"async\" class=\"size-medium wp-image-3595\" src=\"https:\/\/www.polymerpacker.de\/wp-content\/uploads\/2023\/10\/kp50ia6-400x400.jpg\" alt=\"Encolleuse en action Photo 6 sur 9\" width=\"400\" height=\"400\" srcset=\"https:\/\/www.polymerpacker.de\/wp-content\/uploads\/2023\/10\/kp50ia6-400x400.jpg 400w, https:\/\/www.polymerpacker.de\/wp-content\/uploads\/2023\/10\/kp50ia6-200x200.jpg 200w, https:\/\/www.polymerpacker.de\/wp-content\/uploads\/2023\/10\/kp50ia6-150x150.jpg 150w, https:\/\/www.polymerpacker.de\/wp-content\/uploads\/2023\/10\/kp50ia6-800x800.jpg 800w, https:\/\/www.polymerpacker.de\/wp-content\/uploads\/2023\/10\/kp50ia6-280x280.jpg 280w, https:\/\/www.polymerpacker.de\/wp-content\/uploads\/2023\/10\/kp50ia6-768x768.jpg 768w, https:\/\/www.polymerpacker.de\/wp-content\/uploads\/2023\/10\/kp50ia6-1536x1536.jpg 1536w, https:\/\/www.polymerpacker.de\/wp-content\/uploads\/2023\/10\/kp50ia6.jpg 2000w\" sizes=\"(max-width: 400px) 100vw, 400px\" \/><\/p>\n<p><span style=\"color: #000000;\"><strong>4.<\/strong> Obturer la fissure avec de la colle, retirer les clous en acier apr\u00e8s le durcissement de la colle et visser les nipples coniques dans les trous filet\u00e9s, mais ne pas encore les serrer.<br \/>\n<\/span><\/p>\n<p><img loading=\"lazy\" decoding=\"async\" class=\"size-medium wp-image-3597\" src=\"https:\/\/www.polymerpacker.de\/wp-content\/uploads\/2023\/10\/kp50iA8-400x400.jpg\" alt=\"Encolleuse en action Photo 8 sur 9\" width=\"400\" height=\"400\" srcset=\"https:\/\/www.polymerpacker.de\/wp-content\/uploads\/2023\/10\/kp50iA8-400x400.jpg 400w, https:\/\/www.polymerpacker.de\/wp-content\/uploads\/2023\/10\/kp50iA8-200x200.jpg 200w, https:\/\/www.polymerpacker.de\/wp-content\/uploads\/2023\/10\/kp50iA8-150x150.jpg 150w, https:\/\/www.polymerpacker.de\/wp-content\/uploads\/2023\/10\/kp50iA8-800x800.jpg 800w, https:\/\/www.polymerpacker.de\/wp-content\/uploads\/2023\/10\/kp50iA8-280x280.jpg 280w, https:\/\/www.polymerpacker.de\/wp-content\/uploads\/2023\/10\/kp50iA8-768x768.jpg 768w, https:\/\/www.polymerpacker.de\/wp-content\/uploads\/2023\/10\/kp50iA8-1536x1536.jpg 1536w, https:\/\/www.polymerpacker.de\/wp-content\/uploads\/2023\/10\/kp50iA8.jpg 2000w\" sizes=\"(max-width: 400px) 100vw, 400px\" \/><\/p>\n<p><span style=\"color: #000000;\"><strong>5.<\/strong> En commen\u00e7ant par le d\u00e9but de la fissure sur la premi\u00e8re garniture de colle, serrer le mamelon conique et injecter de la r\u00e9sine jusqu'\u00e0 ce que de la r\u00e9sine non moussante sorte de la deuxi\u00e8me garniture de colle entre le filetage de la garniture de colle et le mamelon conique. <\/span><span style=\"color: #000000;\">Serrer maintenant \u00e9galement l'embout conique de la deuxi\u00e8me garniture adh\u00e9sive et injecter de la r\u00e9sine jusqu'\u00e0 ce que de la r\u00e9sine non moussante sorte de la troisi\u00e8me garniture adh\u00e9sive entre le filetage de la garniture adh\u00e9sive et l'embout conique. <\/span><span style=\"color: #000000;\">Continuer ainsi dans l'ordre jusqu'\u00e0 ce que de la r\u00e9sine ait \u00e9t\u00e9 inject\u00e9e dans tous les packs de colle. Ensuite, injecter \u00e0 nouveau de la r\u00e9sine dans tous les packs de colle. <\/span><span style=\"color: #000000;\">Cette proc\u00e9dure vise \u00e0 expulser syst\u00e9matiquement l'air pr\u00e9sent dans la fissure et \u00e0 \u00e9viter les poches d'air.<\/span><\/p>\n<p><img loading=\"lazy\" decoding=\"async\" class=\"size-medium wp-image-3598\" src=\"https:\/\/www.polymerpacker.de\/wp-content\/uploads\/2023\/10\/kp50ia9-400x400.jpg\" alt=\"Encolleuse en action Photo 9 sur 9\" width=\"400\" height=\"400\" srcset=\"https:\/\/www.polymerpacker.de\/wp-content\/uploads\/2023\/10\/kp50ia9-400x400.jpg 400w, https:\/\/www.polymerpacker.de\/wp-content\/uploads\/2023\/10\/kp50ia9-200x200.jpg 200w, https:\/\/www.polymerpacker.de\/wp-content\/uploads\/2023\/10\/kp50ia9-150x150.jpg 150w, https:\/\/www.polymerpacker.de\/wp-content\/uploads\/2023\/10\/kp50ia9-800x800.jpg 800w, https:\/\/www.polymerpacker.de\/wp-content\/uploads\/2023\/10\/kp50ia9-280x280.jpg 280w, https:\/\/www.polymerpacker.de\/wp-content\/uploads\/2023\/10\/kp50ia9-768x768.jpg 768w, https:\/\/www.polymerpacker.de\/wp-content\/uploads\/2023\/10\/kp50ia9-1536x1536.jpg 1536w, https:\/\/www.polymerpacker.de\/wp-content\/uploads\/2023\/10\/kp50ia9.jpg 2000w\" sizes=\"(max-width: 400px) 100vw, 400px\" \/><\/p>\n<p><strong>Notre recommandation :<\/strong><\/p>\n<p><strong>Pour l'injection de fissures <\/strong><strong>viscosit\u00e9 la plus faible possible<\/strong> <strong>Utiliser des r\u00e9sines \u00e9poxy polyur\u00e9thane ou polyester \u00e0 une pression d'injection maximale d'environ 20 bars.<\/strong><strong> Pour le collage des packs de colle \u00e0 injection sur les surfaces en b\u00e9ton, le mortier composite polyester \u00e0 deux composants (colle d'ancrage) a fait ses preuves.<\/strong><\/p>","protected":false},"excerpt":{"rendered":"<h3><span style=\"color: #000000;\"><strong>Injecteur de colle KP50M8 - <\/strong><strong>Paquet adh\u00e9sif en plastique (renforc\u00e9 de fibres de verre) pour l'injection de fissures selon ZTV-RIS.<\/strong><\/span><\/h3>\n<p><span style=\"color: #000000;\">En plastique renforc\u00e9 de fibres de verre - tr\u00e8s robuste, surface adh\u00e9sive \u00d8 50 mm.<\/span><\/p>\n<h4><span style=\"color: #000000;\">Raccordement : Filetage int\u00e9rieur<strong> M8,<\/strong> passage libre \u00d8<strong> 6 mm.<\/strong><\/span><\/h4>","protected":false},"featured_media":3446,"template":"","meta":[],"product_brand":[],"product_cat":[205,42],"product_tag":[206,131],"class_list":{"0":"post-3449","1":"product","2":"type-product","3":"status-publish","4":"has-post-thumbnail","6":"product_cat-injektions-klebepacker","7":"product_cat-injektion-packer-pumpen","8":"product_tag-klebepacker","9":"product_tag-unsere-millionenfach-bewaehrten-produkte","11":"first","12":"instock","13":"taxable","14":"shipping-taxable","15":"purchasable","16":"product-type-simple"},"tiered_pricing_type":"percentage","tiered_pricing_fixed_rules":[],"tiered_pricing_product_settings":{"layout":"default","base_unit_name":{"singular":null,"plural":null},"default_variation":null},"tiered_pricing_minimum_quantity":10,"tiered_pricing_roles_data":[],"tiered_pricing_percentage_rules":{"100":5,"1000":8,"2000":10,"5000":12},"tiered_pricing_maximum_quantity":null,"tiered_pricing_quantity_step":null,"_links":{"self":[{"href":"https:\/\/www.polymerpacker.de\/fr\/wp-json\/wp\/v2\/product\/3449","targetHints":{"allow":["GET"]}}],"collection":[{"href":"https:\/\/www.polymerpacker.de\/fr\/wp-json\/wp\/v2\/product"}],"about":[{"href":"https:\/\/www.polymerpacker.de\/fr\/wp-json\/wp\/v2\/types\/product"}],"wp:featuredmedia":[{"embeddable":true,"href":"https:\/\/www.polymerpacker.de\/fr\/wp-json\/wp\/v2\/media\/3446"}],"wp:attachment":[{"href":"https:\/\/www.polymerpacker.de\/fr\/wp-json\/wp\/v2\/media?parent=3449"}],"wp:term":[{"taxonomy":"product_brand","embeddable":true,"href":"https:\/\/www.polymerpacker.de\/fr\/wp-json\/wp\/v2\/product_brand?post=3449"},{"taxonomy":"product_cat","embeddable":true,"href":"https:\/\/www.polymerpacker.de\/fr\/wp-json\/wp\/v2\/product_cat?post=3449"},{"taxonomy":"product_tag","embeddable":true,"href":"https:\/\/www.polymerpacker.de\/fr\/wp-json\/wp\/v2\/product_tag?post=3449"}],"curies":[{"name":"wp","href":"https:\/\/api.w.org\/{rel}","templated":true}]}}