{"id":3448,"date":"2023-09-17T18:41:57","date_gmt":"2023-09-17T16:41:57","guid":{"rendered":"https:\/\/www.polymerpacker.de\/?post_type=product&#038;p=3448"},"modified":"2026-04-15T16:00:59","modified_gmt":"2026-04-15T14:00:59","slug":"raccord-conique-m8","status":"publish","type":"product","link":"https:\/\/www.polymerpacker.de\/fr\/produkt\/kegelnippel-m8\/","title":{"rendered":"Mamelon conique M8"},"content":{"rendered":"<p><span style=\"color: #000000;\"><span style=\"font-family: Arial, sans-serif;\"><span style=\"font-size: medium;\"><b>Syst\u00e8me de raccordement standard pour packer \u00e0 injection.<\/b><\/span><\/span><\/span><\/p>\n<p><span style=\"color: #000000;\"><span style=\"font-family: Arial, sans-serif;\"><span style=\"font-size: medium;\">Utilisable pour l'injection de r\u00e9sine \u00e9poxy, de r\u00e9sine polyur\u00e9thane, de gel d'acrylate, d'\u00e9mulsion de silicone, de cr\u00e8me de silicate. <strong>Pour des pressions d'injection maximales allant jusqu'\u00e0 250 bars.<\/strong> <\/span><\/span><\/span><\/p>","protected":false},"excerpt":{"rendered":"<h3><span style=\"color: #000000;\"><strong>Mamelon conique KNM8<\/strong><\/span><\/h3>\n<p><span style=\"color: #000000;\"><strong>Mamelon conique en acier DIN 71412<\/strong> avec clapet anti-retour. Pression d'ouverture env. <strong>10 bar.<\/strong><\/span><\/p>\n<h4><span style=\"color: #000000;\">Connexion : <strong>Filetage ext\u00e9rieur M8, <\/strong>Longueur du filetage<strong> 6 mm, <\/strong>Cl\u00e9 de 9<strong> mm.<\/strong><\/span><\/h4>","protected":false},"featured_media":3445,"template":"","meta":[],"product_brand":[],"product_cat":[42,121],"product_tag":[206,122],"class_list":{"0":"post-3448","1":"product","2":"type-product","3":"status-publish","4":"has-post-thumbnail","6":"product_cat-injektion-packer-pumpen","7":"product_cat-injektionspacker-anschliessen","8":"product_tag-klebepacker","9":"product_tag-injektionspacker-an-pumpen-anschliessen","11":"first","12":"instock","13":"taxable","14":"shipping-taxable","15":"purchasable","16":"product-type-simple"},"tiered_pricing_type":"percentage","tiered_pricing_fixed_rules":{"100":5,"1000":10},"tiered_pricing_product_settings":{"layout":"default","base_unit_name":{"singular":null,"plural":null},"default_variation":null},"tiered_pricing_minimum_quantity":10,"tiered_pricing_roles_data":[],"tiered_pricing_percentage_rules":{"100":5,"1000":8},"tiered_pricing_maximum_quantity":null,"tiered_pricing_quantity_step":null,"_links":{"self":[{"href":"https:\/\/www.polymerpacker.de\/fr\/wp-json\/wp\/v2\/product\/3448","targetHints":{"allow":["GET"]}}],"collection":[{"href":"https:\/\/www.polymerpacker.de\/fr\/wp-json\/wp\/v2\/product"}],"about":[{"href":"https:\/\/www.polymerpacker.de\/fr\/wp-json\/wp\/v2\/types\/product"}],"wp:featuredmedia":[{"embeddable":true,"href":"https:\/\/www.polymerpacker.de\/fr\/wp-json\/wp\/v2\/media\/3445"}],"wp:attachment":[{"href":"https:\/\/www.polymerpacker.de\/fr\/wp-json\/wp\/v2\/media?parent=3448"}],"wp:term":[{"taxonomy":"product_brand","embeddable":true,"href":"https:\/\/www.polymerpacker.de\/fr\/wp-json\/wp\/v2\/product_brand?post=3448"},{"taxonomy":"product_cat","embeddable":true,"href":"https:\/\/www.polymerpacker.de\/fr\/wp-json\/wp\/v2\/product_cat?post=3448"},{"taxonomy":"product_tag","embeddable":true,"href":"https:\/\/www.polymerpacker.de\/fr\/wp-json\/wp\/v2\/product_tag?post=3448"}],"curies":[{"name":"wp","href":"https:\/\/api.w.org\/{rel}","templated":true}]}}