{"id":3187,"date":"2023-04-28T19:19:57","date_gmt":"2023-04-28T17:19:57","guid":{"rendered":"https:\/\/www.polymerpacker.de\/?post_type=product&#038;p=3187"},"modified":"2026-04-15T16:00:59","modified_gmt":"2026-04-15T14:00:59","slug":"dissolveur-100-mm-avec-arbre-en-acier-inoxydable-500-mm","status":"publish","type":"product","link":"https:\/\/www.polymerpacker.de\/fr\/produkt\/dissolver-100-mm-mit-edelstahlwelle-500-mm\/","title":{"rendered":"Disperseur 100 mm avec arbre en acier inoxydable 500 mm"},"content":{"rendered":"<p lang=\"zxx\"><span style=\"color: #000000;\"><b>Polymerpacker Dissolveur <\/b>(m\u00e9langeurs \u00e0 disques) sont des outils tr\u00e8s efficaces avec d'excellentes propri\u00e9t\u00e9s de m\u00e9lange pour obtenir des consistances tr\u00e8s homog\u00e8nes. La faible formation d'\u00e9claboussures, la faible p\u00e9n\u00e9tration d'air dans le produit m\u00e9lang\u00e9 (formation de bulles) et la facilit\u00e9 de d\u00e9montage permettent un travail efficace et propre avec une productivit\u00e9 \u00e9lev\u00e9e.<strong> Polymerpacker - parce qu'un bon travail commence par un bon outil.<\/strong><\/span><\/p>\n<p lang=\"zxx\"><span style=\"color: #000000;\"><b>Exemples d'applications : <\/b> M\u00e9lange, agitation et dispersion de liquides et de suspensions (p\u00e2tes) comme les peintures, les vernis, les colles, les m\u00e9langes de r\u00e9sines synth\u00e9tiques, divers enduits, le pl\u00e2tre, les enduits de chaux, de ciment ou d'argile. M\u00e9lange de poudres s\u00e8ches et fluides, de granul\u00e9s et de sables de densit\u00e9 moyenne.<\/span><\/p>\n<p><span style=\"color: #000000;\"><b>Polymerpacker Dissolveur<\/b> sont disponibles avec des disques de dispersion de 45, 75, 100 et 150 mm de diam\u00e8tre. Ils peuvent \u00eatre combin\u00e9s avec un grand choix d'arbres de disperseur, ce qui permet de couvrir d'innombrables domaines d'application. Le disque de dispersion se monte et se d\u00e9monte rapidement et facilement sur l'arbre de dispersion correspondant. Les machines d'entra\u00eenement les plus appropri\u00e9es sont les perceuses courantes.<\/span><\/p>\n<h3><span style=\"color: #000000;\"><b><strong>Notre disperseur 100 mm est un produit qui a fait ses preuves des millions de fois. Produit par nos soins depuis 2016.<\/strong><\/b><\/span><\/h3>","protected":false},"excerpt":{"rendered":"<h3><span style=\"color: #000000;\"><strong>Disperseur 100 mm avec arbre en acier inoxydable 500 mm<\/strong><\/span><\/h3>\n<p><span style=\"color: #000000;\"><strong>Arbre de dispersion de 500 mm de long, en acier inoxydable hexagonal de 10 mm de diam\u00e8tre<\/strong><\/span><\/p>","protected":false},"featured_media":3066,"template":"","meta":[],"product_brand":[],"product_cat":[219],"product_tag":[127],"class_list":{"0":"post-3187","1":"product","2":"type-product","3":"status-publish","4":"has-post-thumbnail","6":"product_cat-dissolver-100-mm-mit-edelstahlwelle","7":"product_tag-dissolver","9":"first","10":"instock","11":"taxable","12":"shipping-taxable","13":"purchasable","14":"product-type-simple"},"tiered_pricing_type":"percentage","tiered_pricing_fixed_rules":[],"tiered_pricing_product_settings":{"layout":"table","base_unit_name":{"singular":null,"plural":null},"default_variation":null},"tiered_pricing_minimum_quantity":null,"tiered_pricing_roles_data":[],"tiered_pricing_percentage_rules":{"5":3,"10":5,"25":8},"tiered_pricing_maximum_quantity":null,"tiered_pricing_quantity_step":null,"_links":{"self":[{"href":"https:\/\/www.polymerpacker.de\/fr\/wp-json\/wp\/v2\/product\/3187","targetHints":{"allow":["GET"]}}],"collection":[{"href":"https:\/\/www.polymerpacker.de\/fr\/wp-json\/wp\/v2\/product"}],"about":[{"href":"https:\/\/www.polymerpacker.de\/fr\/wp-json\/wp\/v2\/types\/product"}],"wp:featuredmedia":[{"embeddable":true,"href":"https:\/\/www.polymerpacker.de\/fr\/wp-json\/wp\/v2\/media\/3066"}],"wp:attachment":[{"href":"https:\/\/www.polymerpacker.de\/fr\/wp-json\/wp\/v2\/media?parent=3187"}],"wp:term":[{"taxonomy":"product_brand","embeddable":true,"href":"https:\/\/www.polymerpacker.de\/fr\/wp-json\/wp\/v2\/product_brand?post=3187"},{"taxonomy":"product_cat","embeddable":true,"href":"https:\/\/www.polymerpacker.de\/fr\/wp-json\/wp\/v2\/product_cat?post=3187"},{"taxonomy":"product_tag","embeddable":true,"href":"https:\/\/www.polymerpacker.de\/fr\/wp-json\/wp\/v2\/product_tag?post=3187"}],"curies":[{"name":"wp","href":"https:\/\/api.w.org\/{rel}","templated":true}]}}