{"id":3116,"date":"2023-04-25T12:08:11","date_gmt":"2023-04-25T10:08:11","guid":{"rendered":"https:\/\/www.polymerpacker.de\/?post_type=product&#038;p=3116"},"modified":"2026-04-15T16:01:00","modified_gmt":"2026-04-15T14:01:00","slug":"dissolveur-45-mm-pour-lalimentaire-et-la-technique-medicale-avec-arbre-en-acier-inoxydable-200-mm","status":"publish","type":"product","link":"https:\/\/www.polymerpacker.de\/fr\/produkt\/dissolver-45-mm-fuer-lebensmittel-und-medizintechnik-mit-edelstahlwelle-200-mm\/","title":{"rendered":"Disperseur 45 mm pour l'alimentaire et le m\u00e9dical avec arbre en acier inoxydable 200 mm"},"content":{"rendered":"<p><span style=\"color: #000000;\"><strong>Polymerpacker Dissolveur<\/strong> sont des outils tr\u00e8s efficaces avec d'excellentes propri\u00e9t\u00e9s de m\u00e9lange pour obtenir des consistances tr\u00e8s homog\u00e8nes. La faible formation d'\u00e9claboussures, la faible p\u00e9n\u00e9tration d'air dans le m\u00e9lange (formation de bulles) et la facilit\u00e9 de d\u00e9montage permettent un travail efficace et propre avec une productivit\u00e9 \u00e9lev\u00e9e. <strong>Polymerpacker, parce que le bon travail commence par de bons outils<\/strong>.<\/span><\/p>\n<p><span style=\"color: #000000;\">Pour les Polymerpacker <strong>Disperseurs pour l'alimentaire et le m\u00e9dical<\/strong> les disques de dispersion sont fabriqu\u00e9s en polyamide conforme aux exigences de la FDA (US - Food and Drug Administration) et de l'UE (n\u00b0 10\/2011). Les arbres de disperseur sont en acier inoxydable (mat\u00e9riau : 1.4305). Les arbres de disperseur en acier inoxydable (mat\u00e9riau : 1.4404 \/ 316L) sont disponibles sur demande. Sur demande, vous pouvez obtenir gratuitement des certificats d'essai de tous les mat\u00e9riaux utilis\u00e9s.<\/span><\/p>\n<p><span style=\"color: #000000;\"><strong>Exemples d'applications alimentaires<\/strong>: M\u00e9langer, agiter et disperser des liquides et des suspensions (cr\u00e8mes, p\u00e2tes, sauces). Convient tr\u00e8s bien pour les produits \u00e0 base de p\u00e2te, les p\u00e2tes \u00e0 saucisses, les produits laitiers, la fabrication de boissons.<\/span><\/p>\n<p><span style=\"color: #000000;\"><strong>Exemples d'applications m\u00e9dicales<\/strong>: M\u00e9langer, agiter et disperser des liquides et des suspensions (cr\u00e8mes, pommades, p\u00e2tes, lotions, \u00e9mulsions) tels que des d\u00e9sinfectants, des produits de soin de la peau, des produits capillaires, des m\u00e9dicaments liquides ou en poudre et des compl\u00e9ments alimentaires.<\/span><\/p>","protected":false},"excerpt":{"rendered":"<h3><span style=\"color: #000000;\"><strong>Disperseur 45 mm pour l'alimentaire et le m\u00e9dical avec arbre en acier inoxydable 200 mm<\/strong><\/span><\/h3>\n<p><span style=\"color: #000000;\">Arbre de dispersion de 200 mm de long, en acier inoxydable hexagonal de 8 mm.<\/span><\/p>","protected":false},"featured_media":3095,"template":"","meta":[],"product_brand":[],"product_cat":[135,213],"product_tag":[127],"class_list":{"0":"post-3116","1":"product","2":"type-product","3":"status-publish","4":"has-post-thumbnail","6":"product_cat-dissolver-fuer-lebensmittel-und-medizintechnik","7":"product_cat-dissolver-45-mm-fuer-lebensmittel-und-medizintechnik","8":"product_tag-dissolver","10":"first","11":"instock","12":"taxable","13":"shipping-taxable","14":"purchasable","15":"product-type-simple"},"tiered_pricing_type":"percentage","tiered_pricing_fixed_rules":[],"tiered_pricing_product_settings":{"layout":"table","base_unit_name":{"singular":null,"plural":null},"default_variation":null},"tiered_pricing_minimum_quantity":null,"tiered_pricing_roles_data":[],"tiered_pricing_percentage_rules":{"5":3,"10":5,"25":8},"tiered_pricing_maximum_quantity":null,"tiered_pricing_quantity_step":null,"_links":{"self":[{"href":"https:\/\/www.polymerpacker.de\/fr\/wp-json\/wp\/v2\/product\/3116","targetHints":{"allow":["GET"]}}],"collection":[{"href":"https:\/\/www.polymerpacker.de\/fr\/wp-json\/wp\/v2\/product"}],"about":[{"href":"https:\/\/www.polymerpacker.de\/fr\/wp-json\/wp\/v2\/types\/product"}],"wp:featuredmedia":[{"embeddable":true,"href":"https:\/\/www.polymerpacker.de\/fr\/wp-json\/wp\/v2\/media\/3095"}],"wp:attachment":[{"href":"https:\/\/www.polymerpacker.de\/fr\/wp-json\/wp\/v2\/media?parent=3116"}],"wp:term":[{"taxonomy":"product_brand","embeddable":true,"href":"https:\/\/www.polymerpacker.de\/fr\/wp-json\/wp\/v2\/product_brand?post=3116"},{"taxonomy":"product_cat","embeddable":true,"href":"https:\/\/www.polymerpacker.de\/fr\/wp-json\/wp\/v2\/product_cat?post=3116"},{"taxonomy":"product_tag","embeddable":true,"href":"https:\/\/www.polymerpacker.de\/fr\/wp-json\/wp\/v2\/product_tag?post=3116"}],"curies":[{"name":"wp","href":"https:\/\/api.w.org\/{rel}","templated":true}]}}