{"id":2827,"date":"2022-12-04T20:24:54","date_gmt":"2022-12-04T19:24:54","guid":{"rendered":"https:\/\/www.polymerpacker.de\/?post_type=product&#038;p=2827"},"modified":"2026-04-15T16:01:02","modified_gmt":"2026-04-15T14:01:02","slug":"colle-polymere-acrylique-seringue-dinjection","status":"publish","type":"product","link":"https:\/\/www.polymerpacker.de\/fr\/produkt\/acrylpolymer-kleber-injektionsspritze\/","title":{"rendered":"Colle polym\u00e8re acrylique en seringue hypodermique de 30 ml"},"content":{"rendered":"<h2>Colle polym\u00e8re acrylique en seringue hypodermique de 30 ml<\/h2>\n<p><span style=\"color: #000000;\"><strong>Caract\u00e9ristiques du produit<\/strong><\/span><\/p>\n<p><span style=\"color: #000000;\">Produit monocomposant, pr\u00eat \u00e0 l'emploi, tr\u00e8s concentr\u00e9 et sans solvant. <strong>Emulsion de polym\u00e8res acryliques<\/strong> avec un excellent pouvoir de liaison et d'adh\u00e9rence sur les surfaces min\u00e9rales. La faible viscosit\u00e9 et la faible tension superficielle de l'\u00e9mulsion de polym\u00e8re acrylique permettent une p\u00e9n\u00e9tration tr\u00e8s profonde dans les fissures et les pores les plus fins.<\/span><\/p>\n<p><span style=\"color: #000000;\"><strong>Exemples d'application<\/strong><\/span><\/p>\n<p><span style=\"color: #000000;\">Convient tr\u00e8s bien pour le remplissage et l'obturation par adh\u00e9rence de cavit\u00e9s, fissures et fissures capillaires dans les \u00e9l\u00e9ments de construction en b\u00e9ton, cr\u00e9pi et chape. Ainsi que les briques et les carreaux en c\u00e9ramique, terre cuite, terrazzo, pierre naturelle ou artificielle sur les sols et les murs \u00e0 l'int\u00e9rieur et \u00e0 l'ext\u00e9rieur.<\/span><\/p>\n<h4><b><span style=\"color: #000000;\">Pour plus d'informations et de consignes de s\u00e9curit\u00e9, vous pouvez t\u00e9l\u00e9charger ici la fiche technique de ce produit.<\/span> <\/b><\/h4>\n<p><a href=\"https:\/\/www.polymerpacker.de\/wp-content\/uploads\/2022\/12\/Polymerpacker-TM-BC-APE-DE.pdf\"><img fetchpriority=\"high\" decoding=\"async\" class=\"size-medium wp-image-1504\" src=\"https:\/\/www.polymerpacker.de\/wp-content\/uploads\/2020\/08\/PDF-DOWNLOAD-250x400.jpg\" alt=\"Cliquez pour t\u00e9l\u00e9charger le pdf\" width=\"250\" height=\"400\" srcset=\"https:\/\/www.polymerpacker.de\/wp-content\/uploads\/2020\/08\/PDF-DOWNLOAD-250x400.jpg 250w, https:\/\/www.polymerpacker.de\/wp-content\/uploads\/2020\/08\/PDF-DOWNLOAD-200x320.jpg 200w, https:\/\/www.polymerpacker.de\/wp-content\/uploads\/2020\/08\/PDF-DOWNLOAD-scaled-150x240.jpg 150w, https:\/\/www.polymerpacker.de\/wp-content\/uploads\/2020\/08\/PDF-DOWNLOAD-400x640.jpg 400w, https:\/\/www.polymerpacker.de\/wp-content\/uploads\/2020\/08\/PDF-DOWNLOAD-500x800.jpg 500w, https:\/\/www.polymerpacker.de\/wp-content\/uploads\/2020\/08\/PDF-DOWNLOAD-768x1228.jpg 768w, https:\/\/www.polymerpacker.de\/wp-content\/uploads\/2020\/08\/PDF-DOWNLOAD-961x1536.jpg 961w, https:\/\/www.polymerpacker.de\/wp-content\/uploads\/2020\/08\/PDF-DOWNLOAD-1281x2048.jpg 1281w, https:\/\/www.polymerpacker.de\/wp-content\/uploads\/2020\/08\/PDF-DOWNLOAD-scaled.jpg 1601w\" sizes=\"(max-width: 250px) 100vw, 250px\" \/><\/a><\/p>","protected":false},"excerpt":{"rendered":"<p>Acrylpolymer- Kleber in 30 ml Injektionsspritze Produkteigenschaften Gebrauchsfertige, hochkonzentrierte, ein-komponentige und l\u00f6semittelfreie Acrylpolymer- Emulsion mit exzellentem Binde und Haftverm\u00f6gen an mineralischen Oberfl\u00e4chen. Die niedrige Viskosit\u00e4t und geringe Oberfl\u00e4chenspannung der Acrylpolymer- Emulsion erm\u00f6glichen ein sehr tiefes eindringen in feinste Risse und Poren. Anwendungsbeispiele Sehr gut geeignet zum kraftschl\u00fcssigen Verf\u00fcllen und Verschlie\u00dfen von Hohlstellen, Rissen und Haarrissen [&hellip;]<\/p>\n","protected":false},"featured_media":2819,"template":"","meta":[],"product_brand":[],"product_cat":[209],"product_tag":[210],"class_list":{"0":"post-2827","1":"product","2":"type-product","3":"status-publish","4":"has-post-thumbnail","6":"product_cat-fliesen-reparatur-set","7":"product_tag-fliesen-reparatur","9":"first","10":"instock","11":"taxable","12":"shipping-taxable","13":"purchasable","14":"product-type-simple"},"tiered_pricing_type":"percentage","tiered_pricing_fixed_rules":[],"tiered_pricing_product_settings":{"layout":"default","base_unit_name":{"singular":null,"plural":null},"default_variation":null},"tiered_pricing_minimum_quantity":null,"tiered_pricing_roles_data":[],"tiered_pricing_percentage_rules":{"5":5,"10":8},"tiered_pricing_maximum_quantity":null,"tiered_pricing_quantity_step":null,"_links":{"self":[{"href":"https:\/\/www.polymerpacker.de\/fr\/wp-json\/wp\/v2\/product\/2827","targetHints":{"allow":["GET"]}}],"collection":[{"href":"https:\/\/www.polymerpacker.de\/fr\/wp-json\/wp\/v2\/product"}],"about":[{"href":"https:\/\/www.polymerpacker.de\/fr\/wp-json\/wp\/v2\/types\/product"}],"wp:featuredmedia":[{"embeddable":true,"href":"https:\/\/www.polymerpacker.de\/fr\/wp-json\/wp\/v2\/media\/2819"}],"wp:attachment":[{"href":"https:\/\/www.polymerpacker.de\/fr\/wp-json\/wp\/v2\/media?parent=2827"}],"wp:term":[{"taxonomy":"product_brand","embeddable":true,"href":"https:\/\/www.polymerpacker.de\/fr\/wp-json\/wp\/v2\/product_brand?post=2827"},{"taxonomy":"product_cat","embeddable":true,"href":"https:\/\/www.polymerpacker.de\/fr\/wp-json\/wp\/v2\/product_cat?post=2827"},{"taxonomy":"product_tag","embeddable":true,"href":"https:\/\/www.polymerpacker.de\/fr\/wp-json\/wp\/v2\/product_tag?post=2827"}],"curies":[{"name":"wp","href":"https:\/\/api.w.org\/{rel}","templated":true}]}}