{"id":275,"date":"2019-04-15T16:05:34","date_gmt":"2019-04-15T16:05:34","guid":{"rendered":"http:\/\/b38jwy.myraidbox.de\/?post_type=product&#038;p=275"},"modified":"2026-04-21T10:10:24","modified_gmt":"2026-04-21T08:10:24","slug":"moniteur-de-fissures-rma-pour-documenter-les-fissures","status":"publish","type":"product","link":"https:\/\/www.polymerpacker.de\/fr\/produkt\/rissmonitor-rma-zum-dokumentieren-von-rissen\/","title":{"rendered":"Moniteur de fissures RMA pour documenter les fissures"},"content":{"rendered":"<h2>Moniteur de fissures RMA pour documenter les fissures<\/h2>\n<p><span style=\"color: #000000; font-size: 100%;\">Moniteur de fissures pour la saisie analogique et num\u00e9rique des modifications de la largeur des fissures et des joints sur les ouvrages, par mesure diff\u00e9rentielle. Gr\u00e2ce \u00e0 la disposition du r\u00e9ticule (rouge) au-dessus de l'\u00e9chelle \u00e0 traits (noire), les modifications sont directement lisibles. Le moniteur de fissures peut \u00eatre mont\u00e9 rapidement et facilement, m\u00eame sur des fissures larges ou des joints de construction planifi\u00e9s, \u00e0 l'aide d'une colle appropri\u00e9e ou des vis en acier inoxydable et des chevilles fournies. <\/span><span style=\"color: #000000; font-size: 100%;\">Gr\u00e2ce \u00e0 des photos r\u00e9guli\u00e8res avec la position du r\u00e9ticule au-dessus de l'\u00e9chelle des traits, les modifications de la largeur des fissures et des joints peuvent \u00eatre document\u00e9es de mani\u00e8re simple, rapide et pr\u00e9cise. <\/span><\/p>\n<p><span style=\"color: #000000; font-size: 100%;\">Le set de moniteurs de fissures se compose d'une pi\u00e8ce de moniteur de fissures en version robuste pour l'ext\u00e9rieur, de 4 vis en acier inoxydable DIN 7981 4,2 x 32 mm, de 4 rondelles 4 x 12 mm, de 4 chevilles Fischer UX 6 mm.<\/span><\/p>\n<p><span style=\"color: #000000; font-size: 100%;\"><span style=\"font-family: Arial, sans-serif;\"><b><span style=\"color: #282828;\"><span style=\"color: #000000;\">Pour plus d'informations et de consignes de s\u00e9curit\u00e9, vous pouvez t\u00e9l\u00e9charger ici la fiche technique de ce produit.<\/span> <\/span> <\/b><\/span><\/span><\/p>\n<p><a href=\"https:\/\/www.polymerpacker.de\/wp-content\/uploads\/2022\/02\/Polymerpacker-TM-RMA-DE-EN-FR-ES-IT-NL.pdf\"><img fetchpriority=\"high\" decoding=\"async\" class=\"alignnone wp-image-1504 size-medium\" src=\"https:\/\/www.polymerpacker.de\/wp-content\/uploads\/2020\/08\/PDF-DOWNLOAD-250x400.jpg\" alt=\"\" width=\"250\" height=\"400\" srcset=\"https:\/\/www.polymerpacker.de\/wp-content\/uploads\/2020\/08\/PDF-DOWNLOAD-250x400.jpg 250w, https:\/\/www.polymerpacker.de\/wp-content\/uploads\/2020\/08\/PDF-DOWNLOAD-200x320.jpg 200w, https:\/\/www.polymerpacker.de\/wp-content\/uploads\/2020\/08\/PDF-DOWNLOAD-scaled-150x240.jpg 150w, https:\/\/www.polymerpacker.de\/wp-content\/uploads\/2020\/08\/PDF-DOWNLOAD-400x640.jpg 400w, https:\/\/www.polymerpacker.de\/wp-content\/uploads\/2020\/08\/PDF-DOWNLOAD-500x800.jpg 500w, https:\/\/www.polymerpacker.de\/wp-content\/uploads\/2020\/08\/PDF-DOWNLOAD-768x1228.jpg 768w, https:\/\/www.polymerpacker.de\/wp-content\/uploads\/2020\/08\/PDF-DOWNLOAD-961x1536.jpg 961w, https:\/\/www.polymerpacker.de\/wp-content\/uploads\/2020\/08\/PDF-DOWNLOAD-1281x2048.jpg 1281w, https:\/\/www.polymerpacker.de\/wp-content\/uploads\/2020\/08\/PDF-DOWNLOAD-scaled.jpg 1601w\" sizes=\"(max-width: 250px) 100vw, 250px\" \/><\/a><\/p>","protected":false},"excerpt":{"rendered":"<h3><span style=\"color: #000000;\">Moniteur de fissures RMA pour documenter les fissures<\/span><\/h3>\n<p><span style=\"color: #000000;\">\u00e0 visser ou \u00e0 coller, <\/span><span style=\"color: #000000;\">Version robuste pour l'ext\u00e9rieur, <\/span><span style=\"color: #000000;\"><strong>Kit de vis de fixation en acier inoxydable inclus.<\/strong><\/span><\/p>","protected":false},"featured_media":1376,"template":"","meta":[],"product_brand":[],"product_cat":[82],"product_tag":[86],"class_list":{"0":"post-275","1":"product","2":"type-product","3":"status-publish","4":"has-post-thumbnail","6":"product_cat-rissmonitor","7":"product_tag-rissmonitor","9":"first","10":"instock","11":"taxable","12":"shipping-taxable","13":"purchasable","14":"product-type-simple"},"tiered_pricing_type":"percentage","tiered_pricing_fixed_rules":{"5":15.75,"10":14.5,"25":13.7},"tiered_pricing_product_settings":{"layout":"table","base_unit_name":{"singular":null,"plural":null},"default_variation":null},"tiered_pricing_minimum_quantity":null,"tiered_pricing_roles_data":[],"tiered_pricing_percentage_rules":{"5":5,"10":8},"tiered_pricing_maximum_quantity":null,"tiered_pricing_quantity_step":null,"_links":{"self":[{"href":"https:\/\/www.polymerpacker.de\/fr\/wp-json\/wp\/v2\/product\/275","targetHints":{"allow":["GET"]}}],"collection":[{"href":"https:\/\/www.polymerpacker.de\/fr\/wp-json\/wp\/v2\/product"}],"about":[{"href":"https:\/\/www.polymerpacker.de\/fr\/wp-json\/wp\/v2\/types\/product"}],"wp:featuredmedia":[{"embeddable":true,"href":"https:\/\/www.polymerpacker.de\/fr\/wp-json\/wp\/v2\/media\/1376"}],"wp:attachment":[{"href":"https:\/\/www.polymerpacker.de\/fr\/wp-json\/wp\/v2\/media?parent=275"}],"wp:term":[{"taxonomy":"product_brand","embeddable":true,"href":"https:\/\/www.polymerpacker.de\/fr\/wp-json\/wp\/v2\/product_brand?post=275"},{"taxonomy":"product_cat","embeddable":true,"href":"https:\/\/www.polymerpacker.de\/fr\/wp-json\/wp\/v2\/product_cat?post=275"},{"taxonomy":"product_tag","embeddable":true,"href":"https:\/\/www.polymerpacker.de\/fr\/wp-json\/wp\/v2\/product_tag?post=275"}],"curies":[{"name":"wp","href":"https:\/\/api.w.org\/{rel}","templated":true}]}}