{"id":2685,"date":"2022-09-25T20:33:35","date_gmt":"2022-09-25T18:33:35","guid":{"rendered":"https:\/\/www.polymerpacker.de\/?post_type=product&#038;p=2685"},"modified":"2026-04-15T16:00:59","modified_gmt":"2026-04-15T14:00:59","slug":"clou-en-acier-2-x-50-mm","status":"publish","type":"product","link":"https:\/\/www.polymerpacker.de\/fr\/produkt\/stahlnagel-2-x-50-mm\/","title":{"rendered":"Clou en acier 2 x 50 mm"},"content":{"rendered":"<h3><span style=\"color: #000000;\">Clou en acier 2 x 50 mm<\/span><\/h3>\n<p><span style=\"color: #000000;\"><strong>Clou en acier 2 x 50 mm <\/strong>pour la pr\u00e9paration professionnelle de canaux d'injection lors de la pose de packs de colle pour injection selon<strong> ZTV-RIS.<\/strong> Les clous en acier enfonc\u00e9s emp\u00eachent que les canaux d'injection soient obstru\u00e9s par la colle lors du collage des packs de colle.<\/span><\/p>","protected":false},"excerpt":{"rendered":"<h3><span style=\"color: #000000;\"><strong>KPN2-50 - <\/strong><strong>Clou en acier 2 x 50 mm <\/strong>pour l'application correcte de packs de colle pour injection selon<strong> ZTV-RIS.<\/strong><\/span><\/h3>","protected":false},"featured_media":2667,"template":"","meta":[],"product_brand":[],"product_cat":[42,205],"product_tag":[206],"class_list":{"0":"post-2685","1":"product","2":"type-product","3":"status-publish","4":"has-post-thumbnail","6":"product_cat-injektion-packer-pumpen","7":"product_cat-injektions-klebepacker","8":"product_tag-klebepacker","10":"first","11":"instock","12":"taxable","13":"shipping-taxable","14":"purchasable","15":"product-type-simple"},"tiered_pricing_type":"percentage","tiered_pricing_fixed_rules":[],"tiered_pricing_product_settings":{"layout":"default","base_unit_name":{"singular":null,"plural":null},"default_variation":null},"tiered_pricing_minimum_quantity":100,"tiered_pricing_roles_data":[],"tiered_pricing_percentage_rules":{"1000":5},"tiered_pricing_maximum_quantity":null,"tiered_pricing_quantity_step":null,"_links":{"self":[{"href":"https:\/\/www.polymerpacker.de\/fr\/wp-json\/wp\/v2\/product\/2685","targetHints":{"allow":["GET"]}}],"collection":[{"href":"https:\/\/www.polymerpacker.de\/fr\/wp-json\/wp\/v2\/product"}],"about":[{"href":"https:\/\/www.polymerpacker.de\/fr\/wp-json\/wp\/v2\/types\/product"}],"wp:featuredmedia":[{"embeddable":true,"href":"https:\/\/www.polymerpacker.de\/fr\/wp-json\/wp\/v2\/media\/2667"}],"wp:attachment":[{"href":"https:\/\/www.polymerpacker.de\/fr\/wp-json\/wp\/v2\/media?parent=2685"}],"wp:term":[{"taxonomy":"product_brand","embeddable":true,"href":"https:\/\/www.polymerpacker.de\/fr\/wp-json\/wp\/v2\/product_brand?post=2685"},{"taxonomy":"product_cat","embeddable":true,"href":"https:\/\/www.polymerpacker.de\/fr\/wp-json\/wp\/v2\/product_cat?post=2685"},{"taxonomy":"product_tag","embeddable":true,"href":"https:\/\/www.polymerpacker.de\/fr\/wp-json\/wp\/v2\/product_tag?post=2685"}],"curies":[{"name":"wp","href":"https:\/\/api.w.org\/{rel}","templated":true}]}}