{"id":2683,"date":"2022-09-25T20:13:23","date_gmt":"2022-09-25T18:13:23","guid":{"rendered":"https:\/\/www.polymerpacker.de\/?post_type=product&#038;p=2683"},"modified":"2026-04-15T16:00:59","modified_gmt":"2026-04-15T14:00:59","slug":"angle-dinjection-packer-adhesif-kpwr14m6","status":"publish","type":"product","link":"https:\/\/www.polymerpacker.de\/fr\/produkt\/injektions-winkel-klebepacker-kpwr14m6\/","title":{"rendered":"Injecteur de colle \u00e0 angle droit KPWR14M6"},"content":{"rendered":"<h2><span style=\"color: #000000;\"><strong>Injecteur de colle \u00e0 angle droit KPWR14M6<\/strong><\/span><\/h2>\n<p><span style=\"color: #000000;\"> pour le collage sur les surfaces d'\u00e9l\u00e9ments de construction dans lesquels il n'est pas souhait\u00e9 ou autoris\u00e9 de percer des trous pour l'injection de fissures <strong>(ZTV-RIS).<\/strong><\/span><\/p>\n<p><span style=\"color: #000000;\"><strong>Exemples d'utilisation : <\/strong>Injection de fissures sur des \u00e9l\u00e9ments de construction en b\u00e9ton pr\u00e9contraint, en b\u00e9ton avec armature dense ou sur des \u00e9l\u00e9ments en b\u00e9ton apparent. Utilisable pour l'injection de r\u00e9sine \u00e9poxy, de r\u00e9sine polyur\u00e9thane, de r\u00e9sine polyester.<\/span><\/p>\n<p><span style=\"color: #000000;\"><strong>Polymerpacker Injecteur de colle<\/strong><\/span><\/p>\n<p><span style=\"color: #000000;\">- Fabriqu\u00e9 \u00e0 partir d'une mati\u00e8re plastique haute performance tr\u00e8s adh\u00e9sive.<\/span><\/p>\n<p><span style=\"color: #000000;\">- Surface adh\u00e9sive dot\u00e9e d'une structure de surface optimis\u00e9e pour le collage.<\/span><\/p>\n<p><span style=\"color: #000000;\">- Utilisable en cas de collage avec des adh\u00e9sifs de haute qualit\u00e9 sur des surfaces solides pour des pressions d'injection maximales allant jusqu'\u00e0 60 bars.<\/span><\/p>\n<p><span style=\"color: #000000;\"><strong>Polymerpacker Injecteur de colle. L'original, un produit \u00e9prouv\u00e9 des millions de fois, produit par nos soins depuis 1993.<\/strong><\/span><\/p>","protected":false},"excerpt":{"rendered":"<h3><span style=\"color: #000000;\"><strong>Injecteur de colle \u00e0 angle droit KPWR14M6 - <\/strong><strong>Emballeur \u00e0 coller en plastique (renforc\u00e9 de fibres de verre) pour l'injection de fissures dans les coins.<\/strong><\/span><\/h3>\n<p><span style=\"color: #000000;\">En plastique renforc\u00e9 de fibres de verre - tr\u00e8s robuste.<\/span><\/p>\n<h3><span style=\"color: #000000;\">Raccord : filetage ext\u00e9rieur <strong>R1\/4\u201c <\/strong>+ filetage int\u00e9rieur<strong> M6,<\/strong> passage libre \u00d8<strong> 5 mm.<\/strong><\/span><\/h3>","protected":false},"featured_media":2663,"template":"","meta":[],"product_brand":[],"product_cat":[42,205],"product_tag":[206],"class_list":{"0":"post-2683","1":"product","2":"type-product","3":"status-publish","4":"has-post-thumbnail","6":"product_cat-injektion-packer-pumpen","7":"product_cat-injektions-klebepacker","8":"product_tag-klebepacker","10":"first","11":"instock","12":"taxable","13":"shipping-taxable","14":"purchasable","15":"product-type-simple"},"tiered_pricing_type":"percentage","tiered_pricing_fixed_rules":[],"tiered_pricing_product_settings":{"layout":"default","base_unit_name":{"singular":null,"plural":null},"default_variation":null},"tiered_pricing_minimum_quantity":10,"tiered_pricing_roles_data":[],"tiered_pricing_percentage_rules":{"100":5,"1000":8,"2000":10},"tiered_pricing_maximum_quantity":null,"tiered_pricing_quantity_step":null,"_links":{"self":[{"href":"https:\/\/www.polymerpacker.de\/fr\/wp-json\/wp\/v2\/product\/2683","targetHints":{"allow":["GET"]}}],"collection":[{"href":"https:\/\/www.polymerpacker.de\/fr\/wp-json\/wp\/v2\/product"}],"about":[{"href":"https:\/\/www.polymerpacker.de\/fr\/wp-json\/wp\/v2\/types\/product"}],"wp:featuredmedia":[{"embeddable":true,"href":"https:\/\/www.polymerpacker.de\/fr\/wp-json\/wp\/v2\/media\/2663"}],"wp:attachment":[{"href":"https:\/\/www.polymerpacker.de\/fr\/wp-json\/wp\/v2\/media?parent=2683"}],"wp:term":[{"taxonomy":"product_brand","embeddable":true,"href":"https:\/\/www.polymerpacker.de\/fr\/wp-json\/wp\/v2\/product_brand?post=2683"},{"taxonomy":"product_cat","embeddable":true,"href":"https:\/\/www.polymerpacker.de\/fr\/wp-json\/wp\/v2\/product_cat?post=2683"},{"taxonomy":"product_tag","embeddable":true,"href":"https:\/\/www.polymerpacker.de\/fr\/wp-json\/wp\/v2\/product_tag?post=2683"}],"curies":[{"name":"wp","href":"https:\/\/api.w.org\/{rel}","templated":true}]}}