{"id":2422,"date":"2022-07-16T14:34:21","date_gmt":"2022-07-16T12:34:21","guid":{"rendered":"https:\/\/www.polymerpacker.de\/?post_type=product&#038;p=2422"},"modified":"2026-04-22T15:36:32","modified_gmt":"2026-04-22T13:36:32","slug":"packer-a-injection-lsp12dlnv-pour-trou-de-forage-12-mm","status":"publish","type":"product","link":"https:\/\/www.polymerpacker.de\/fr\/produkt\/injektionspacker-lsp12dlnv-fuer-bohrloch-12-mm\/","title":{"rendered":"Packer \u00e0 injection LSP12DLNV pour trou de forage 12 mm"},"content":{"rendered":"<h3><span style=\"color: #000000;\"><span style=\"font-family: Arial, sans-serif;\"><span style=\"font-size: medium;\"><b>Packer \u00e0 injection LSP12DLNV pour trou de forage 12 mm<\/b><\/span><\/span><\/span><\/h3>\n<p><span style=\"color: #000000;\"><span style=\"font-family: Arial, sans-serif;\"><span style=\"font-size: medium;\"><b>Paquet de frappe \u00e0 lamelles en plastique haute performance <\/b><\/span><\/span><\/span><span style=\"color: #000000;\"><span style=\"font-family: Arial, sans-serif;\"><span style=\"font-size: medium;\">pour l'utilisation dans l'injection \u00e0 basse pression de fissures et de cavit\u00e9s ou l'impr\u00e9gnation sous pression avec de la r\u00e9sine \u00e9poxy, de la r\u00e9sine polyur\u00e9thane, de l'\u00e9mulsion de silicone, de la cr\u00e8me de silicate, de la micro\u00e9mulsion, des solutions aqueuses, des agents de silicification, des agents antifongiques. Dans tous les mat\u00e9riaux de construction courants tels que le b\u00e9ton, les blocs creux, les briques, le gr\u00e8s, le gr\u00e8s calcaire, la pierre ponce, l'argile. Lors de l'utilisation dans des trous de forage aux dimensions pr\u00e9cises dans des mat\u00e9riaux de construction solides, utilisable pour des pressions d'injection maximales allant jusqu'\u00e0 30 bars.<\/span><\/span><\/span><\/p>\n<p><span style=\"color: #000000;\"><span style=\"font-family: Arial, sans-serif;\"><span style=\"font-size: medium;\"><b>Pour plus d'informations et de consignes de s\u00e9curit\u00e9, vous pouvez t\u00e9l\u00e9charger ici la fiche technique de ce produit. <\/b><\/span><\/span><\/span><\/p>\n<p><a href=\"https:\/\/www.polymerpacker.de\/wp-content\/uploads\/2022\/07\/Polymerpacker-TM-LSP12DLN-DE-EN.pdf\"><img fetchpriority=\"high\" decoding=\"async\" class=\"alignnone wp-image-1504 size-medium\" src=\"https:\/\/www.polymerpacker.de\/wp-content\/uploads\/2020\/08\/PDF-DOWNLOAD-250x400.jpg\" alt=\"\" width=\"250\" height=\"400\" srcset=\"https:\/\/www.polymerpacker.de\/wp-content\/uploads\/2020\/08\/PDF-DOWNLOAD-250x400.jpg 250w, https:\/\/www.polymerpacker.de\/wp-content\/uploads\/2020\/08\/PDF-DOWNLOAD-200x320.jpg 200w, https:\/\/www.polymerpacker.de\/wp-content\/uploads\/2020\/08\/PDF-DOWNLOAD-scaled-150x240.jpg 150w, https:\/\/www.polymerpacker.de\/wp-content\/uploads\/2020\/08\/PDF-DOWNLOAD-400x640.jpg 400w, https:\/\/www.polymerpacker.de\/wp-content\/uploads\/2020\/08\/PDF-DOWNLOAD-500x800.jpg 500w, https:\/\/www.polymerpacker.de\/wp-content\/uploads\/2020\/08\/PDF-DOWNLOAD-768x1228.jpg 768w, https:\/\/www.polymerpacker.de\/wp-content\/uploads\/2020\/08\/PDF-DOWNLOAD-961x1536.jpg 961w, https:\/\/www.polymerpacker.de\/wp-content\/uploads\/2020\/08\/PDF-DOWNLOAD-1281x2048.jpg 1281w, https:\/\/www.polymerpacker.de\/wp-content\/uploads\/2020\/08\/PDF-DOWNLOAD-scaled.jpg 1601w\" sizes=\"(max-width: 250px) 100vw, 250px\" \/><\/a><\/p>","protected":false},"excerpt":{"rendered":"<h3><strong>Packer \u00e0 injection LSP12DLNV pour trou de forage 12 mm<\/strong><\/h3>\n<p><strong>Emballeur en plastique de 117 mm de long.<\/strong><\/p>\n<h4>Connexion : <strong>Air comprim\u00e9 Euro- mamelon DIN 14152, diam\u00e8tre nominal 7 mm<\/strong> avec clapet anti-retour int\u00e9gr\u00e9, pression d'ouverture env. <strong>1 bar<\/strong><\/h4>\n<p><strong>Outil d'emballage gratuit dans chaque emballage<\/strong><\/p>","protected":false},"featured_media":2418,"template":"","meta":[],"product_brand":[],"product_cat":[42,84],"product_tag":[197,97,129,132,196],"class_list":{"0":"post-2422","1":"product","2":"type-product","3":"status-publish","4":"has-post-thumbnail","6":"product_cat-injektion-packer-pumpen","7":"product_cat-injektionspacker-12-mm","8":"product_tag-injektionspacker-mit-druckluftnippel","9":"product_tag-injektionspacker-fuer-bohrung-12-mm","10":"product_tag-injektionspacker-fuer-harz","11":"product_tag-injektionspacker-fuer-zement","12":"product_tag-injektionspacker-fuer-holzschutzmittel","14":"first","15":"instock","16":"taxable","17":"shipping-taxable","18":"purchasable","19":"product-type-simple"},"tiered_pricing_type":"percentage","tiered_pricing_fixed_rules":[],"tiered_pricing_product_settings":{"layout":"default","base_unit_name":{"singular":null,"plural":null},"default_variation":null},"tiered_pricing_minimum_quantity":10,"tiered_pricing_roles_data":[],"tiered_pricing_percentage_rules":{"100":5,"1000":10},"tiered_pricing_maximum_quantity":null,"tiered_pricing_quantity_step":null,"_links":{"self":[{"href":"https:\/\/www.polymerpacker.de\/fr\/wp-json\/wp\/v2\/product\/2422","targetHints":{"allow":["GET"]}}],"collection":[{"href":"https:\/\/www.polymerpacker.de\/fr\/wp-json\/wp\/v2\/product"}],"about":[{"href":"https:\/\/www.polymerpacker.de\/fr\/wp-json\/wp\/v2\/types\/product"}],"wp:featuredmedia":[{"embeddable":true,"href":"https:\/\/www.polymerpacker.de\/fr\/wp-json\/wp\/v2\/media\/2418"}],"wp:attachment":[{"href":"https:\/\/www.polymerpacker.de\/fr\/wp-json\/wp\/v2\/media?parent=2422"}],"wp:term":[{"taxonomy":"product_brand","embeddable":true,"href":"https:\/\/www.polymerpacker.de\/fr\/wp-json\/wp\/v2\/product_brand?post=2422"},{"taxonomy":"product_cat","embeddable":true,"href":"https:\/\/www.polymerpacker.de\/fr\/wp-json\/wp\/v2\/product_cat?post=2422"},{"taxonomy":"product_tag","embeddable":true,"href":"https:\/\/www.polymerpacker.de\/fr\/wp-json\/wp\/v2\/product_tag?post=2422"}],"curies":[{"name":"wp","href":"https:\/\/api.w.org\/{rel}","templated":true}]}}