{"id":1852,"date":"2021-04-13T15:44:44","date_gmt":"2021-04-13T13:44:44","guid":{"rendered":"https:\/\/www.polymerpacker.de\/?post_type=product&#038;p=1852"},"modified":"2026-04-15T16:00:59","modified_gmt":"2026-04-15T14:00:59","slug":"packer-a-injection-kp25r14-a-enfoncer-dans-les-fissures","status":"publish","type":"product","link":"https:\/\/www.polymerpacker.de\/fr\/produkt\/injektions-keilpacker-kp25r14-zum-einschlagen-in-risse\/","title":{"rendered":"Injecteur de copeaux KP25R14 pour l'enfoncement dans les fissures"},"content":{"rendered":"<h2><span style=\"color: #000000;\"><span style=\"font-family: Arial, sans-serif;\"><span style=\"font-size: medium;\"><b>Injecteur de copeaux KP25R14 pour l'enfoncement dans les fissures<\/b><\/span><\/span><\/span><\/h2>\n<p><span style=\"color: #000000;\"><span style=\"font-family: Arial, sans-serif;\"><span style=\"font-size: medium;\"><b>Injecteur \u00e0 coin (injecteur \u00e0 coin) <\/b><\/span><\/span><\/span><span style=\"color: #000000;\"><span style=\"font-family: Arial, sans-serif;\"><span style=\"font-size: medium;\">pour l'enfoncement direct dans les fissures. Pour l'injection de fissures dans tous les mat\u00e9riaux de construction courants comme le b\u00e9ton, le granit, les blocs creux, la brique, le gr\u00e8s. Utilisable pour l'injection de r\u00e9sine \u00e9poxy, de r\u00e9sine polyur\u00e9thane, de micro-suspension de ciment. Convient tr\u00e8s bien pour l'enfoncement direct dans le bois, pour l'impr\u00e9gnation sous pression, avec des produits de protection du bois ou avec de la r\u00e9sine \u00e9poxy pour la consolidation du bois. <b>Les packs de cales se retirent facilement des mat\u00e9riaux de construction, sans laisser de traces.<\/b>. Utilisable pour des pressions d'injection maximales allant jusqu'\u00e0 50 bars lorsqu'il est bien fix\u00e9. <\/span><\/span><\/span><\/p>\n<p><span style=\"color: #000000;\"><span style=\"font-family: Arial, sans-serif;\"><span style=\"font-size: medium;\"><b>Pour plus d'informations et de consignes de s\u00e9curit\u00e9, vous pouvez t\u00e9l\u00e9charger ici la fiche technique de ce produit. <\/b><\/span><\/span><\/span><\/p>\n<p><a href=\"https:\/\/www.polymerpacker.de\/wp-content\/uploads\/2021\/05\/Polymerpacker-TM-KP25R14-DE-EN.pdf\"><img fetchpriority=\"high\" decoding=\"async\" class=\"alignnone wp-image-1504 size-medium\" src=\"https:\/\/www.polymerpacker.de\/wp-content\/uploads\/2020\/08\/PDF-DOWNLOAD-250x400.jpg\" alt=\"\" width=\"250\" height=\"400\" srcset=\"https:\/\/www.polymerpacker.de\/wp-content\/uploads\/2020\/08\/PDF-DOWNLOAD-250x400.jpg 250w, https:\/\/www.polymerpacker.de\/wp-content\/uploads\/2020\/08\/PDF-DOWNLOAD-200x320.jpg 200w, https:\/\/www.polymerpacker.de\/wp-content\/uploads\/2020\/08\/PDF-DOWNLOAD-scaled-150x240.jpg 150w, https:\/\/www.polymerpacker.de\/wp-content\/uploads\/2020\/08\/PDF-DOWNLOAD-400x640.jpg 400w, https:\/\/www.polymerpacker.de\/wp-content\/uploads\/2020\/08\/PDF-DOWNLOAD-500x800.jpg 500w, https:\/\/www.polymerpacker.de\/wp-content\/uploads\/2020\/08\/PDF-DOWNLOAD-768x1228.jpg 768w, https:\/\/www.polymerpacker.de\/wp-content\/uploads\/2020\/08\/PDF-DOWNLOAD-961x1536.jpg 961w, https:\/\/www.polymerpacker.de\/wp-content\/uploads\/2020\/08\/PDF-DOWNLOAD-1281x2048.jpg 1281w, https:\/\/www.polymerpacker.de\/wp-content\/uploads\/2020\/08\/PDF-DOWNLOAD-scaled.jpg 1601w\" sizes=\"(max-width: 250px) 100vw, 250px\" \/><\/a><\/p>","protected":false},"excerpt":{"rendered":"<h3><strong>Injecteur \u00e0 coin KP25R14 pour des largeurs de fissures \u00e0 partir de 2,5 mm<\/strong><\/h3>\n<p><strong>Emballeur \u00e0 coins en plastique de 52 mm de long.<\/strong><\/p>\n<h4>Raccord : filetage ext\u00e9rieur <strong>R1\/4\u201c<\/strong>. Max. Passage<strong> 2 mm.<\/strong><\/h4>\n<p><strong>Outil d'emballage gratuit dans chaque emballage<\/strong><\/p>","protected":false},"featured_media":1815,"template":"","meta":[],"product_brand":[],"product_cat":[42,138],"product_tag":[132,139],"class_list":{"0":"post-1852","1":"product","2":"type-product","3":"status-publish","4":"has-post-thumbnail","6":"product_cat-injektion-packer-pumpen","7":"product_cat-injektions-keilpacker","8":"product_tag-injektionspacker-fuer-zement","9":"product_tag-keilpacker","11":"first","12":"instock","13":"taxable","14":"shipping-taxable","15":"purchasable","16":"product-type-simple"},"tiered_pricing_type":"percentage","tiered_pricing_fixed_rules":[],"tiered_pricing_product_settings":{"layout":"default","base_unit_name":{"singular":null,"plural":null},"default_variation":null},"tiered_pricing_minimum_quantity":10,"tiered_pricing_roles_data":[],"tiered_pricing_percentage_rules":{"100":5,"1000":10},"tiered_pricing_maximum_quantity":null,"tiered_pricing_quantity_step":null,"_links":{"self":[{"href":"https:\/\/www.polymerpacker.de\/fr\/wp-json\/wp\/v2\/product\/1852","targetHints":{"allow":["GET"]}}],"collection":[{"href":"https:\/\/www.polymerpacker.de\/fr\/wp-json\/wp\/v2\/product"}],"about":[{"href":"https:\/\/www.polymerpacker.de\/fr\/wp-json\/wp\/v2\/types\/product"}],"wp:featuredmedia":[{"embeddable":true,"href":"https:\/\/www.polymerpacker.de\/fr\/wp-json\/wp\/v2\/media\/1815"}],"wp:attachment":[{"href":"https:\/\/www.polymerpacker.de\/fr\/wp-json\/wp\/v2\/media?parent=1852"}],"wp:term":[{"taxonomy":"product_brand","embeddable":true,"href":"https:\/\/www.polymerpacker.de\/fr\/wp-json\/wp\/v2\/product_brand?post=1852"},{"taxonomy":"product_cat","embeddable":true,"href":"https:\/\/www.polymerpacker.de\/fr\/wp-json\/wp\/v2\/product_cat?post=1852"},{"taxonomy":"product_tag","embeddable":true,"href":"https:\/\/www.polymerpacker.de\/fr\/wp-json\/wp\/v2\/product_tag?post=1852"}],"curies":[{"name":"wp","href":"https:\/\/api.w.org\/{rel}","templated":true}]}}