{"id":172,"date":"2014-08-09T22:18:44","date_gmt":"2014-08-09T22:18:44","guid":{"rendered":"http:\/\/uxthemes.wpengine.com\/product\/all-star-canvas-hi-converse\/"},"modified":"2026-04-15T16:01:00","modified_gmt":"2026-04-15T14:01:00","slug":"disque-abrasif-en-carbure-de-tungstene-115-mm-version-plane","status":"publish","type":"product","link":"https:\/\/www.polymerpacker.de\/fr\/produkt\/hartmetallsplitt-schleifscheibe-115-mm-ausfuehrung-plan\/","title":{"rendered":"Meule \u00e0 gravillons en carbure de tungst\u00e8ne 115 mm version plane"},"content":{"rendered":"<h2>Meule \u00e0 gravillons en carbure de tungst\u00e8ne 115 mm version plane<\/h2>\n<p><span style=\"font-size: 100%;\"><strong>Meules \u00e0 concasser en carbure de tungst\u00e8ne<\/strong> de Polymerpacker sont des outils de qualit\u00e9 <em>\u201eFabriqu\u00e9 en Allemagne\u201c <\/em>et <strong>de vraies solutions aux probl\u00e8mes<\/strong>.<\/span><\/p>\n<p><span style=\"font-size: 100%;\"><strong>Tr\u00e8s bien adapt\u00e9<\/strong> pour l'\u00e9limination robuste de divers enduits, peintures, rev\u00eatements synth\u00e9tiques, rev\u00eatements bitumineux, PVC et r\u00e9sidus de colle sur la ma\u00e7onnerie, le b\u00e9ton, le bois ou les surfaces m\u00e9talliques<\/span><\/p>\n<p><span style=\"font-size: 100%;\"><strong>Tr\u00e8s bien adapt\u00e9<\/strong> pour un travail robuste (\u00e9bauche) de mat\u00e9riaux tels que le b\u00e9ton cellulaire, la brique silico-calcaire, le gr\u00e8s, le gibbon, le bois, le caoutchouc et les mati\u00e8res plastiques.<\/span><\/p>\n<p><span style=\"font-size: 100%;\"><strong>Bien adapt\u00e9<\/strong> pour rendre ult\u00e9rieurement rugueuses les surfaces lisses en b\u00e9ton, en granit ou en marbre des escaliers et des paliers afin de r\u00e9duire les risques de glissade.<\/span><\/p>\n<p><span style=\"color: #000000;\"><span style=\"font-family: Arial, sans-serif;\"><span style=\"font-size: medium;\"><b><span style=\"font-size: 100%;\">Pour plus d'informations et de consignes de s\u00e9curit\u00e9, vous pouvez t\u00e9l\u00e9charger ici la fiche technique de ce produit.<\/span> <\/b><\/span><\/span><\/span><\/p>\n<p><a href=\"https:\/\/www.polymerpacker.de\/wp-content\/uploads\/2019\/05\/Hartmetallsplitt-Schleifscheiben-SicherheitsVerwendunghinweise-1833.pdf\"><img fetchpriority=\"high\" decoding=\"async\" class=\"alignnone size-medium wp-image-1504\" src=\"https:\/\/www.polymerpacker.de\/wp-content\/uploads\/2020\/08\/PDF-DOWNLOAD-250x400.jpg\" alt=\"\" width=\"250\" height=\"400\" srcset=\"https:\/\/www.polymerpacker.de\/wp-content\/uploads\/2020\/08\/PDF-DOWNLOAD-250x400.jpg 250w, https:\/\/www.polymerpacker.de\/wp-content\/uploads\/2020\/08\/PDF-DOWNLOAD-200x320.jpg 200w, https:\/\/www.polymerpacker.de\/wp-content\/uploads\/2020\/08\/PDF-DOWNLOAD-scaled-150x240.jpg 150w, https:\/\/www.polymerpacker.de\/wp-content\/uploads\/2020\/08\/PDF-DOWNLOAD-400x640.jpg 400w, https:\/\/www.polymerpacker.de\/wp-content\/uploads\/2020\/08\/PDF-DOWNLOAD-500x800.jpg 500w, https:\/\/www.polymerpacker.de\/wp-content\/uploads\/2020\/08\/PDF-DOWNLOAD-768x1228.jpg 768w, https:\/\/www.polymerpacker.de\/wp-content\/uploads\/2020\/08\/PDF-DOWNLOAD-961x1536.jpg 961w, https:\/\/www.polymerpacker.de\/wp-content\/uploads\/2020\/08\/PDF-DOWNLOAD-1281x2048.jpg 1281w, https:\/\/www.polymerpacker.de\/wp-content\/uploads\/2020\/08\/PDF-DOWNLOAD-scaled.jpg 1601w\" sizes=\"(max-width: 250px) 100vw, 250px\" \/><\/a><\/p>","protected":false},"excerpt":{"rendered":"<p>Meule en gravillon de carbure <strong>pour meuleuse d'angle 115 mm.<\/strong><br \/>\nDisponible avec granulom\u00e9trie : 1,4 - 1,8 mm (fin) 1,8 - 2,2 mm (moyen) 2,2 - 3,2 mm (grossier) 3,2 - 4,5 mm (tr\u00e8s grossier)<\/p>\n<p><strong>R\u00e9alisation plan :<\/strong><br \/>\nPour le pon\u00e7age ou la r\u00e9alisation de surfaces planes et planes.<\/p>","protected":false},"featured_media":689,"template":"","meta":[],"product_brand":[],"product_cat":[47],"product_tag":[105,106,107,108],"class_list":{"0":"post-172","1":"product","2":"type-product","3":"status-publish","4":"has-post-thumbnail","6":"product_cat-hartmetallsplitt-schleifscheiben","7":"product_tag-hartmetallsplitt-schleifscheiben","8":"product_tag-bitumen-abschleifen","9":"product_tag-kleber-abschleifen","10":"product_tag-harzreste-abschleifen","12":"first","13":"instock","14":"taxable","15":"shipping-taxable","16":"purchasable","17":"product-type-variable"},"tiered_pricing_type":"fixed","tiered_pricing_fixed_rules":[],"tiered_pricing_product_settings":{"layout":"default","base_unit_name":{"singular":null,"plural":null},"default_variation":null},"tiered_pricing_minimum_quantity":null,"tiered_pricing_roles_data":[],"tiered_pricing_percentage_rules":[],"tiered_pricing_maximum_quantity":null,"tiered_pricing_quantity_step":null,"_links":{"self":[{"href":"https:\/\/www.polymerpacker.de\/fr\/wp-json\/wp\/v2\/product\/172","targetHints":{"allow":["GET"]}}],"collection":[{"href":"https:\/\/www.polymerpacker.de\/fr\/wp-json\/wp\/v2\/product"}],"about":[{"href":"https:\/\/www.polymerpacker.de\/fr\/wp-json\/wp\/v2\/types\/product"}],"wp:featuredmedia":[{"embeddable":true,"href":"https:\/\/www.polymerpacker.de\/fr\/wp-json\/wp\/v2\/media\/689"}],"wp:attachment":[{"href":"https:\/\/www.polymerpacker.de\/fr\/wp-json\/wp\/v2\/media?parent=172"}],"wp:term":[{"taxonomy":"product_brand","embeddable":true,"href":"https:\/\/www.polymerpacker.de\/fr\/wp-json\/wp\/v2\/product_brand?post=172"},{"taxonomy":"product_cat","embeddable":true,"href":"https:\/\/www.polymerpacker.de\/fr\/wp-json\/wp\/v2\/product_cat?post=172"},{"taxonomy":"product_tag","embeddable":true,"href":"https:\/\/www.polymerpacker.de\/fr\/wp-json\/wp\/v2\/product_tag?post=172"}],"curies":[{"name":"wp","href":"https:\/\/api.w.org\/{rel}","templated":true}]}}