{"id":1524,"date":"2020-09-13T20:56:18","date_gmt":"2020-09-13T18:56:18","guid":{"rendered":"https:\/\/www.polymerpacker.de\/?post_type=product&#038;p=1524"},"modified":"2026-04-15T16:00:58","modified_gmt":"2026-04-15T14:00:58","slug":"statique-melangeur-a-grille-94-mm-smg94pa","status":"publish","type":"product","link":"https:\/\/www.polymerpacker.de\/fr\/produkt\/statik-gittermischer-94-mm-smg94pa\/","title":{"rendered":"M\u00e9langeur statique \u00e0 grille 9,4 mm SMG94PA en polyamide"},"content":{"rendered":"<p><span style=\"color: #000000;\"><span style=\"font-family: Arial, sans-serif;\"><span style=\"font-size: medium;\"><b>Polymerpacker M\u00e9langeur statique \u00e0 grille <\/b>poss\u00e8dent d'excellentes propri\u00e9t\u00e9s de m\u00e9lange et sont optimis\u00e9s pour la production de consistances tr\u00e8s homog\u00e8nes dans le m\u00e9lange continu en flux continu de polym\u00e8res r\u00e9actifs \u00e0 plusieurs composants. M\u00eame en cas de grandes diff\u00e9rences de viscosit\u00e9 et de densit\u00e9.<\/span><\/span><\/span><\/p>\n<p><span style=\"color: #000000;\"><span style=\"font-family: Arial, sans-serif;\"><span style=\"font-size: medium;\"><b>Polymerpacker M\u00e9langeur statique en grille en polyamide 6 avec remplissage en fibre de verre 50% <\/b>ont fait leurs preuves dans les t\u00eates de m\u00e9lange des pompes multicomposants lors de la mise en \u0153uvre de r\u00e9sines d'injection bicomposantes (r\u00e9sine \u00e9poxy, r\u00e9sine polyur\u00e9thane, r\u00e9sine silicate) et de gels d'injection bicomposants \u00e0 base d'acrylate.<\/span><\/span><\/span><\/p>\n<p><span style=\"color: #000000;\"><span style=\"font-family: Arial, sans-serif;\"><span style=\"font-size: medium;\"><b>Produit \u00e9prouv\u00e9 des millions de fois, fabriqu\u00e9 par nos soins depuis 2002<\/b><\/span><\/span><\/span><\/p>\n<p><span style=\"color: #000000;\"><span style=\"font-family: Arial, sans-serif;\"><span style=\"font-size: medium;\"><b>Pour plus d'informations et de consignes de s\u00e9curit\u00e9, vous pouvez t\u00e9l\u00e9charger ici la fiche technique de ce produit. <\/b><\/span><\/span><\/span><\/p>\n<p><a href=\"https:\/\/www.polymerpacker.de\/wp-content\/uploads\/2025\/06\/Polymerpacker-TM-SMG94-DE-EN.pdf\"><img fetchpriority=\"high\" decoding=\"async\" class=\"alignnone wp-image-1504 size-medium\" src=\"https:\/\/www.polymerpacker.de\/wp-content\/uploads\/2020\/08\/PDF-DOWNLOAD-250x400.jpg\" alt=\"\" width=\"250\" height=\"400\" srcset=\"https:\/\/www.polymerpacker.de\/wp-content\/uploads\/2020\/08\/PDF-DOWNLOAD-250x400.jpg 250w, https:\/\/www.polymerpacker.de\/wp-content\/uploads\/2020\/08\/PDF-DOWNLOAD-200x320.jpg 200w, https:\/\/www.polymerpacker.de\/wp-content\/uploads\/2020\/08\/PDF-DOWNLOAD-scaled-150x240.jpg 150w, https:\/\/www.polymerpacker.de\/wp-content\/uploads\/2020\/08\/PDF-DOWNLOAD-400x640.jpg 400w, https:\/\/www.polymerpacker.de\/wp-content\/uploads\/2020\/08\/PDF-DOWNLOAD-500x800.jpg 500w, https:\/\/www.polymerpacker.de\/wp-content\/uploads\/2020\/08\/PDF-DOWNLOAD-768x1228.jpg 768w, https:\/\/www.polymerpacker.de\/wp-content\/uploads\/2020\/08\/PDF-DOWNLOAD-961x1536.jpg 961w, https:\/\/www.polymerpacker.de\/wp-content\/uploads\/2020\/08\/PDF-DOWNLOAD-1281x2048.jpg 1281w, https:\/\/www.polymerpacker.de\/wp-content\/uploads\/2020\/08\/PDF-DOWNLOAD-scaled.jpg 1601w\" sizes=\"(max-width: 250px) 100vw, 250px\" \/><\/a><\/p>","protected":false},"excerpt":{"rendered":"<h3><strong><span style=\"color: #000000;\"><span style=\"font-family: Arial, sans-serif;\"><span style=\"font-size: medium;\">M\u00e9langeur statique \u00e0 grille 9,4 mm SMG94PA en polyamide<br \/>\n<\/span><\/span><\/span><\/strong><\/h3>\n<p><span style=\"color: #000000;\"><span style=\"font-family: Arial, sans-serif;\"><span style=\"font-size: medium;\">Diam\u00e8tre 9,4 mm, longueur 9,4 mm, avec 18 barrettes en 6 couches, \u00e9paisseur des barrettes 1 mm, r\u00e9sistance \u00e0 la pression jusqu'\u00e0 150 bar.<\/span><\/span><\/span><\/p>","protected":false},"featured_media":3809,"template":"","meta":[],"product_brand":[],"product_cat":[137],"product_tag":[127,131,134],"class_list":{"0":"post-1524","1":"product","2":"type-product","3":"status-publish","4":"has-post-thumbnail","6":"product_cat-statik-gittermischer","7":"product_tag-dissolver","8":"product_tag-unsere-millionenfach-bewaehrten-produkte","9":"product_tag-statik-gittermischer","11":"first","12":"instock","13":"taxable","14":"shipping-taxable","15":"purchasable","16":"product-type-simple"},"tiered_pricing_type":"percentage","tiered_pricing_fixed_rules":[],"tiered_pricing_product_settings":{"layout":"default","base_unit_name":{"singular":null,"plural":null},"default_variation":null},"tiered_pricing_minimum_quantity":10,"tiered_pricing_roles_data":[],"tiered_pricing_percentage_rules":{"100":5,"1000":10},"tiered_pricing_maximum_quantity":null,"tiered_pricing_quantity_step":null,"_links":{"self":[{"href":"https:\/\/www.polymerpacker.de\/fr\/wp-json\/wp\/v2\/product\/1524","targetHints":{"allow":["GET"]}}],"collection":[{"href":"https:\/\/www.polymerpacker.de\/fr\/wp-json\/wp\/v2\/product"}],"about":[{"href":"https:\/\/www.polymerpacker.de\/fr\/wp-json\/wp\/v2\/types\/product"}],"wp:featuredmedia":[{"embeddable":true,"href":"https:\/\/www.polymerpacker.de\/fr\/wp-json\/wp\/v2\/media\/3809"}],"wp:attachment":[{"href":"https:\/\/www.polymerpacker.de\/fr\/wp-json\/wp\/v2\/media?parent=1524"}],"wp:term":[{"taxonomy":"product_brand","embeddable":true,"href":"https:\/\/www.polymerpacker.de\/fr\/wp-json\/wp\/v2\/product_brand?post=1524"},{"taxonomy":"product_cat","embeddable":true,"href":"https:\/\/www.polymerpacker.de\/fr\/wp-json\/wp\/v2\/product_cat?post=1524"},{"taxonomy":"product_tag","embeddable":true,"href":"https:\/\/www.polymerpacker.de\/fr\/wp-json\/wp\/v2\/product_tag?post=1524"}],"curies":[{"name":"wp","href":"https:\/\/api.w.org\/{rel}","templated":true}]}}