{"id":1355,"date":"2020-05-25T21:50:19","date_gmt":"2020-05-25T19:50:19","guid":{"rendered":"https:\/\/www.polymerpacker.de\/?post_type=product&#038;p=1355"},"modified":"2026-04-15T16:00:58","modified_gmt":"2026-04-15T14:00:58","slug":"packer-a-injection-lsp18sklv","status":"publish","type":"product","link":"https:\/\/www.polymerpacker.de\/fr\/produkt\/injektionspacker-lsp18sklv\/","title":{"rendered":"Packer \u00e0 injection LSP18SKLV pour trou de forage 18 mm"},"content":{"rendered":"<h2><span style=\"color: #000000;\"><span style=\"font-family: Arial, sans-serif;\"><span style=\"font-size: medium;\"><b>Injecteur LSP18SKLV pour trou de forage 18 mm (packer \u00e0 percussion \u00e0 lamelles) en plastique haute performance. <\/b><\/span><\/span><\/span><\/h2>\n<p><span style=\"color: #000000;\"><span style=\"font-family: Arial, sans-serif;\"><span style=\"font-size: medium;\"><b>Un de nos produits les plus \u00e9prouv\u00e9s <\/b><\/span><\/span><\/span><span style=\"color: #000000;\"><span style=\"font-family: Arial, sans-serif;\"><span style=\"font-size: medium;\">pour l'utilisation lors de l'injection \u00e0 basse pression de mat\u00e9riaux min\u00e9raux. Pour l'injection de fissures et de cavit\u00e9s avec une suspension de ciment, de la p\u00e2te de ciment, du mortier d'injection, de la cr\u00e8me de silicate, de la mousse de polyur\u00e9thane, dans tous les mat\u00e9riaux de construction courants comme le b\u00e9ton, les blocs creux, la brique, le gr\u00e8s, le gr\u00e8s calcaire, la pierre ponce, l'argile. \u00c9quip\u00e9 d'un raccord rapide pour la pince \u00e0 raccord rapide 17. Utilisable pour des pressions d'injection maximales allant jusqu'\u00e0 25 bars.<\/span><\/span><\/span><\/p>\n<p><span style=\"color: #000000;\"><span style=\"font-family: Arial, sans-serif;\"><span style=\"font-size: medium;\"><b>Produit \u00e9prouv\u00e9 des millions de fois, fabriqu\u00e9 par nos soins depuis 2001<\/b><\/span><\/span><\/span><\/p>\n<p><span style=\"color: #000000;\"><span style=\"font-family: Arial, sans-serif;\"><span style=\"font-size: medium;\"><b>Pour plus d'informations et de consignes de s\u00e9curit\u00e9, vous pouvez t\u00e9l\u00e9charger ici la fiche technique de ce produit. <\/b><\/span><\/span><\/span><\/p>\n<p><a href=\"https:\/\/www.polymerpacker.de\/wp-content\/uploads\/2024\/04\/Polymerpacker-TM-LSP18SKLV-DE-EN.pdf\"><img fetchpriority=\"high\" decoding=\"async\" class=\"alignnone wp-image-1504 size-medium\" src=\"https:\/\/www.polymerpacker.de\/wp-content\/uploads\/2020\/08\/PDF-DOWNLOAD-250x400.jpg\" alt=\"\" width=\"250\" height=\"400\" srcset=\"https:\/\/www.polymerpacker.de\/wp-content\/uploads\/2020\/08\/PDF-DOWNLOAD-250x400.jpg 250w, https:\/\/www.polymerpacker.de\/wp-content\/uploads\/2020\/08\/PDF-DOWNLOAD-200x320.jpg 200w, https:\/\/www.polymerpacker.de\/wp-content\/uploads\/2020\/08\/PDF-DOWNLOAD-scaled-150x240.jpg 150w, https:\/\/www.polymerpacker.de\/wp-content\/uploads\/2020\/08\/PDF-DOWNLOAD-400x640.jpg 400w, https:\/\/www.polymerpacker.de\/wp-content\/uploads\/2020\/08\/PDF-DOWNLOAD-500x800.jpg 500w, https:\/\/www.polymerpacker.de\/wp-content\/uploads\/2020\/08\/PDF-DOWNLOAD-768x1228.jpg 768w, https:\/\/www.polymerpacker.de\/wp-content\/uploads\/2020\/08\/PDF-DOWNLOAD-961x1536.jpg 961w, https:\/\/www.polymerpacker.de\/wp-content\/uploads\/2020\/08\/PDF-DOWNLOAD-1281x2048.jpg 1281w, https:\/\/www.polymerpacker.de\/wp-content\/uploads\/2020\/08\/PDF-DOWNLOAD-scaled.jpg 1601w\" sizes=\"(max-width: 250px) 100vw, 250px\" \/><\/a><\/p>","protected":false},"excerpt":{"rendered":"<h3><strong>Packer \u00e0 injection LSP18SKLV pour trou de forage 18 mm<\/strong><\/h3>\n<p><strong>Emballeur en plastique de 117 mm de long.<\/strong><\/p>\n<p>Avec <strong>Vanne \u00e0 l\u00e8vres en caoutchouc<\/strong>, pression d'ouverture env. <strong>0,5 bar<\/strong>, passage libre <strong>\u00d8 7 mm<\/strong>.<\/p>\n<h4>Raccordement : raccord rapide 17 pour pince \u00e0 raccord rapide 17 mm.<\/h4>\n<p><strong>Outil d'emballage gratuit dans chaque emballage<\/strong><\/p>","protected":false},"featured_media":1346,"template":"","meta":[],"product_brand":[],"product_cat":[42,112],"product_tag":[111,128,131,132],"class_list":{"0":"post-1355","1":"product","2":"type-product","3":"status-publish","4":"has-post-thumbnail","6":"product_cat-injektion-packer-pumpen","7":"product_cat-injektionspacker-18-mm","8":"product_tag-injektionspacker-fuer-bohrung-18-mm","9":"product_tag-schnellschnappanschluss","10":"product_tag-unsere-millionenfach-bewaehrten-produkte","11":"product_tag-injektionspacker-fuer-zement","13":"first","14":"instock","15":"taxable","16":"shipping-taxable","17":"purchasable","18":"product-type-simple"},"tiered_pricing_type":"percentage","tiered_pricing_fixed_rules":[],"tiered_pricing_product_settings":{"layout":"default","base_unit_name":{"singular":null,"plural":null},"default_variation":null},"tiered_pricing_minimum_quantity":10,"tiered_pricing_roles_data":[],"tiered_pricing_percentage_rules":{"100":5,"1000":10},"tiered_pricing_maximum_quantity":null,"tiered_pricing_quantity_step":null,"_links":{"self":[{"href":"https:\/\/www.polymerpacker.de\/fr\/wp-json\/wp\/v2\/product\/1355","targetHints":{"allow":["GET"]}}],"collection":[{"href":"https:\/\/www.polymerpacker.de\/fr\/wp-json\/wp\/v2\/product"}],"about":[{"href":"https:\/\/www.polymerpacker.de\/fr\/wp-json\/wp\/v2\/types\/product"}],"wp:featuredmedia":[{"embeddable":true,"href":"https:\/\/www.polymerpacker.de\/fr\/wp-json\/wp\/v2\/media\/1346"}],"wp:attachment":[{"href":"https:\/\/www.polymerpacker.de\/fr\/wp-json\/wp\/v2\/media?parent=1355"}],"wp:term":[{"taxonomy":"product_brand","embeddable":true,"href":"https:\/\/www.polymerpacker.de\/fr\/wp-json\/wp\/v2\/product_brand?post=1355"},{"taxonomy":"product_cat","embeddable":true,"href":"https:\/\/www.polymerpacker.de\/fr\/wp-json\/wp\/v2\/product_cat?post=1355"},{"taxonomy":"product_tag","embeddable":true,"href":"https:\/\/www.polymerpacker.de\/fr\/wp-json\/wp\/v2\/product_tag?post=1355"}],"curies":[{"name":"wp","href":"https:\/\/api.w.org\/{rel}","templated":true}]}}