{"id":291,"date":"2019-04-16T08:45:56","date_gmt":"2019-04-16T08:45:56","guid":{"rendered":"http:\/\/b38jwy.myraidbox.de\/?page_id=291"},"modified":"2022-08-24T15:33:23","modified_gmt":"2022-08-24T13:33:23","slug":"mentions-legales","status":"publish","type":"page","link":"https:\/\/www.polymerpacker.de\/fr\/impressum\/","title":{"rendered":"Mentions l\u00e9gales"},"content":{"rendered":"<h3 class=\"wp-block-heading\" id=\"h-polymerpacker-werkzeuge-fur-die-bausanierung\">Polymerpacker - Outils pour la r\u00e9novation de b\u00e2timents<\/h3>\n\n\n\n<p><strong>Polymerpacker GmbH &amp; Co. KG<\/strong><br>Au croisement de Fulda 9<br>DE 97786 Motten<br>T\u00e9l. +49 9748 863 99 20<br><a href=\"mailto:rmoeller@polymerpacker.de\">info@polymerpacker.de<\/a><\/p>\n\n\n\n<p>Associ\u00e9 responsable personnellement : Polymerpacker Beteiligungs GmbH<\/p>\n\n\n\n<p>Tribunal d'enregistrement : Schweinfurt HRA 9867 HRB 7602<\/p>\n\n\n\n<p>Directeur g\u00e9n\u00e9ral : R\u00fcdiger M\u00f6ller (CEO)<\/p>\n\n\n\n<p>ID TVA : DE 313477910<\/p>\n\n\n\n<p>Responsable selon \u00a75 TMG et responsable au sens de \u00a7 55 Abs. 2 RStV : R\u00fcdiger M\u00f6ller. &nbsp; <a href=\"https:\/\/www.polymerpacker.de\/fr\/\">www.polymerpacker.de<\/a><\/p>\n\n\n\n<p><strong>Mentions de responsabilit\u00e9 :<\/strong><br>Droit d'auteur<br>Tous les articles et illustrations publi\u00e9s sur ce site sont prot\u00e9g\u00e9s par des droits d'auteur. Toute utilisation n\u00e9cessite un accord pr\u00e9alable, en particulier la reproduction, l'adaptation, le traitement, l'enregistrement, la traduction ou la restitution de bases de donn\u00e9es ou d'autres m\u00e9dias et syst\u00e8mes \u00e9lectroniques.<br>Les photocopies et les t\u00e9l\u00e9chargements ne peuvent \u00eatre r\u00e9alis\u00e9s que pour un usage personnel, priv\u00e9 et non commercial.<\/p>\n\n\n\n<p><strong>Courrier \u00e9lectronique :<\/strong><br>La communication par e-mail peut pr\u00e9senter des failles de s\u00e9curit\u00e9. Si vous communiquez avec nous par e-mail, nous partons du principe que nous pouvons \u00e9galement vous r\u00e9pondre par e-mail. Si vous ne le souhaitez pas, vous devez nous en informer.<\/p>\n\n\n\n<p><strong>Liens externes :<\/strong><br>Les contenus des sites web \u00e9trangers auxquels nous renvoyons directement ou indirectement sur notre site web (par des \u201ehyperliens\u201c ou des \u201eliens profonds\u201c) ne rel\u00e8vent pas de notre responsabilit\u00e9 et nous ne nous les approprions pas. Nous pouvons toutefois d\u00e9clarer qu'au moment de la mise en place des liens, aucun contenu ill\u00e9gal n'\u00e9tait identifiable sur les sites web li\u00e9s. Nous n'avons aucune influence sur la conception actuelle et future, les contenus ou la paternit\u00e9 des sites web li\u00e9s. C'est pourquoi nous nous distan\u00e7ons express\u00e9ment de tous les contenus de tous les sites web li\u00e9s qui ont \u00e9t\u00e9 modifi\u00e9s apr\u00e8s la cr\u00e9ation des liens. Cette constatation s'applique \u00e0 tous les liens et renvois plac\u00e9s sur notre propre page d'accueil. Seul le fournisseur de la page \u00e0 laquelle il est fait r\u00e9f\u00e9rence est responsable des contenus ill\u00e9gaux, erron\u00e9s ou incomplets et, en particulier, des dommages r\u00e9sultant de l'utilisation des informations disponibles sur les pages web auxquelles il est fait r\u00e9f\u00e9rence. Si nous prenons connaissance de contenus ill\u00e9gaux, illicites ou erron\u00e9s sur des sites web auxquels nous renvoyons, nous supprimerons le lien.<\/p>\n\n\n\n<p><strong>Protection des donn\u00e9es :<\/strong><\/p>\n\n\n\n<p><a href=\"\/fr\/protection-des-donnees\/\">Pour nos informations sur la protection des donn\u00e9es, veuillez cliquer ici.<\/a><\/p>\n\n\n<div class=\"woocommerce woocommerce-gzd woocommerce-gzd-complaints-shortcode\">\n\t\t\t<h3>Alternative Dispute Resolution in accordance with Art. 14 (1) ODR-VO and \u00a7 36 VSBG :<\/h3>\n\t\nNous ne sommes pas tenus de participer \u00e0 une proc\u00e9dure de r\u00e8glement des litiges devant un organisme de conciliation des consommateurs et ne sommes pas dispos\u00e9s \u00e0 le faire.<\/div>\n\n\n<p><\/p>","protected":false},"excerpt":{"rendered":"<p>Polymerpacker &#8211;&nbsp;Werkzeuge f\u00fcr die Bausanierung Polymerpacker GmbH &amp; Co. KGAm Fuldaer Kreuz 9DE 97786 MottenTel. +49 9748 863 99 20info@polymerpacker.de Pers\u00f6nlich haftende Gesellschafterin: Polymerpacker Beteiligungs GmbH Registriergericht: Schweinfurt&nbsp; HRA 9867&nbsp; HRB 7602 Gesch\u00e4ftsf\u00fchrer: R\u00fcdiger M\u00f6ller (CEO) Ust.ID: DE 313477910 Verantwortlicher nach \u00a75 TMG und Verantwortlicher i.S.d. \u00a7 55 Abs. 2 RStV:&nbsp; R\u00fcdiger M\u00f6ller. &nbsp; www.polymerpacker.de [&hellip;]<\/p>\n","protected":false},"author":1,"featured_media":0,"parent":0,"menu_order":0,"comment_status":"closed","ping_status":"closed","template":"","meta":{"footnotes":""},"class_list":["post-291","page","type-page","status-publish","hentry"],"_links":{"self":[{"href":"https:\/\/www.polymerpacker.de\/fr\/wp-json\/wp\/v2\/pages\/291","targetHints":{"allow":["GET"]}}],"collection":[{"href":"https:\/\/www.polymerpacker.de\/fr\/wp-json\/wp\/v2\/pages"}],"about":[{"href":"https:\/\/www.polymerpacker.de\/fr\/wp-json\/wp\/v2\/types\/page"}],"author":[{"embeddable":true,"href":"https:\/\/www.polymerpacker.de\/fr\/wp-json\/wp\/v2\/users\/1"}],"replies":[{"embeddable":true,"href":"https:\/\/www.polymerpacker.de\/fr\/wp-json\/wp\/v2\/comments?post=291"}],"version-history":[{"count":0,"href":"https:\/\/www.polymerpacker.de\/fr\/wp-json\/wp\/v2\/pages\/291\/revisions"}],"wp:attachment":[{"href":"https:\/\/www.polymerpacker.de\/fr\/wp-json\/wp\/v2\/media?parent=291"}],"curies":[{"name":"wp","href":"https:\/\/api.w.org\/{rel}","templated":true}]}}