{"id":2521,"date":"2022-08-16T16:15:04","date_gmt":"2022-08-16T14:15:04","guid":{"rendered":"https:\/\/www.polymerpacker.de\/?page_id=2521"},"modified":"2023-05-12T11:57:48","modified_gmt":"2023-05-12T09:57:48","slug":"expedition-paiement","status":"publish","type":"page","link":"https:\/\/www.polymerpacker.de\/fr\/versand-zahlung\/","title":{"rendered":"Exp\u00e9dition - Paiement - Retours"},"content":{"rendered":"<h3 class=\"wp-block-heading\"><\/h3>\n\n\n\n<p>Cher client,<\/p>\n\n\n\n<p>Vous pouvez passer votre commande dans notre boutique en ligne aupr\u00e8s du<strong> \u201eCheck-out\u201c<\/strong> en saisissant l'adresse de livraison <strong>(Pays)<\/strong> se faire livrer dans tous les pays de l'UE.<\/p>\n\n\n\n<p>Allemagne, Autriche, Belgique, Bulgarie, Chypre, Croatie, Danemark, Espagne, Estonie, Finlande, France, Gr\u00e8ce, Hongrie, Irlande, Italie, Lettonie, Lituanie, Luxembourg, Malte, Pays-Bas, Pologne, R\u00e9publique tch\u00e8que, Roumanie, Slovaquie, Slov\u00e9nie, Su\u00e8de.<\/p>\n\n\n\n<p>Si vous souhaitez une livraison dans un pays non membre de l'UE, veuillez prendre contact avec nous.<\/p>\n\n\n\n<h3 class=\"wp-block-heading\">Exp\u00e9dition<\/h3>\n\n\n\n<p>Nous exp\u00e9dions exclusivement avec UPS (United Parcel Service).<\/p>\n\n\n\n<p><strong>Pour que votre commande soit livr\u00e9e dans les meilleures conditions possibles, veuillez indiquer lors du \u201echeck-out\u201c un num\u00e9ro de t\u00e9l\u00e9phone auquel le chauffeur du service de livraison UPS peut vous joindre en cas de probl\u00e8me de livraison.<\/strong><\/p>\n\n\n\n<h3 class=\"wp-block-heading\">Frais d'exp\u00e9dition<\/h3>\n\n\n\n<p>Comme frais d'exp\u00e9dition, nous ne vous facturons que les frais de transport du prestataire de services de colis (UPS) qui nous sont factur\u00e9s. Pour chaque commande, les frais d'exp\u00e9dition sont automatiquement calcul\u00e9s pour le pays de livraison que vous avez indiqu\u00e9.<\/p>\n\n\n\n<h3 class=\"wp-block-heading\">Taxe sur la valeur ajout\u00e9e<\/h3>\n\n\n\n<p>Pour chaque commande, la TVA l\u00e9gale du pays de livraison que vous avez indiqu\u00e9 est automatiquement calcul\u00e9e conform\u00e9ment \u00e0 la r\u00e9glementation europ\u00e9enne.<\/p>\n\n\n\n<h4 class=\"wp-block-heading\">Pour une livraison \u00e0 l'exportation exempte de TVA, veuillez indiquer votre num\u00e9ro d'identification TVA lors du \u201echeck-out\u201c.<\/h4>\n\n\n\n<h3 class=\"wp-block-heading\">D\u00e9lais de livraison<\/h3>\n\n\n\n<p>Nous traitons toutes les commandes en un ou deux jours ouvrables et les remettons au prestataire de services d'exp\u00e9dition (UPS).<\/p>\n\n\n\n<p>D\u00e8s que nous aurons remis votre envoi au prestataire de services d'exp\u00e9dition (UPS), vous recevrez un e-mail de notre part contenant <strong>votre num\u00e9ro d'envoi UPS.<\/strong><\/p>\n\n\n\n<p><strong>Si vous souhaitez suivre l'\u00e9volution de votre envoi, veuillez cliquer sur le lien vers le site Internet d'UPS figurant dans l'e-mail et y saisir votre num\u00e9ro d'envoi.<\/strong><\/p>\n\n\n\n<p><\/p>\n\n\n\n<h3 class=\"wp-block-heading\">Possibilit\u00e9s de paiement<\/h3>\n\n\n\n<p>Les modes de paiement suivants sont \u00e0 votre disposition<\/p>\n\n\n\n<p><strong>Paiement anticip\u00e9 par virement bancaire<\/strong><\/p>\n\n\n\n<p><strong>Paiement par PayPal<\/strong><br><br><strong>Via Stripe<\/strong><br>Paiement par carte de cr\u00e9dit<br>Paiement par Google pay<\/p>\n\n\n\n<h3 class=\"wp-block-heading\">Retours (retour de marchandises)<\/h3>\n\n\n\n<p>Si vous souhaitez nous retourner des marchandises que nous avons livr\u00e9es, veuillez nous les renvoyer franco de port. Veuillez joindre \u00e0 votre retour une copie de notre bon de livraison avec la mention \u201eretour\u201c. Une fois que nous aurons re\u00e7u la marchandise, nous vous rembourserons le prix d'achat dans les plus brefs d\u00e9lais. Veuillez noter que nous ne pouvons reprendre que les marchandises dans leur emballage d'origine et non utilis\u00e9es.<\/p>\n\n\n\n<p><strong>Nous vous remercions de l'int\u00e9r\u00eat que vous portez \u00e0 nos produits<\/strong><\/p>\n\n\n\n<p><strong>Polymerpacker GmbH &amp; Co. KG<\/strong><br>Au croisement de Fulda 9<br>DE 97786 Motten<br>T\u00e9l. +49 9748 863 99 20<br><a href=\"mailto:rmoeller@polymerpacker.de\">info@polymerpacker.de<\/a><\/p>","protected":false},"excerpt":{"rendered":"<p>Sehr geehrter Kunde, Ihre Bestellung in unserem Webshop k\u00f6nnen Sie beim \u201eCheck-out\u201c durch Eingabe der Lieferadresse (Land) in alle EU-L\u00e4nder ausliefern lassen. Belgien, Bulgarien, D\u00e4nemark, Deutschland, Estland, Finnland, Frankreich, Griechenland, Irland, Italien, Kroatien, Lettland, Litauen, Luxemburg, Malta, Niederlande, \u00d6sterreich, Polen, Rum\u00e4nien, Schweden, Slowakei, Slowenien, Spanien, Tschechien, Ungarn, Zypern. Wenn Sie eine Lieferung in ein nicht [&hellip;]<\/p>\n","protected":false},"author":1,"featured_media":0,"parent":0,"menu_order":0,"comment_status":"closed","ping_status":"closed","template":"","meta":{"footnotes":""},"class_list":["post-2521","page","type-page","status-publish","hentry"],"_links":{"self":[{"href":"https:\/\/www.polymerpacker.de\/fr\/wp-json\/wp\/v2\/pages\/2521","targetHints":{"allow":["GET"]}}],"collection":[{"href":"https:\/\/www.polymerpacker.de\/fr\/wp-json\/wp\/v2\/pages"}],"about":[{"href":"https:\/\/www.polymerpacker.de\/fr\/wp-json\/wp\/v2\/types\/page"}],"author":[{"embeddable":true,"href":"https:\/\/www.polymerpacker.de\/fr\/wp-json\/wp\/v2\/users\/1"}],"replies":[{"embeddable":true,"href":"https:\/\/www.polymerpacker.de\/fr\/wp-json\/wp\/v2\/comments?post=2521"}],"version-history":[{"count":0,"href":"https:\/\/www.polymerpacker.de\/fr\/wp-json\/wp\/v2\/pages\/2521\/revisions"}],"wp:attachment":[{"href":"https:\/\/www.polymerpacker.de\/fr\/wp-json\/wp\/v2\/media?parent=2521"}],"curies":[{"name":"wp","href":"https:\/\/api.w.org\/{rel}","templated":true}]}}