{"id":942,"date":"2020-01-06T19:58:20","date_gmt":"2020-01-06T18:58:20","guid":{"rendered":"http:\/\/b38jwy.myraidbox.de\/?post_type=product&#038;p=942"},"modified":"2026-04-15T16:01:00","modified_gmt":"2026-04-15T14:01:00","slug":"acoplamiento-enchufable-de-aire-comprimido-dlkg14","status":"publish","type":"product","link":"https:\/\/www.polymerpacker.de\/es\/produkt\/druckluft-steckkupplung-dlkg14\/","title":{"rendered":"Acoplamiento enchufable para aire comprimido DLKG14 para espigas Euro"},"content":{"rendered":"<h3>Acoplamiento enchufable para aire comprimido DLKG14<\/h3>\n<p><strong>Sistema de conexi\u00f3n muy utilizado para packers de inyecci\u00f3n. <\/strong>Para uso en inyecci\u00f3n a baja presi\u00f3n o impregnaci\u00f3n a presi\u00f3n con resina epoxi, resina de poliuretano, crema de silicato, emulsi\u00f3n de silicona, microemulsi\u00f3n, soluciones acuosas. Agente de silicificaci\u00f3n, agente antif\u00fangico. <strong>Para presiones m\u00e1ximas de inyecci\u00f3n de hasta 30 bar.<\/strong><\/p>\n<p>&nbsp;<\/p>\n<p><span style=\"font-family: Arial, sans-serif;\"><span style=\"font-size: medium;\"><span style=\"color: #000000;\">\u00a0<\/span><\/span><\/span><\/p>","protected":false},"excerpt":{"rendered":"<h3>Acoplamiento enchufable para aire comprimido DLKG14<\/h3>\n<p><strong>Acoplamiento enchufable<\/strong> para <strong>Aire comprimido Euro espiga DIN 14152<\/strong>, NW 7,2 mm.<\/p>\n<h4>Conexi\u00f3n: <strong>Rosca exterior G1\/4<\/strong><strong>\u201c <\/strong>paso libre<strong> \u00d8 7 mm, <\/strong>Junta de estanqueidad de aluminio incluida.<\/h4>","protected":false},"featured_media":902,"template":"","meta":[],"product_brand":[],"product_cat":[42,121],"product_tag":[122,197,117],"class_list":{"0":"post-942","1":"product","2":"type-product","3":"status-publish","4":"has-post-thumbnail","6":"product_cat-injektion-packer-pumpen","7":"product_cat-injektionspacker-anschliessen","8":"product_tag-injektionspacker-an-pumpen-anschliessen","9":"product_tag-injektionspacker-mit-druckluftnippel","10":"product_tag-kupplung-fuer-druckluft-euro-nippel","12":"first","13":"instock","14":"taxable","15":"shipping-taxable","16":"purchasable","17":"product-type-simple"},"tiered_pricing_type":"percentage","tiered_pricing_fixed_rules":[],"tiered_pricing_product_settings":{"layout":"default","base_unit_name":{"singular":null,"plural":null},"default_variation":null},"tiered_pricing_minimum_quantity":null,"tiered_pricing_roles_data":[],"tiered_pricing_percentage_rules":{"5":5,"10":10},"tiered_pricing_maximum_quantity":null,"tiered_pricing_quantity_step":null,"_links":{"self":[{"href":"https:\/\/www.polymerpacker.de\/es\/wp-json\/wp\/v2\/product\/942","targetHints":{"allow":["GET"]}}],"collection":[{"href":"https:\/\/www.polymerpacker.de\/es\/wp-json\/wp\/v2\/product"}],"about":[{"href":"https:\/\/www.polymerpacker.de\/es\/wp-json\/wp\/v2\/types\/product"}],"wp:featuredmedia":[{"embeddable":true,"href":"https:\/\/www.polymerpacker.de\/es\/wp-json\/wp\/v2\/media\/902"}],"wp:attachment":[{"href":"https:\/\/www.polymerpacker.de\/es\/wp-json\/wp\/v2\/media?parent=942"}],"wp:term":[{"taxonomy":"product_brand","embeddable":true,"href":"https:\/\/www.polymerpacker.de\/es\/wp-json\/wp\/v2\/product_brand?post=942"},{"taxonomy":"product_cat","embeddable":true,"href":"https:\/\/www.polymerpacker.de\/es\/wp-json\/wp\/v2\/product_cat?post=942"},{"taxonomy":"product_tag","embeddable":true,"href":"https:\/\/www.polymerpacker.de\/es\/wp-json\/wp\/v2\/product_tag?post=942"}],"curies":[{"name":"wp","href":"https:\/\/api.w.org\/{rel}","templated":true}]}}