{"id":889,"date":"2019-12-22T16:47:37","date_gmt":"2019-12-22T15:47:37","guid":{"rendered":"http:\/\/b38jwy.myraidbox.de\/?post_type=product&#038;p=889"},"modified":"2026-04-15T16:00:59","modified_gmt":"2026-04-15T14:00:59","slug":"pieza-de-bloqueo-vss17m10","status":"publish","type":"product","link":"https:\/\/www.polymerpacker.de\/es\/produkt\/verschlussstueck-vss17m10\/","title":{"rendered":"Pieza de bloqueo VSS17M10 con rosca de conexi\u00f3n M10x1"},"content":{"rendered":"<h2><strong>Pieza de bloqueo VSS17M10<\/strong><\/h2>\n<p><span style=\"font-family: Arial, sans-serif; color: #282828;\"><span style=\"font-size: medium;\"><b><strong>Pieza de bloqueo 17 con rosca de conexi\u00f3n M10x1.<\/strong> Sistema de conexi\u00f3n universal y f\u00e1cil de usar para packers de inyecci\u00f3n.<\/b> <\/span><\/span><\/p>\n<p><span style=\"color: #000000;\"><span style=\"font-family: Arial, sans-serif;\"><span style=\"font-size: medium;\">Puede utilizarse para resina epoxi, resina de poliuretano, gel de acrilato, emulsi\u00f3n de silicona, crema de silicato, suspensi\u00f3n de cemento, pasta de cemento, mortero de inyecci\u00f3n. <strong>Para presiones m\u00e1ximas de inyecci\u00f3n de hasta 50 bar.<\/strong><\/span><\/span><\/span><\/p>\n<p><span style=\"color: #000000;\"><span style=\"font-family: Arial, sans-serif;\"><span style=\"font-size: medium;\"><b>Un producto que ha demostrado su eficacia millones de veces, fabricado por nosotros desde 1995.<\/b><\/span><\/span><\/span><\/p>\n<p><span style=\"color: #000000;\"><span style=\"font-family: Arial, sans-serif;\"><span style=\"font-size: medium;\"><b>Para m\u00e1s informaci\u00f3n e instrucciones de seguridad, puede descargar aqu\u00ed la ficha t\u00e9cnica de este producto. <\/b><\/span><\/span><\/span><\/p>\n<p><a href=\"https:\/\/www.polymerpacker.de\/wp-content\/uploads\/2022\/06\/Polymerpacker-TM-VSS17SKZ-DE-EN.pdf\"><img fetchpriority=\"high\" decoding=\"async\" class=\"alignnone wp-image-1504 size-medium\" src=\"https:\/\/www.polymerpacker.de\/wp-content\/uploads\/2020\/08\/PDF-DOWNLOAD-250x400.jpg\" alt=\"\" width=\"250\" height=\"400\" srcset=\"https:\/\/www.polymerpacker.de\/wp-content\/uploads\/2020\/08\/PDF-DOWNLOAD-250x400.jpg 250w, https:\/\/www.polymerpacker.de\/wp-content\/uploads\/2020\/08\/PDF-DOWNLOAD-200x320.jpg 200w, https:\/\/www.polymerpacker.de\/wp-content\/uploads\/2020\/08\/PDF-DOWNLOAD-scaled-150x240.jpg 150w, https:\/\/www.polymerpacker.de\/wp-content\/uploads\/2020\/08\/PDF-DOWNLOAD-400x640.jpg 400w, https:\/\/www.polymerpacker.de\/wp-content\/uploads\/2020\/08\/PDF-DOWNLOAD-500x800.jpg 500w, https:\/\/www.polymerpacker.de\/wp-content\/uploads\/2020\/08\/PDF-DOWNLOAD-768x1228.jpg 768w, https:\/\/www.polymerpacker.de\/wp-content\/uploads\/2020\/08\/PDF-DOWNLOAD-961x1536.jpg 961w, https:\/\/www.polymerpacker.de\/wp-content\/uploads\/2020\/08\/PDF-DOWNLOAD-1281x2048.jpg 1281w, https:\/\/www.polymerpacker.de\/wp-content\/uploads\/2020\/08\/PDF-DOWNLOAD-scaled.jpg 1601w\" sizes=\"(max-width: 250px) 100vw, 250px\" \/><\/a><\/p>","protected":false},"excerpt":{"rendered":"<h3><strong>Pieza de bloqueo VSS17M10<\/strong><\/h3>\n<p>Carro transversal <strong>Pieza de bloqueo 17 <\/strong>Adecuado para todos los <strong>Alicates de acoplamiento r\u00e1pido (cierre r\u00e1pido) 17 mm.<\/strong> (por ejemplo: Desoi, Wiwa, Vorek, Remmers, Sopro, TPH y muchos otros).<\/p>\n<h4>Conexi\u00f3n:<strong> Rosca interior M10x1 (rosca autosellante)<\/strong>, paso libre<strong> \u00d8 7 mm.<\/strong><\/h4>","protected":false},"featured_media":1085,"template":"","meta":[],"product_brand":[],"product_cat":[42,121],"product_tag":[114,122,128,132],"class_list":{"0":"post-889","1":"product","2":"type-product","3":"status-publish","4":"has-post-thumbnail","6":"product_cat-injektion-packer-pumpen","7":"product_cat-injektionspacker-anschliessen","8":"product_tag-verschlussstueck","9":"product_tag-injektionspacker-an-pumpen-anschliessen","10":"product_tag-schnellschnappanschluss","11":"product_tag-injektionspacker-fuer-zement","13":"first","14":"instock","15":"taxable","16":"shipping-taxable","17":"purchasable","18":"product-type-simple"},"tiered_pricing_type":"percentage","tiered_pricing_fixed_rules":[],"tiered_pricing_product_settings":{"layout":"default","base_unit_name":{"singular":null,"plural":null},"default_variation":null},"tiered_pricing_minimum_quantity":10,"tiered_pricing_roles_data":[],"tiered_pricing_percentage_rules":{"100":5,"1000":10},"tiered_pricing_maximum_quantity":null,"tiered_pricing_quantity_step":null,"_links":{"self":[{"href":"https:\/\/www.polymerpacker.de\/es\/wp-json\/wp\/v2\/product\/889","targetHints":{"allow":["GET"]}}],"collection":[{"href":"https:\/\/www.polymerpacker.de\/es\/wp-json\/wp\/v2\/product"}],"about":[{"href":"https:\/\/www.polymerpacker.de\/es\/wp-json\/wp\/v2\/types\/product"}],"wp:featuredmedia":[{"embeddable":true,"href":"https:\/\/www.polymerpacker.de\/es\/wp-json\/wp\/v2\/media\/1085"}],"wp:attachment":[{"href":"https:\/\/www.polymerpacker.de\/es\/wp-json\/wp\/v2\/media?parent=889"}],"wp:term":[{"taxonomy":"product_brand","embeddable":true,"href":"https:\/\/www.polymerpacker.de\/es\/wp-json\/wp\/v2\/product_brand?post=889"},{"taxonomy":"product_cat","embeddable":true,"href":"https:\/\/www.polymerpacker.de\/es\/wp-json\/wp\/v2\/product_cat?post=889"},{"taxonomy":"product_tag","embeddable":true,"href":"https:\/\/www.polymerpacker.de\/es\/wp-json\/wp\/v2\/product_tag?post=889"}],"curies":[{"name":"wp","href":"https:\/\/api.w.org\/{rel}","templated":true}]}}