{"id":735,"date":"2019-05-02T10:43:10","date_gmt":"2019-05-02T10:43:10","guid":{"rendered":"http:\/\/b38jwy.myraidbox.de\/?post_type=product&#038;p=735"},"modified":"2026-04-15T16:01:00","modified_gmt":"2026-04-15T14:01:00","slug":"disco-abrasivo-de-metal-duro-115-mm-curvado","status":"publish","type":"product","link":"https:\/\/www.polymerpacker.de\/es\/produkt\/hartmetallsplitt-schleifscheibe-115-mm-gewoelbt\/","title":{"rendered":"Disco abrasivo de metal duro 115 mm dise\u00f1o curvo"},"content":{"rendered":"<p><strong>Discos abrasivos de carburo<\/strong> de Polymerpacker son herramientas de calidad <em>\u201eFabricado en Alemania\u201c<\/em> y <strong>verdaderos solucionadores de problemas<\/strong>.<\/p>\n<p><strong>Muy adecuado<\/strong> Para la eliminaci\u00f3n resistente de diversos tipos de yeso, pintura, revestimientos pl\u00e1sticos, revestimientos bituminosos, PVC y residuos adhesivos de superficies de mamposter\u00eda, hormig\u00f3n, madera o metal.<\/p>\n<p><strong>Muy adecuado<\/strong> Para el procesamiento robusto (desbaste) de materiales como hormig\u00f3n celular, ladrillos silicocalc\u00e1reos, arenisca, tableros de fibras, madera, caucho y pl\u00e1sticos.<\/p>\n<p><strong>Muy adecuado<\/strong> Para el posterior desbastado de superficies lisas de hormig\u00f3n, granito o m\u00e1rmol en escaleras y rellanos para reducir el riesgo de resbalones.<\/p>\n<p><span style=\"color: #000000;\"><span style=\"font-family: Arial, sans-serif;\"><span style=\"font-size: medium;\"><b>Para m\u00e1s informaci\u00f3n e instrucciones de seguridad, puede descargar aqu\u00ed la ficha t\u00e9cnica de este producto. <\/b><\/span><\/span><\/span><\/p>\n<p><a href=\"https:\/\/www.polymerpacker.de\/wp-content\/uploads\/2019\/05\/Hartmetallsplitt-Schleifscheiben-SicherheitsVerwendunghinweise-1833.pdf\"><img fetchpriority=\"high\" decoding=\"async\" class=\"alignnone size-medium wp-image-1504\" src=\"https:\/\/www.polymerpacker.de\/wp-content\/uploads\/2020\/08\/PDF-DOWNLOAD-250x400.jpg\" alt=\"\" width=\"250\" height=\"400\" srcset=\"https:\/\/www.polymerpacker.de\/wp-content\/uploads\/2020\/08\/PDF-DOWNLOAD-250x400.jpg 250w, https:\/\/www.polymerpacker.de\/wp-content\/uploads\/2020\/08\/PDF-DOWNLOAD-200x320.jpg 200w, https:\/\/www.polymerpacker.de\/wp-content\/uploads\/2020\/08\/PDF-DOWNLOAD-scaled-150x240.jpg 150w, https:\/\/www.polymerpacker.de\/wp-content\/uploads\/2020\/08\/PDF-DOWNLOAD-400x640.jpg 400w, https:\/\/www.polymerpacker.de\/wp-content\/uploads\/2020\/08\/PDF-DOWNLOAD-500x800.jpg 500w, https:\/\/www.polymerpacker.de\/wp-content\/uploads\/2020\/08\/PDF-DOWNLOAD-768x1228.jpg 768w, https:\/\/www.polymerpacker.de\/wp-content\/uploads\/2020\/08\/PDF-DOWNLOAD-961x1536.jpg 961w, https:\/\/www.polymerpacker.de\/wp-content\/uploads\/2020\/08\/PDF-DOWNLOAD-1281x2048.jpg 1281w, https:\/\/www.polymerpacker.de\/wp-content\/uploads\/2020\/08\/PDF-DOWNLOAD-scaled.jpg 1601w\" sizes=\"(max-width: 250px) 100vw, 250px\" \/><\/a><\/p>","protected":false},"excerpt":{"rendered":"<p>Disco abrasivo de carburo <strong>para amoladora angular 115 mm.<\/strong><br \/>\nDisponible con granulometr\u00eda: 1,4 - 1,8 mm (fina) 1,8 - 2,2 mm (media) 2,2 - 3,2 mm (gruesa) 3,2 - 4,5 mm (muy gruesa)<\/p>\n<p><strong>Dise\u00f1o curvo:<\/strong><br \/>\nPara lijar revestimientos gruesos, duros y blandos.<br \/>\nTambi\u00e9n es muy adecuado para hacer esculturas de madera o piedra.<\/p>","protected":false},"featured_media":693,"template":"","meta":[],"product_brand":[],"product_cat":[47],"product_tag":[108,105,106,107],"class_list":{"0":"post-735","1":"product","2":"type-product","3":"status-publish","4":"has-post-thumbnail","6":"product_cat-hartmetallsplitt-schleifscheiben","7":"product_tag-harzreste-abschleifen","8":"product_tag-hartmetallsplitt-schleifscheiben","9":"product_tag-bitumen-abschleifen","10":"product_tag-kleber-abschleifen","12":"first","13":"instock","14":"taxable","15":"shipping-taxable","16":"purchasable","17":"product-type-variable"},"tiered_pricing_type":"fixed","tiered_pricing_fixed_rules":[],"tiered_pricing_product_settings":{"layout":"default","base_unit_name":{"singular":null,"plural":null},"default_variation":null},"tiered_pricing_minimum_quantity":null,"tiered_pricing_roles_data":[],"tiered_pricing_percentage_rules":[],"tiered_pricing_maximum_quantity":null,"tiered_pricing_quantity_step":null,"_links":{"self":[{"href":"https:\/\/www.polymerpacker.de\/es\/wp-json\/wp\/v2\/product\/735","targetHints":{"allow":["GET"]}}],"collection":[{"href":"https:\/\/www.polymerpacker.de\/es\/wp-json\/wp\/v2\/product"}],"about":[{"href":"https:\/\/www.polymerpacker.de\/es\/wp-json\/wp\/v2\/types\/product"}],"wp:featuredmedia":[{"embeddable":true,"href":"https:\/\/www.polymerpacker.de\/es\/wp-json\/wp\/v2\/media\/693"}],"wp:attachment":[{"href":"https:\/\/www.polymerpacker.de\/es\/wp-json\/wp\/v2\/media?parent=735"}],"wp:term":[{"taxonomy":"product_brand","embeddable":true,"href":"https:\/\/www.polymerpacker.de\/es\/wp-json\/wp\/v2\/product_brand?post=735"},{"taxonomy":"product_cat","embeddable":true,"href":"https:\/\/www.polymerpacker.de\/es\/wp-json\/wp\/v2\/product_cat?post=735"},{"taxonomy":"product_tag","embeddable":true,"href":"https:\/\/www.polymerpacker.de\/es\/wp-json\/wp\/v2\/product_tag?post=735"}],"curies":[{"name":"wp","href":"https:\/\/api.w.org\/{rel}","templated":true}]}}