{"id":634,"date":"2019-04-22T12:23:42","date_gmt":"2019-04-22T12:23:42","guid":{"rendered":"http:\/\/b38jwy.myraidbox.de\/?post_type=product&#038;p=634"},"modified":"2026-04-15T16:00:59","modified_gmt":"2026-04-15T14:00:59","slug":"packer-de-inyeccion-sbp12kn-para-taladro-de-12-mm","status":"publish","type":"product","link":"https:\/\/www.polymerpacker.de\/es\/produkt\/injektionspacker-sbp12kn-fuer-bohrloch-12-mm\/","title":{"rendered":"Packer de inyecci\u00f3n SBP12KN para taladro de 12 mm"},"content":{"rendered":"<h2><span style=\"color: #000000;\"><span style=\"font-family: Arial, sans-serif;\"><span style=\"font-size: medium;\"><b>Packer de inyecci\u00f3n SBP12KN para perforaci\u00f3n de 12 mm Packer de inyecci\u00f3n de baja presi\u00f3n (packer de soplado laminar) de pl\u00e1stico de alto rendimiento.<\/b><\/span><\/span><\/span><\/h2>\n<p><span style=\"color: #000000;\"><span style=\"font-family: Arial, sans-serif;\"><span style=\"font-size: medium;\">Para uso en la impregnaci\u00f3n a presi\u00f3n de materiales de construcci\u00f3n como ladrillo, ladrillo silicocalc\u00e1reo, bloque hueco, arenisca, piedra p\u00f3mez, arcilla, madera. Puede utilizarse para la inyecci\u00f3n de resina epoxi, resina de poliuretano, emulsi\u00f3n de silicona, microemulsi\u00f3n, soluciones acuosas. Agente silicificante, agente antif\u00fangico, conservante de la madera. Puede utilizarse para presiones de inyecci\u00f3n m\u00e1ximas de hasta 80 bar cuando se utiliza en perforaciones de precisi\u00f3n dimensional en materiales de construcci\u00f3n s\u00f3lidos. <\/span><\/span><\/span><\/p>\n<p><span style=\"color: #000000;\"><span style=\"font-family: Arial, sans-serif;\"><span style=\"font-size: medium;\"><b>Nuestra empaquetadora por soplado. El producto original, de eficacia probada, fabricado por nosotros desde 1998.<\/b><\/span><\/span><\/span><\/p>\n<p><span style=\"color: #000000;\"><span style=\"font-family: Arial, sans-serif;\"><span style=\"font-size: medium;\"><b>Para m\u00e1s informaci\u00f3n e instrucciones de seguridad, puede descargar aqu\u00ed la ficha t\u00e9cnica de este producto. <\/b><\/span><\/span><\/span><\/p>\n<p><a href=\"https:\/\/www.polymerpacker.de\/wp-content\/uploads\/2022\/07\/Polymerpacker-TM-SBP12KN-DE-EN.pdf\"><img fetchpriority=\"high\" decoding=\"async\" class=\"alignnone wp-image-1504 size-medium\" src=\"https:\/\/www.polymerpacker.de\/wp-content\/uploads\/2020\/08\/PDF-DOWNLOAD-250x400.jpg\" alt=\"\" width=\"250\" height=\"400\" srcset=\"https:\/\/www.polymerpacker.de\/wp-content\/uploads\/2020\/08\/PDF-DOWNLOAD-250x400.jpg 250w, https:\/\/www.polymerpacker.de\/wp-content\/uploads\/2020\/08\/PDF-DOWNLOAD-200x320.jpg 200w, https:\/\/www.polymerpacker.de\/wp-content\/uploads\/2020\/08\/PDF-DOWNLOAD-scaled-150x240.jpg 150w, https:\/\/www.polymerpacker.de\/wp-content\/uploads\/2020\/08\/PDF-DOWNLOAD-400x640.jpg 400w, https:\/\/www.polymerpacker.de\/wp-content\/uploads\/2020\/08\/PDF-DOWNLOAD-500x800.jpg 500w, https:\/\/www.polymerpacker.de\/wp-content\/uploads\/2020\/08\/PDF-DOWNLOAD-768x1228.jpg 768w, https:\/\/www.polymerpacker.de\/wp-content\/uploads\/2020\/08\/PDF-DOWNLOAD-961x1536.jpg 961w, https:\/\/www.polymerpacker.de\/wp-content\/uploads\/2020\/08\/PDF-DOWNLOAD-1281x2048.jpg 1281w, https:\/\/www.polymerpacker.de\/wp-content\/uploads\/2020\/08\/PDF-DOWNLOAD-scaled.jpg 1601w\" sizes=\"(max-width: 250px) 100vw, 250px\" \/><\/a><\/p>","protected":false},"excerpt":{"rendered":"<h3><strong>Packer de inyecci\u00f3n SBP12KN para taladro de 12 mm<\/strong><\/h3>\n<p><strong>Packer de impacto de pl\u00e1stico de 75 mm de longitud.<\/strong><\/p>\n<h4>Conexi\u00f3n: <strong>Boquilla c\u00f3nica de pl\u00e1stico DIN 71412<\/strong> con v\u00e1lvula antirretorno incorporada, presi\u00f3n de apertura aprox. <strong>2 bar<\/strong>.<\/h4>\n<p><strong>Herramienta de envoltura gratuita en cada paquete<\/strong><\/p>","protected":false},"featured_media":2372,"template":"","meta":[],"product_brand":[],"product_cat":[42,84],"product_tag":[198,97,129,131,196],"class_list":{"0":"post-634","1":"product","2":"type-product","3":"status-publish","4":"has-post-thumbnail","6":"product_cat-injektion-packer-pumpen","7":"product_cat-injektionspacker-12-mm","8":"product_tag-injektionspacker-mit-kegelnippel","9":"product_tag-injektionspacker-fuer-bohrung-12-mm","10":"product_tag-injektionspacker-fuer-harz","11":"product_tag-unsere-millionenfach-bewaehrten-produkte","12":"product_tag-injektionspacker-fuer-holzschutzmittel","14":"first","15":"instock","16":"taxable","17":"shipping-taxable","18":"purchasable","19":"product-type-simple"},"tiered_pricing_type":"percentage","tiered_pricing_fixed_rules":[],"tiered_pricing_product_settings":{"layout":"default","base_unit_name":{"singular":null,"plural":null},"default_variation":null},"tiered_pricing_minimum_quantity":10,"tiered_pricing_roles_data":[],"tiered_pricing_percentage_rules":{"100":5,"1000":10,"2000":15,"5000":20},"tiered_pricing_maximum_quantity":null,"tiered_pricing_quantity_step":null,"_links":{"self":[{"href":"https:\/\/www.polymerpacker.de\/es\/wp-json\/wp\/v2\/product\/634","targetHints":{"allow":["GET"]}}],"collection":[{"href":"https:\/\/www.polymerpacker.de\/es\/wp-json\/wp\/v2\/product"}],"about":[{"href":"https:\/\/www.polymerpacker.de\/es\/wp-json\/wp\/v2\/types\/product"}],"wp:featuredmedia":[{"embeddable":true,"href":"https:\/\/www.polymerpacker.de\/es\/wp-json\/wp\/v2\/media\/2372"}],"wp:attachment":[{"href":"https:\/\/www.polymerpacker.de\/es\/wp-json\/wp\/v2\/media?parent=634"}],"wp:term":[{"taxonomy":"product_brand","embeddable":true,"href":"https:\/\/www.polymerpacker.de\/es\/wp-json\/wp\/v2\/product_brand?post=634"},{"taxonomy":"product_cat","embeddable":true,"href":"https:\/\/www.polymerpacker.de\/es\/wp-json\/wp\/v2\/product_cat?post=634"},{"taxonomy":"product_tag","embeddable":true,"href":"https:\/\/www.polymerpacker.de\/es\/wp-json\/wp\/v2\/product_tag?post=634"}],"curies":[{"name":"wp","href":"https:\/\/api.w.org\/{rel}","templated":true}]}}