{"id":532,"date":"2019-04-18T10:05:59","date_gmt":"2019-04-18T10:05:59","guid":{"rendered":"http:\/\/b38jwy.myraidbox.de\/?post_type=product&#038;p=532"},"modified":"2026-04-15T16:01:00","modified_gmt":"2026-04-15T14:01:00","slug":"bomba-manual-de-inyeccion-a-alta-presion","status":"publish","type":"product","link":"https:\/\/www.polymerpacker.de\/es\/produkt\/hand-injektionspumpe-fuer-hochdruckinjektion\/","title":{"rendered":"Bomba manual de inyecci\u00f3n a alta presi\u00f3n"},"content":{"rendered":"<h3><span style=\"color: #000000;\"><strong>Bomba de inyecci\u00f3n manual<\/strong> para inyecci\u00f3n a alta presi\u00f3n <\/span><\/h3>\n<h4><span style=\"color: #000000;\">de <strong>Resina epoxi, resina de poliuretano, gel de acrilato, emulsi\u00f3n de silicona, crema de silicato<\/strong> mediante empaquetadores de inyecci\u00f3n en elementos de construcci\u00f3n \/ materiales de construcci\u00f3n. <\/span><\/h4>\n<h4><span style=\"color: #000000;\">Disponible como juego completo, compuesto por <\/span><\/h4>\n<p><span style=\"color: #000000;\"><strong>1 pieza<\/strong> Bomba de pist\u00f3n de palanca manual (rosca de conexi\u00f3n G1\/8\u201c), volumen de suministro aprox. 2 cm\u00b3 \/ carrera, presi\u00f3n de trabajo m\u00e1x. 400 bar, capacidad de llenado 550 cm\u00b3, puede rellenarse con especial rapidez gracias a la tapa de pl\u00e1stico f\u00e1cilmente extra\u00edble.<\/span><\/p>\n<p><span style=\"color: #000000;\"><strong> 1 pieza<\/strong> Manguera de alta presi\u00f3n <strong>500 mm de largo<\/strong>, (rosca de conexi\u00f3n G1\/8\u201c) con juntas de estanqueidad de aluminio. <\/span><\/p>\n<p><span style=\"color: #000000;\"><strong>1 pieza<\/strong> Acoplamiento de pinza de 4 mordazas (rosca de conexi\u00f3n G1\/8\u201c) para <strong>Boquilla c\u00f3nica DIN 71412<\/strong> y <\/span><\/p>\n<p><span style=\"color: #000000;\"><strong>1 pieza<\/strong> Juego de disoluci\u00f3n compuesto por 2 discos de disoluci\u00f3n de 45 mm y 75 mm cada uno y 1 eje de disoluci\u00f3n de acero de 8 mm (hexagonal), de 300 mm de longitud, para una mezcla \u00f3ptima del material de inyecci\u00f3n antes de la inyecci\u00f3n.<\/span><\/p>\n<p><b>Para m\u00e1s informaci\u00f3n e instrucciones de seguridad, puede descargar aqu\u00ed la ficha t\u00e9cnica de este producto. <\/b><\/p>\n<p><a href=\"https:\/\/www.polymerpacker.de\/wp-content\/uploads\/2024\/01\/Polymerpacker-TM-KNKG18-DE-EN.pdf\"><img fetchpriority=\"high\" decoding=\"async\" class=\"alignnone wp-image-1504 size-medium\" src=\"https:\/\/www.polymerpacker.de\/wp-content\/uploads\/2020\/08\/PDF-DOWNLOAD-250x400.jpg\" alt=\"\" width=\"250\" height=\"400\" srcset=\"https:\/\/www.polymerpacker.de\/wp-content\/uploads\/2020\/08\/PDF-DOWNLOAD-250x400.jpg 250w, https:\/\/www.polymerpacker.de\/wp-content\/uploads\/2020\/08\/PDF-DOWNLOAD-200x320.jpg 200w, https:\/\/www.polymerpacker.de\/wp-content\/uploads\/2020\/08\/PDF-DOWNLOAD-scaled-150x240.jpg 150w, https:\/\/www.polymerpacker.de\/wp-content\/uploads\/2020\/08\/PDF-DOWNLOAD-400x640.jpg 400w, https:\/\/www.polymerpacker.de\/wp-content\/uploads\/2020\/08\/PDF-DOWNLOAD-500x800.jpg 500w, https:\/\/www.polymerpacker.de\/wp-content\/uploads\/2020\/08\/PDF-DOWNLOAD-768x1228.jpg 768w, https:\/\/www.polymerpacker.de\/wp-content\/uploads\/2020\/08\/PDF-DOWNLOAD-961x1536.jpg 961w, https:\/\/www.polymerpacker.de\/wp-content\/uploads\/2020\/08\/PDF-DOWNLOAD-1281x2048.jpg 1281w, https:\/\/www.polymerpacker.de\/wp-content\/uploads\/2020\/08\/PDF-DOWNLOAD-scaled.jpg 1601w\" sizes=\"(max-width: 250px) 100vw, 250px\" \/><\/a><\/p>","protected":false},"excerpt":{"rendered":"<h3 data-padding=\"5px\"><span style=\"color: #000000;\"><strong>Bomba manual de inyecci\u00f3n a alta presi\u00f3n<\/strong> con acoplamiento de conexi\u00f3n para boquilla c\u00f3nica<\/span><\/h3>\n<h4 data-padding=\"5px\"><span style=\"color: #000000;\">Con nosotros en un conjunto completo.<\/span><\/h4>","protected":false},"featured_media":1943,"template":"","meta":[],"product_brand":[],"product_cat":[42,95],"product_tag":[94],"class_list":{"0":"post-532","1":"product","2":"type-product","3":"status-publish","4":"has-post-thumbnail","6":"product_cat-injektion-packer-pumpen","7":"product_cat-injektionspumpen","8":"product_tag-handpumpe-fuer-harz","10":"first","11":"instock","12":"taxable","13":"shipping-taxable","14":"purchasable","15":"product-type-simple"},"tiered_pricing_type":"fixed","tiered_pricing_fixed_rules":[],"tiered_pricing_product_settings":{"layout":"default","base_unit_name":{"singular":null,"plural":null},"default_variation":null},"tiered_pricing_minimum_quantity":null,"tiered_pricing_roles_data":[],"tiered_pricing_percentage_rules":[],"tiered_pricing_maximum_quantity":null,"tiered_pricing_quantity_step":null,"_links":{"self":[{"href":"https:\/\/www.polymerpacker.de\/es\/wp-json\/wp\/v2\/product\/532","targetHints":{"allow":["GET"]}}],"collection":[{"href":"https:\/\/www.polymerpacker.de\/es\/wp-json\/wp\/v2\/product"}],"about":[{"href":"https:\/\/www.polymerpacker.de\/es\/wp-json\/wp\/v2\/types\/product"}],"wp:featuredmedia":[{"embeddable":true,"href":"https:\/\/www.polymerpacker.de\/es\/wp-json\/wp\/v2\/media\/1943"}],"wp:attachment":[{"href":"https:\/\/www.polymerpacker.de\/es\/wp-json\/wp\/v2\/media?parent=532"}],"wp:term":[{"taxonomy":"product_brand","embeddable":true,"href":"https:\/\/www.polymerpacker.de\/es\/wp-json\/wp\/v2\/product_brand?post=532"},{"taxonomy":"product_cat","embeddable":true,"href":"https:\/\/www.polymerpacker.de\/es\/wp-json\/wp\/v2\/product_cat?post=532"},{"taxonomy":"product_tag","embeddable":true,"href":"https:\/\/www.polymerpacker.de\/es\/wp-json\/wp\/v2\/product_tag?post=532"}],"curies":[{"name":"wp","href":"https:\/\/api.w.org\/{rel}","templated":true}]}}