{"id":426,"date":"2019-04-16T17:30:33","date_gmt":"2019-04-16T17:30:33","guid":{"rendered":"http:\/\/b38jwy.myraidbox.de\/?post_type=product&#038;p=426"},"modified":"2026-04-15T16:00:59","modified_gmt":"2026-04-15T14:00:59","slug":"packer-de-inyeccion-lsp10kn-para-taladro-de-10-mm","status":"publish","type":"product","link":"https:\/\/www.polymerpacker.de\/es\/produkt\/injektionspacker-lsp10kn-fuer-bohrloch-10-mm\/","title":{"rendered":"Packer de inyecci\u00f3n LSP10KN para taladro de 10 mm"},"content":{"rendered":"<h2><span style=\"color: #000000;\"><span style=\"font-family: Arial, sans-serif;\"><span style=\"font-size: medium;\"><b>Packer de inyecci\u00f3n LSP10KN para taladro de 10 mm (packer de impacto laminar) de pl\u00e1stico de alto rendimiento.<\/b><\/span><\/span><\/span><\/h2>\n<p><span style=\"color: #000000;\"><span style=\"font-family: Arial, sans-serif;\"><span style=\"font-size: medium;\">Optimizada para su uso al inyectar grietas en orificios perforados con precisi\u00f3n en materiales de construcci\u00f3n s\u00f3lidos como hormig\u00f3n, granito, basalto y arenisca. Puede utilizarse para inyectar resina epoxi, resina de poliuretano y emulsi\u00f3n de silicona. Puede utilizarse para presiones de inyecci\u00f3n m\u00e1ximas de hasta 150 bares cuando se utiliza en orificios perforados con precisi\u00f3n dimensional en materiales de construcci\u00f3n s\u00f3lidos.<\/span><\/span><\/span><\/p>\n<p><span style=\"color: #000000;\"><span style=\"font-family: Arial, sans-serif;\"><span style=\"font-size: medium;\"><b>Para m\u00e1s informaci\u00f3n e instrucciones de seguridad, puede descargar aqu\u00ed la ficha t\u00e9cnica de este producto. <\/b><\/span><\/span><\/span><\/p>\n<p><a href=\"https:\/\/www.polymerpacker.de\/wp-content\/uploads\/2022\/06\/Polymerpacker-TM-LSP10KN-DE-EN.pdf\"><img fetchpriority=\"high\" decoding=\"async\" class=\"alignnone wp-image-1504 size-medium\" src=\"https:\/\/www.polymerpacker.de\/wp-content\/uploads\/2020\/08\/PDF-DOWNLOAD-250x400.jpg\" alt=\"\" width=\"250\" height=\"400\" srcset=\"https:\/\/www.polymerpacker.de\/wp-content\/uploads\/2020\/08\/PDF-DOWNLOAD-250x400.jpg 250w, https:\/\/www.polymerpacker.de\/wp-content\/uploads\/2020\/08\/PDF-DOWNLOAD-200x320.jpg 200w, https:\/\/www.polymerpacker.de\/wp-content\/uploads\/2020\/08\/PDF-DOWNLOAD-scaled-150x240.jpg 150w, https:\/\/www.polymerpacker.de\/wp-content\/uploads\/2020\/08\/PDF-DOWNLOAD-400x640.jpg 400w, https:\/\/www.polymerpacker.de\/wp-content\/uploads\/2020\/08\/PDF-DOWNLOAD-500x800.jpg 500w, https:\/\/www.polymerpacker.de\/wp-content\/uploads\/2020\/08\/PDF-DOWNLOAD-768x1228.jpg 768w, https:\/\/www.polymerpacker.de\/wp-content\/uploads\/2020\/08\/PDF-DOWNLOAD-961x1536.jpg 961w, https:\/\/www.polymerpacker.de\/wp-content\/uploads\/2020\/08\/PDF-DOWNLOAD-1281x2048.jpg 1281w, https:\/\/www.polymerpacker.de\/wp-content\/uploads\/2020\/08\/PDF-DOWNLOAD-scaled.jpg 1601w\" sizes=\"(max-width: 250px) 100vw, 250px\" \/><\/a><\/p>","protected":false},"excerpt":{"rendered":"<h3><strong>Packer de inyecci\u00f3n LSP10KN para taladro de 10 mm<\/strong><\/h3>\n<p><strong>Packer de impacto de pl\u00e1stico de 85 mm de longitud.<\/strong><\/p>\n<h4>Conexi\u00f3n: Atornillada <strong>Boquilla c\u00f3nica de acero DIN 71412<\/strong> con v\u00e1lvula antirretorno.  Presi\u00f3n de apertura aprox. <strong>10 bar<\/strong>.<\/h4>\n<p><strong>Herramienta de envoltura gratuita en cada paquete<\/strong><\/p>","protected":false},"featured_media":2277,"template":"","meta":[],"product_brand":[],"product_cat":[42,83],"product_tag":[91,129,198],"class_list":{"0":"post-426","1":"product","2":"type-product","3":"status-publish","4":"has-post-thumbnail","6":"product_cat-injektion-packer-pumpen","7":"product_cat-injektionspacker-10-mm","8":"product_tag-injektionspacker-fuer-bohrung-10-mm","9":"product_tag-injektionspacker-fuer-harz","10":"product_tag-injektionspacker-mit-kegelnippel","12":"first","13":"instock","14":"taxable","15":"shipping-taxable","16":"purchasable","17":"product-type-simple"},"tiered_pricing_type":"percentage","tiered_pricing_fixed_rules":[],"tiered_pricing_product_settings":{"layout":"default","base_unit_name":{"singular":null,"plural":null},"default_variation":null},"tiered_pricing_minimum_quantity":10,"tiered_pricing_roles_data":[],"tiered_pricing_percentage_rules":{"100":5,"1000":10,"2000":15},"tiered_pricing_maximum_quantity":null,"tiered_pricing_quantity_step":null,"_links":{"self":[{"href":"https:\/\/www.polymerpacker.de\/es\/wp-json\/wp\/v2\/product\/426","targetHints":{"allow":["GET"]}}],"collection":[{"href":"https:\/\/www.polymerpacker.de\/es\/wp-json\/wp\/v2\/product"}],"about":[{"href":"https:\/\/www.polymerpacker.de\/es\/wp-json\/wp\/v2\/types\/product"}],"wp:featuredmedia":[{"embeddable":true,"href":"https:\/\/www.polymerpacker.de\/es\/wp-json\/wp\/v2\/media\/2277"}],"wp:attachment":[{"href":"https:\/\/www.polymerpacker.de\/es\/wp-json\/wp\/v2\/media?parent=426"}],"wp:term":[{"taxonomy":"product_brand","embeddable":true,"href":"https:\/\/www.polymerpacker.de\/es\/wp-json\/wp\/v2\/product_brand?post=426"},{"taxonomy":"product_cat","embeddable":true,"href":"https:\/\/www.polymerpacker.de\/es\/wp-json\/wp\/v2\/product_cat?post=426"},{"taxonomy":"product_tag","embeddable":true,"href":"https:\/\/www.polymerpacker.de\/es\/wp-json\/wp\/v2\/product_tag?post=426"}],"curies":[{"name":"wp","href":"https:\/\/api.w.org\/{rel}","templated":true}]}}