{"id":3811,"date":"2024-01-26T22:12:06","date_gmt":"2024-01-26T21:12:06","guid":{"rendered":"https:\/\/www.polymerpacker.de\/?post_type=product&#038;p=3811"},"modified":"2026-04-15T16:00:58","modified_gmt":"2026-04-15T14:00:58","slug":"mezclador-estatico-de-rejilla-94-mm-smg94pp","status":"publish","type":"product","link":"https:\/\/www.polymerpacker.de\/es\/produkt\/statik-gittermischer-94-mm-smg94pp\/","title":{"rendered":"Mezclador est\u00e1tico de rejilla de 9,4 mm SMG94PP de polipropileno"},"content":{"rendered":"<p><span style=\"color: #000000;\"><span style=\"font-family: Arial, sans-serif;\"><span style=\"font-size: medium;\"><b>Polymerpacker Mezclador est\u00e1tico de rejilla <\/b>tienen excelentes propiedades de mezcla y est\u00e1n optimizados para la producci\u00f3n de consistencias muy homog\u00e9neas en la mezcla de flujo continuo de pol\u00edmeros reactivos multicomponentes. Incluso con grandes diferencias de viscosidad y densidad.<\/span><\/span><\/span><\/p>\n<p><span style=\"color: #000000;\"><span style=\"font-family: Arial, sans-serif;\"><span style=\"font-size: medium;\"><b>Mezclador est\u00e1tico de rejilla de 9,4 mm SMG94PP de polipropileno <\/b>han demostrado su eficacia en sistemas de pintura industrial para la mezcla en flujo continuo de sistemas de pintura multicomponente.<\/span><\/span><\/span><\/p>\n<p><span style=\"color: #000000;\"><span style=\"font-family: Arial, sans-serif;\"><span style=\"font-size: medium;\"><b>Producto probado millones de veces, fabricado por nosotros desde 2002<\/b><\/span><\/span><\/span><\/p>","protected":false},"excerpt":{"rendered":"<h3><strong><span style=\"color: #000000;\"><span style=\"font-family: Arial, sans-serif;\"><span style=\"font-size: medium;\">Mezclador est\u00e1tico de rejilla de 9,4 mm SMG94PP de polipropileno<\/span><\/span><\/span><\/strong><\/h3>\n<p><span style=\"color: #000000;\"><span style=\"font-family: Arial, sans-serif;\"><span style=\"font-size: medium;\">Di\u00e1metro 9,4 mm, longitud 9,4 mm, con 18 barras en 6 capas, espesor de la barra 1 mm, resistente a la presi\u00f3n hasta 80 bar.<\/span><\/span><\/span><\/p>","protected":false},"featured_media":3807,"template":"","meta":[],"product_brand":[],"product_cat":[137],"product_tag":[127,131,134],"class_list":{"0":"post-3811","1":"product","2":"type-product","3":"status-publish","4":"has-post-thumbnail","6":"product_cat-statik-gittermischer","7":"product_tag-dissolver","8":"product_tag-unsere-millionenfach-bewaehrten-produkte","9":"product_tag-statik-gittermischer","11":"first","12":"instock","13":"taxable","14":"shipping-taxable","15":"purchasable","16":"product-type-simple"},"tiered_pricing_type":"percentage","tiered_pricing_fixed_rules":[],"tiered_pricing_product_settings":{"layout":"default","base_unit_name":{"singular":null,"plural":null},"default_variation":null},"tiered_pricing_minimum_quantity":10,"tiered_pricing_roles_data":[],"tiered_pricing_percentage_rules":{"100":5,"1000":10},"tiered_pricing_maximum_quantity":null,"tiered_pricing_quantity_step":null,"_links":{"self":[{"href":"https:\/\/www.polymerpacker.de\/es\/wp-json\/wp\/v2\/product\/3811","targetHints":{"allow":["GET"]}}],"collection":[{"href":"https:\/\/www.polymerpacker.de\/es\/wp-json\/wp\/v2\/product"}],"about":[{"href":"https:\/\/www.polymerpacker.de\/es\/wp-json\/wp\/v2\/types\/product"}],"wp:featuredmedia":[{"embeddable":true,"href":"https:\/\/www.polymerpacker.de\/es\/wp-json\/wp\/v2\/media\/3807"}],"wp:attachment":[{"href":"https:\/\/www.polymerpacker.de\/es\/wp-json\/wp\/v2\/media?parent=3811"}],"wp:term":[{"taxonomy":"product_brand","embeddable":true,"href":"https:\/\/www.polymerpacker.de\/es\/wp-json\/wp\/v2\/product_brand?post=3811"},{"taxonomy":"product_cat","embeddable":true,"href":"https:\/\/www.polymerpacker.de\/es\/wp-json\/wp\/v2\/product_cat?post=3811"},{"taxonomy":"product_tag","embeddable":true,"href":"https:\/\/www.polymerpacker.de\/es\/wp-json\/wp\/v2\/product_tag?post=3811"}],"curies":[{"name":"wp","href":"https:\/\/api.w.org\/{rel}","templated":true}]}}