{"id":3792,"date":"2024-01-21T19:58:32","date_gmt":"2024-01-21T18:58:32","guid":{"rendered":"https:\/\/www.polymerpacker.de\/?post_type=product&#038;p=3792"},"modified":"2026-04-15T16:01:00","modified_gmt":"2026-04-15T14:01:00","slug":"packer-de-inyeccion-sps14116-para-taladro-de-14-mm","status":"publish","type":"product","link":"https:\/\/www.polymerpacker.de\/es\/produkt\/injektionspacker-sps14116-fuer-bohrloch-14-mm\/","title":{"rendered":"Packer de inyecci\u00f3n SPS14116 para taladro de 14 mm"},"content":{"rendered":"<h2><span style=\"color: #000000;\"><strong><span style=\"font-family: Arial, sans-serif;\"><span style=\"font-size: medium;\">Packer de inyecci\u00f3n SPS14116 para taladro de 14 mm<\/span><\/span><\/strong><\/span><\/h2>\n<p><span style=\"color: #000000;\">Obturador de tornillo de acero con tuerca de sujeci\u00f3n de pl\u00e1stico de alto rendimiento para su uso en el relleno de grietas y cavidades y el rejuntado en todos los materiales de construcci\u00f3n habituales, como hormig\u00f3n, bloques huecos, ladrillos y arenisca. Ideal para inyectar resina epoxi y de poliuretano con alto contenido en s\u00f3lidos, o suspensi\u00f3n de cemento, pasta de cemento, mortero de inyecci\u00f3n. Para perforaciones de precisi\u00f3n dimensional en materiales de construcci\u00f3n macizos, adecuada para presiones de inyecci\u00f3n m\u00e1ximas de hasta 100 bar.<\/span><\/p>\n<p><span style=\"color: #000000;\"><span style=\"font-family: Arial, sans-serif;\"><span style=\"font-size: medium;\"><b>Para m\u00e1s informaci\u00f3n e instrucciones de seguridad, puede descargar aqu\u00ed la ficha t\u00e9cnica de este producto. <\/b><\/span><\/span><\/span><\/p>\n<p><a href=\"https:\/\/www.polymerpacker.de\/wp-content\/uploads\/2024\/01\/Polymerpacker-TM-SPS14116-DE-EN.pdf\"><img fetchpriority=\"high\" decoding=\"async\" class=\"alignnone wp-image-1504 size-medium\" src=\"https:\/\/www.polymerpacker.de\/wp-content\/uploads\/2020\/08\/PDF-DOWNLOAD-250x400.jpg\" alt=\"\" width=\"250\" height=\"400\" srcset=\"https:\/\/www.polymerpacker.de\/wp-content\/uploads\/2020\/08\/PDF-DOWNLOAD-250x400.jpg 250w, https:\/\/www.polymerpacker.de\/wp-content\/uploads\/2020\/08\/PDF-DOWNLOAD-200x320.jpg 200w, https:\/\/www.polymerpacker.de\/wp-content\/uploads\/2020\/08\/PDF-DOWNLOAD-scaled-150x240.jpg 150w, https:\/\/www.polymerpacker.de\/wp-content\/uploads\/2020\/08\/PDF-DOWNLOAD-400x640.jpg 400w, https:\/\/www.polymerpacker.de\/wp-content\/uploads\/2020\/08\/PDF-DOWNLOAD-500x800.jpg 500w, https:\/\/www.polymerpacker.de\/wp-content\/uploads\/2020\/08\/PDF-DOWNLOAD-768x1228.jpg 768w, https:\/\/www.polymerpacker.de\/wp-content\/uploads\/2020\/08\/PDF-DOWNLOAD-961x1536.jpg 961w, https:\/\/www.polymerpacker.de\/wp-content\/uploads\/2020\/08\/PDF-DOWNLOAD-1281x2048.jpg 1281w, https:\/\/www.polymerpacker.de\/wp-content\/uploads\/2020\/08\/PDF-DOWNLOAD-scaled.jpg 1601w\" sizes=\"(max-width: 250px) 100vw, 250px\" \/><\/a><\/p>","protected":false},"excerpt":{"rendered":"<h3><strong>Packer de inyecci\u00f3n para perforaci\u00f3n de 14 mm<\/strong><\/h3>\n<p><strong>Empaquetador de tornillo de acero de 116 mm de longitud. <\/strong>Manguito de goma <strong>40 mm<\/strong> largo con ranuras longitudinales para evitar la rotaci\u00f3n al sujetar el packer en el agujero de perforaci\u00f3n.<strong><span style=\"color: #00ccff;\"> Tuerca de sujeci\u00f3n con hex\u00e1gono de 14 mm<\/span> de pl\u00e1stico de alto rendimiento.<\/strong><\/p>\n<h4>Conexi\u00f3n: <strong>Rosca de tubo autosellante R1\/4\u2033.<\/strong>, paso libre <strong>\u00d8 5 mm<\/strong>.<\/h4>","protected":false},"featured_media":3771,"template":"","meta":[],"product_brand":[],"product_cat":[42,109],"product_tag":[110,129],"class_list":{"0":"post-3792","1":"product","2":"type-product","3":"status-publish","4":"has-post-thumbnail","6":"product_cat-injektion-packer-pumpen","7":"product_cat-injektionspacker-14-mm","8":"product_tag-injektionspacker-fuer-bohrung-14-mm","9":"product_tag-injektionspacker-fuer-harz","11":"first","12":"instock","13":"taxable","14":"shipping-taxable","15":"purchasable","16":"product-type-simple"},"tiered_pricing_type":"percentage","tiered_pricing_fixed_rules":[],"tiered_pricing_product_settings":{"layout":"default","base_unit_name":{"singular":null,"plural":null},"default_variation":null},"tiered_pricing_minimum_quantity":10,"tiered_pricing_roles_data":[],"tiered_pricing_percentage_rules":{"100":5,"1000":10},"tiered_pricing_maximum_quantity":null,"tiered_pricing_quantity_step":null,"_links":{"self":[{"href":"https:\/\/www.polymerpacker.de\/es\/wp-json\/wp\/v2\/product\/3792","targetHints":{"allow":["GET"]}}],"collection":[{"href":"https:\/\/www.polymerpacker.de\/es\/wp-json\/wp\/v2\/product"}],"about":[{"href":"https:\/\/www.polymerpacker.de\/es\/wp-json\/wp\/v2\/types\/product"}],"wp:featuredmedia":[{"embeddable":true,"href":"https:\/\/www.polymerpacker.de\/es\/wp-json\/wp\/v2\/media\/3771"}],"wp:attachment":[{"href":"https:\/\/www.polymerpacker.de\/es\/wp-json\/wp\/v2\/media?parent=3792"}],"wp:term":[{"taxonomy":"product_brand","embeddable":true,"href":"https:\/\/www.polymerpacker.de\/es\/wp-json\/wp\/v2\/product_brand?post=3792"},{"taxonomy":"product_cat","embeddable":true,"href":"https:\/\/www.polymerpacker.de\/es\/wp-json\/wp\/v2\/product_cat?post=3792"},{"taxonomy":"product_tag","embeddable":true,"href":"https:\/\/www.polymerpacker.de\/es\/wp-json\/wp\/v2\/product_tag?post=3792"}],"curies":[{"name":"wp","href":"https:\/\/api.w.org\/{rel}","templated":true}]}}