{"id":3605,"date":"2023-10-23T18:39:03","date_gmt":"2023-10-23T16:39:03","guid":{"rendered":"https:\/\/www.polymerpacker.de\/?post_type=product&#038;p=3605"},"modified":"2026-03-31T07:20:16","modified_gmt":"2026-03-31T05:20:16","slug":"empaquetadora-adhesiva-de-inyeccion-kp50r14","status":"publish","type":"product","link":"https:\/\/www.polymerpacker.de\/es\/produkt\/injektions-klebepacker-kp50r14\/","title":{"rendered":"Empaquetadora adhesiva de inyecci\u00f3n KP50R14"},"content":{"rendered":"<h2><span style=\"color: #000000;\"><strong>Empaquetadora adhesiva de inyecci\u00f3n KP50R14 <\/strong><\/span><\/h2>\n<p><span style=\"color: #000000;\">para la adhesi\u00f3n a superficies de elementos de construcci\u00f3n en las que no se desea o no se permite la perforaci\u00f3n de orificios para la lechada de fisuras <strong>(ZTV-RIS).<\/strong><\/span><\/p>\n<p><span style=\"color: #000000;\"><strong>Ejemplos de uso: <\/strong>Inyecci\u00f3n de grietas en elementos de construcci\u00f3n de hormig\u00f3n pretensado, hormig\u00f3n con armadura densa o elementos de hormig\u00f3n visto. Puede utilizarse para inyectar resina epoxi, resina de poliuretano y resina de poli\u00e9ster.<\/span><\/p>\n<p><span style=\"color: #000000;\"><strong>Polymerpacker Empaquetadora adhesiva de inyecci\u00f3n<\/strong><\/span><\/p>\n<p><span style=\"color: #000000;\">- Fabricado con un pl\u00e1stico de alto rendimiento altamente adhesivo.<\/span><\/p>\n<p><span style=\"color: #000000;\">- Superficie adhesiva con una estructura superficial optimizada para la adhesi\u00f3n.<\/span><\/p>\n<p><span style=\"color: #000000;\">- Puede utilizarse para presiones de inyecci\u00f3n m\u00e1ximas de hasta 60 bar al pegar superficies s\u00f3lidas con adhesivos de alta calidad.<\/span><\/p>\n<p><span style=\"color: #000000;\"><strong>Polymerpacker Empaquetadora adhesiva de inyecci\u00f3n. El producto original, de eficacia probada, fabricado por nosotros desde 1993.<\/strong><\/span><\/p>\n<p><strong>Inyecci\u00f3n de grietas seg\u00fan ZTV-RIS en un elemento de construcci\u00f3n de hormig\u00f3n, s<\/strong><strong>o es tan sencillo como eso:<\/strong><\/p>\n<p><strong>1. <\/strong>Limpie la grieta con chorro de arena o cepillo de alambre y s\u00e9quela con aire caliente si es necesario.<\/p>\n<p><img fetchpriority=\"high\" decoding=\"async\" class=\"size-medium wp-image-3590\" src=\"https:\/\/www.polymerpacker.de\/wp-content\/uploads\/2023\/10\/kp50ia1-400x400.jpg\" alt=\"Empaquetador adhesivo en uso Imagen 1 de 9\" width=\"400\" height=\"400\" srcset=\"https:\/\/www.polymerpacker.de\/wp-content\/uploads\/2023\/10\/kp50ia1-400x400.jpg 400w, https:\/\/www.polymerpacker.de\/wp-content\/uploads\/2023\/10\/kp50ia1-200x200.jpg 200w, https:\/\/www.polymerpacker.de\/wp-content\/uploads\/2023\/10\/kp50ia1-150x150.jpg 150w, https:\/\/www.polymerpacker.de\/wp-content\/uploads\/2023\/10\/kp50ia1-800x800.jpg 800w, https:\/\/www.polymerpacker.de\/wp-content\/uploads\/2023\/10\/kp50ia1-280x280.jpg 280w, https:\/\/www.polymerpacker.de\/wp-content\/uploads\/2023\/10\/kp50ia1-768x768.jpg 768w, https:\/\/www.polymerpacker.de\/wp-content\/uploads\/2023\/10\/kp50ia1-1536x1536.jpg 1536w, https:\/\/www.polymerpacker.de\/wp-content\/uploads\/2023\/10\/kp50ia1.jpg 2000w\" sizes=\"(max-width: 400px) 100vw, 400px\" \/><\/p>\n<p><strong>2. <\/strong>Para preparar los canales de inyecci\u00f3n, introduzca clavos de acero a una profundidad m\u00ednima de unos 5 mm en la grieta a intervalos de unos 20 cm.<\/p>\n<p><img decoding=\"async\" class=\"size-medium wp-image-3591\" src=\"https:\/\/www.polymerpacker.de\/wp-content\/uploads\/2023\/10\/kp50ia2-400x400.jpg\" alt=\"Empaquetador adhesivo en uso Imagen 2 de 9\" width=\"400\" height=\"400\" srcset=\"https:\/\/www.polymerpacker.de\/wp-content\/uploads\/2023\/10\/kp50ia2-400x400.jpg 400w, https:\/\/www.polymerpacker.de\/wp-content\/uploads\/2023\/10\/kp50ia2-200x200.jpg 200w, https:\/\/www.polymerpacker.de\/wp-content\/uploads\/2023\/10\/kp50ia2-150x150.jpg 150w, https:\/\/www.polymerpacker.de\/wp-content\/uploads\/2023\/10\/kp50ia2-800x800.jpg 800w, https:\/\/www.polymerpacker.de\/wp-content\/uploads\/2023\/10\/kp50ia2-280x280.jpg 280w, https:\/\/www.polymerpacker.de\/wp-content\/uploads\/2023\/10\/kp50ia2-768x768.jpg 768w, https:\/\/www.polymerpacker.de\/wp-content\/uploads\/2023\/10\/kp50ia2-1536x1536.jpg 1536w, https:\/\/www.polymerpacker.de\/wp-content\/uploads\/2023\/10\/kp50ia2.jpg 2000w\" sizes=\"(max-width: 400px) 100vw, 400px\" \/><\/p>\n<p><img decoding=\"async\" class=\"size-medium wp-image-3592\" src=\"https:\/\/www.polymerpacker.de\/wp-content\/uploads\/2023\/10\/kp50ia3-400x400.jpg\" alt=\"Empaquetador adhesivo en uso Imagen 3 de 9\" width=\"400\" height=\"400\" srcset=\"https:\/\/www.polymerpacker.de\/wp-content\/uploads\/2023\/10\/kp50ia3-400x400.jpg 400w, https:\/\/www.polymerpacker.de\/wp-content\/uploads\/2023\/10\/kp50ia3-200x200.jpg 200w, https:\/\/www.polymerpacker.de\/wp-content\/uploads\/2023\/10\/kp50ia3-150x150.jpg 150w, https:\/\/www.polymerpacker.de\/wp-content\/uploads\/2023\/10\/kp50ia3-800x800.jpg 800w, https:\/\/www.polymerpacker.de\/wp-content\/uploads\/2023\/10\/kp50ia3-280x280.jpg 280w, https:\/\/www.polymerpacker.de\/wp-content\/uploads\/2023\/10\/kp50ia3-768x768.jpg 768w, https:\/\/www.polymerpacker.de\/wp-content\/uploads\/2023\/10\/kp50ia3-1536x1536.jpg 1536w, https:\/\/www.polymerpacker.de\/wp-content\/uploads\/2023\/10\/kp50ia3.jpg 2000w\" sizes=\"(max-width: 400px) 100vw, 400px\" \/><\/p>\n<p><strong>3.<\/strong> Aplique un adhesivo adecuado a la superficie adhesiva de los packers adhesivos y presione los packers adhesivos sobre los clavos de acero en la superficie del componente de hormig\u00f3n. El adhesivo debe salir por las aberturas de la parte posterior de las superficies adhesivas para crear la uni\u00f3n adhesiva m\u00e1s fuerte y segura posible. Los clavos de acero martillados evitan que los canales de inyecci\u00f3n queden bloqueados por el adhesivo.<\/p>\n<p><img loading=\"lazy\" decoding=\"async\" class=\"size-medium wp-image-3593\" src=\"https:\/\/www.polymerpacker.de\/wp-content\/uploads\/2023\/10\/kp50ia4-400x400.jpg\" alt=\"Empaquetador adhesivo en uso Imagen 4 de 9\" width=\"400\" height=\"400\" srcset=\"https:\/\/www.polymerpacker.de\/wp-content\/uploads\/2023\/10\/kp50ia4-400x400.jpg 400w, https:\/\/www.polymerpacker.de\/wp-content\/uploads\/2023\/10\/kp50ia4-200x200.jpg 200w, https:\/\/www.polymerpacker.de\/wp-content\/uploads\/2023\/10\/kp50ia4-150x150.jpg 150w, https:\/\/www.polymerpacker.de\/wp-content\/uploads\/2023\/10\/kp50ia4-800x800.jpg 800w, https:\/\/www.polymerpacker.de\/wp-content\/uploads\/2023\/10\/kp50ia4-280x280.jpg 280w, https:\/\/www.polymerpacker.de\/wp-content\/uploads\/2023\/10\/kp50ia4-768x768.jpg 768w, https:\/\/www.polymerpacker.de\/wp-content\/uploads\/2023\/10\/kp50ia4-1536x1536.jpg 1536w, https:\/\/www.polymerpacker.de\/wp-content\/uploads\/2023\/10\/kp50ia4.jpg 2000w\" sizes=\"(max-width: 400px) 100vw, 400px\" \/><\/p>\n<p><img loading=\"lazy\" decoding=\"async\" class=\"size-medium wp-image-3594\" src=\"https:\/\/www.polymerpacker.de\/wp-content\/uploads\/2023\/10\/kp50ia5-400x400.jpg\" alt=\"Empaquetador adhesivo en uso Imagen 5 de 9\" width=\"400\" height=\"400\" srcset=\"https:\/\/www.polymerpacker.de\/wp-content\/uploads\/2023\/10\/kp50ia5-400x400.jpg 400w, https:\/\/www.polymerpacker.de\/wp-content\/uploads\/2023\/10\/kp50ia5-200x200.jpg 200w, https:\/\/www.polymerpacker.de\/wp-content\/uploads\/2023\/10\/kp50ia5-150x150.jpg 150w, https:\/\/www.polymerpacker.de\/wp-content\/uploads\/2023\/10\/kp50ia5-800x800.jpg 800w, https:\/\/www.polymerpacker.de\/wp-content\/uploads\/2023\/10\/kp50ia5-280x280.jpg 280w, https:\/\/www.polymerpacker.de\/wp-content\/uploads\/2023\/10\/kp50ia5-768x768.jpg 768w, https:\/\/www.polymerpacker.de\/wp-content\/uploads\/2023\/10\/kp50ia5-1536x1536.jpg 1536w, https:\/\/www.polymerpacker.de\/wp-content\/uploads\/2023\/10\/kp50ia5.jpg 2000w\" sizes=\"(max-width: 400px) 100vw, 400px\" \/><\/p>\n<p><img loading=\"lazy\" decoding=\"async\" class=\"size-medium wp-image-3595\" src=\"https:\/\/www.polymerpacker.de\/wp-content\/uploads\/2023\/10\/kp50ia6-400x400.jpg\" alt=\"Empaquetador adhesivo en uso Imagen 6 de 9\" width=\"400\" height=\"400\" srcset=\"https:\/\/www.polymerpacker.de\/wp-content\/uploads\/2023\/10\/kp50ia6-400x400.jpg 400w, https:\/\/www.polymerpacker.de\/wp-content\/uploads\/2023\/10\/kp50ia6-200x200.jpg 200w, https:\/\/www.polymerpacker.de\/wp-content\/uploads\/2023\/10\/kp50ia6-150x150.jpg 150w, https:\/\/www.polymerpacker.de\/wp-content\/uploads\/2023\/10\/kp50ia6-800x800.jpg 800w, https:\/\/www.polymerpacker.de\/wp-content\/uploads\/2023\/10\/kp50ia6-280x280.jpg 280w, https:\/\/www.polymerpacker.de\/wp-content\/uploads\/2023\/10\/kp50ia6-768x768.jpg 768w, https:\/\/www.polymerpacker.de\/wp-content\/uploads\/2023\/10\/kp50ia6-1536x1536.jpg 1536w, https:\/\/www.polymerpacker.de\/wp-content\/uploads\/2023\/10\/kp50ia6.jpg 2000w\" sizes=\"(max-width: 400px) 100vw, 400px\" \/><\/p>\n<p><strong>4.<\/strong> Sella la grieta con adhesivo, saca los clavos de acero cuando el adhesivo se haya endurecido y enrosca las boquillas c\u00f3nicas en los orificios roscados, pero no las aprietes todav\u00eda.<\/p>\n<p><img loading=\"lazy\" decoding=\"async\" class=\"size-medium wp-image-3597\" src=\"https:\/\/www.polymerpacker.de\/wp-content\/uploads\/2023\/10\/kp50iA8-400x400.jpg\" alt=\"Empaquetador adhesivo en uso Imagen 8 de 9\" width=\"400\" height=\"400\" srcset=\"https:\/\/www.polymerpacker.de\/wp-content\/uploads\/2023\/10\/kp50iA8-400x400.jpg 400w, https:\/\/www.polymerpacker.de\/wp-content\/uploads\/2023\/10\/kp50iA8-200x200.jpg 200w, https:\/\/www.polymerpacker.de\/wp-content\/uploads\/2023\/10\/kp50iA8-150x150.jpg 150w, https:\/\/www.polymerpacker.de\/wp-content\/uploads\/2023\/10\/kp50iA8-800x800.jpg 800w, https:\/\/www.polymerpacker.de\/wp-content\/uploads\/2023\/10\/kp50iA8-280x280.jpg 280w, https:\/\/www.polymerpacker.de\/wp-content\/uploads\/2023\/10\/kp50iA8-768x768.jpg 768w, https:\/\/www.polymerpacker.de\/wp-content\/uploads\/2023\/10\/kp50iA8-1536x1536.jpg 1536w, https:\/\/www.polymerpacker.de\/wp-content\/uploads\/2023\/10\/kp50iA8.jpg 2000w\" sizes=\"(max-width: 400px) 100vw, 400px\" \/><\/p>\n<p><strong>5.<\/strong> Empezando por el principio de la grieta en el primer empaquetador adhesivo, apriete la boquilla c\u00f3nica e inyecte resina hasta que salga resina sin espuma del segundo empaquetador adhesivo entre la rosca del empaquetador adhesivo y la boquilla c\u00f3nica. A continuaci\u00f3n, apriete tambi\u00e9n la boquilla c\u00f3nica del segundo empaquetador adhesivo e inyecte resina hasta que salga resina sin espuma del tercer empaquetador adhesivo entre la rosca del empaquetador adhesivo y la boquilla c\u00f3nica. Contin\u00fae en esta secuencia hasta que se haya inyectado resina en todos los empaquetadores de adhesivo. A continuaci\u00f3n, inyecte m\u00e1s resina en todos los empaquetadores de adhesivo. Este procedimiento debe eliminar sistem\u00e1ticamente el aire de la grieta y evitar la formaci\u00f3n de bolsas de aire.<\/p>\n<p><img loading=\"lazy\" decoding=\"async\" class=\"size-medium wp-image-3598\" src=\"https:\/\/www.polymerpacker.de\/wp-content\/uploads\/2023\/10\/kp50ia9-400x400.jpg\" alt=\"Empaquetador adhesivo en uso Imagen 9 de 9\" width=\"400\" height=\"400\" srcset=\"https:\/\/www.polymerpacker.de\/wp-content\/uploads\/2023\/10\/kp50ia9-400x400.jpg 400w, https:\/\/www.polymerpacker.de\/wp-content\/uploads\/2023\/10\/kp50ia9-200x200.jpg 200w, https:\/\/www.polymerpacker.de\/wp-content\/uploads\/2023\/10\/kp50ia9-150x150.jpg 150w, https:\/\/www.polymerpacker.de\/wp-content\/uploads\/2023\/10\/kp50ia9-800x800.jpg 800w, https:\/\/www.polymerpacker.de\/wp-content\/uploads\/2023\/10\/kp50ia9-280x280.jpg 280w, https:\/\/www.polymerpacker.de\/wp-content\/uploads\/2023\/10\/kp50ia9-768x768.jpg 768w, https:\/\/www.polymerpacker.de\/wp-content\/uploads\/2023\/10\/kp50ia9-1536x1536.jpg 1536w, https:\/\/www.polymerpacker.de\/wp-content\/uploads\/2023\/10\/kp50ia9.jpg 2000w\" sizes=\"(max-width: 400px) 100vw, 400px\" \/><\/p>\n<p><strong>Nuestra recomendaci\u00f3n:<\/strong><\/p>\n<p><strong>Para inyecci\u00f3n de grietas <\/strong><strong>Viscosidad lo m\u00e1s baja posible<\/strong> <strong>Utilice resinas epoxi, de poliuretano o de poli\u00e9ster a una presi\u00f3n de inyecci\u00f3n m\u00e1xima de unos 20 bares.<\/strong><strong> El mortero compuesto de poli\u00e9ster de 2 componentes (adhesivo de anclaje) ha demostrado ser muy eficaz para adherir packers adhesivos de inyecci\u00f3n a superficies de hormig\u00f3n.<\/strong><\/p>","protected":false},"excerpt":{"rendered":"<h3><span style=\"color: #000000;\"><strong>Empaquetadora adhesiva de inyecci\u00f3n KP50R14<\/strong><\/span><\/h3>\n<p><span style=\"color: #000000;\"><strong>Empaquetador adhesivo de pl\u00e1stico (reforzado con fibra de vidrio) para inyecci\u00f3n de grietas conforme a ZTV-RIS.<\/strong><\/span><\/p>\n<p><span style=\"color: #000000;\">De pl\u00e1stico reforzado con fibra de vidrio - muy robusto, superficie adhesiva \u00d8 50 mm.<\/span><\/p>\n<p><span style=\"color: #000000;\"><strong>Conexi\u00f3n: rosca exterior R1\/4\u201c (rosca de tubo autosellante), paso m\u00e1x. \u00d8 7 mm.<\/strong><\/span><\/p>","protected":false},"featured_media":3611,"template":"","meta":[],"product_brand":[],"product_cat":[42,205],"product_tag":[131,206],"class_list":{"0":"post-3605","1":"product","2":"type-product","3":"status-publish","4":"has-post-thumbnail","6":"product_cat-injektion-packer-pumpen","7":"product_cat-injektions-klebepacker","8":"product_tag-unsere-millionenfach-bewaehrten-produkte","9":"product_tag-klebepacker","11":"first","12":"instock","13":"taxable","14":"shipping-taxable","15":"purchasable","16":"product-type-simple"},"tiered_pricing_type":"percentage","tiered_pricing_fixed_rules":[],"tiered_pricing_product_settings":{"layout":"default","base_unit_name":{"singular":null,"plural":null},"default_variation":null},"tiered_pricing_minimum_quantity":10,"tiered_pricing_roles_data":[],"tiered_pricing_percentage_rules":{"100":5,"1000":8,"2000":10,"5000":12},"tiered_pricing_maximum_quantity":null,"tiered_pricing_quantity_step":null,"_links":{"self":[{"href":"https:\/\/www.polymerpacker.de\/es\/wp-json\/wp\/v2\/product\/3605","targetHints":{"allow":["GET"]}}],"collection":[{"href":"https:\/\/www.polymerpacker.de\/es\/wp-json\/wp\/v2\/product"}],"about":[{"href":"https:\/\/www.polymerpacker.de\/es\/wp-json\/wp\/v2\/types\/product"}],"wp:featuredmedia":[{"embeddable":true,"href":"https:\/\/www.polymerpacker.de\/es\/wp-json\/wp\/v2\/media\/3611"}],"wp:attachment":[{"href":"https:\/\/www.polymerpacker.de\/es\/wp-json\/wp\/v2\/media?parent=3605"}],"wp:term":[{"taxonomy":"product_brand","embeddable":true,"href":"https:\/\/www.polymerpacker.de\/es\/wp-json\/wp\/v2\/product_brand?post=3605"},{"taxonomy":"product_cat","embeddable":true,"href":"https:\/\/www.polymerpacker.de\/es\/wp-json\/wp\/v2\/product_cat?post=3605"},{"taxonomy":"product_tag","embeddable":true,"href":"https:\/\/www.polymerpacker.de\/es\/wp-json\/wp\/v2\/product_tag?post=3605"}],"curies":[{"name":"wp","href":"https:\/\/api.w.org\/{rel}","templated":true}]}}