{"id":3188,"date":"2023-04-28T19:22:58","date_gmt":"2023-04-28T17:22:58","guid":{"rendered":"https:\/\/www.polymerpacker.de\/?post_type=product&#038;p=3188"},"modified":"2026-04-15T16:00:59","modified_gmt":"2026-04-15T14:00:59","slug":"disolver-100-mm-con-eje-de-acero-inoxidable-500-mm-con-espiga","status":"publish","type":"product","link":"https:\/\/www.polymerpacker.de\/es\/produkt\/dissolver-100-mm-mit-edelstahlwelle-500-mm-mit-zapfen\/","title":{"rendered":"Disolver 100 mm con eje de acero inoxidable 500 mm con espiga"},"content":{"rendered":"<p lang=\"zxx\"><span style=\"color: #000000;\"><b>Polymerpacker Disolvente <\/b>(agitadores de disco) son herramientas muy eficaces con excelentes propiedades de mezcla para producir consistencias muy homog\u00e9neas. La baja formaci\u00f3n de salpicaduras, el escaso arrastre de aire en la mezcla (formaci\u00f3n de burbujas) y el f\u00e1cil desmontaje permiten trabajar de forma eficaz y limpia con una alta productividad.<strong> Polymerpacker - porque el buen trabajo empieza con buenas herramientas.<\/strong><\/span><\/p>\n<p lang=\"zxx\"><span style=\"color: #000000;\"><b>Ejemplos de aplicaci\u00f3n: <\/b> Mezclado, agitaci\u00f3n y dispersi\u00f3n de l\u00edquidos y suspensiones (pastas) como pinturas, barnices, adhesivos, mezclas de resinas sint\u00e9ticas, niveladores diversos, enlucidos, enlucidos de cal, cemento o arcilla. Mezcla de polvos secos y fluidos, granulados y arenas de densidad media.<\/span><\/p>\n<p><span style=\"color: #000000;\"><b>Polymerpacker Disolvente<\/b> est\u00e1n disponibles con discos de disoluci\u00f3n de 45, 75, 100 y 150 mm de di\u00e1metro. Cada uno de ellos puede combinarse con una amplia selecci\u00f3n de ejes de disoluci\u00f3n diferentes para cubrir innumerables \u00e1mbitos de aplicaci\u00f3n. El disco de disoluci\u00f3n puede acoplarse y desacoplarse r\u00e1pida y f\u00e1cilmente del eje de disoluci\u00f3n correspondiente. Los taladros disponibles en el mercado son ideales como m\u00e1quinas de accionamiento.<\/span><\/p>\n<h3><span style=\"color: #000000;\"><b><strong>Nuestro Dissolver 100 mm es un producto que ha sido probado millones de veces. Producido por nosotros desde 2016.<\/strong><\/b><\/span><\/h3>","protected":false},"excerpt":{"rendered":"<h3><span style=\"color: #000000;\"><strong>Disolver 100 mm con eje de acero inoxidable 500 mm con espiga<\/strong><\/span><\/h3>\n<p><span style=\"color: #000000;\"><strong>Eje de disoluci\u00f3n de 500 mm de longitud, de acero inoxidable hexagonal de 10 mm (inoxidable) con espiga de 10 mm para utilizar en portabrocas de hasta 10 mm (3\/8\u2033) como m\u00e1ximo<\/strong><\/span><\/p>","protected":false},"featured_media":3067,"template":"","meta":[],"product_brand":[],"product_cat":[219],"product_tag":[127],"class_list":{"0":"post-3188","1":"product","2":"type-product","3":"status-publish","4":"has-post-thumbnail","6":"product_cat-dissolver-100-mm-mit-edelstahlwelle","7":"product_tag-dissolver","9":"first","10":"instock","11":"taxable","12":"shipping-taxable","13":"purchasable","14":"product-type-simple"},"tiered_pricing_type":"percentage","tiered_pricing_fixed_rules":[],"tiered_pricing_product_settings":{"layout":"table","base_unit_name":{"singular":null,"plural":null},"default_variation":null},"tiered_pricing_minimum_quantity":null,"tiered_pricing_roles_data":[],"tiered_pricing_percentage_rules":{"5":3,"10":5,"25":8},"tiered_pricing_maximum_quantity":null,"tiered_pricing_quantity_step":null,"_links":{"self":[{"href":"https:\/\/www.polymerpacker.de\/es\/wp-json\/wp\/v2\/product\/3188","targetHints":{"allow":["GET"]}}],"collection":[{"href":"https:\/\/www.polymerpacker.de\/es\/wp-json\/wp\/v2\/product"}],"about":[{"href":"https:\/\/www.polymerpacker.de\/es\/wp-json\/wp\/v2\/types\/product"}],"wp:featuredmedia":[{"embeddable":true,"href":"https:\/\/www.polymerpacker.de\/es\/wp-json\/wp\/v2\/media\/3067"}],"wp:attachment":[{"href":"https:\/\/www.polymerpacker.de\/es\/wp-json\/wp\/v2\/media?parent=3188"}],"wp:term":[{"taxonomy":"product_brand","embeddable":true,"href":"https:\/\/www.polymerpacker.de\/es\/wp-json\/wp\/v2\/product_brand?post=3188"},{"taxonomy":"product_cat","embeddable":true,"href":"https:\/\/www.polymerpacker.de\/es\/wp-json\/wp\/v2\/product_cat?post=3188"},{"taxonomy":"product_tag","embeddable":true,"href":"https:\/\/www.polymerpacker.de\/es\/wp-json\/wp\/v2\/product_tag?post=3188"}],"curies":[{"name":"wp","href":"https:\/\/api.w.org\/{rel}","templated":true}]}}