{"id":3126,"date":"2023-04-25T14:19:27","date_gmt":"2023-04-25T12:19:27","guid":{"rendered":"https:\/\/www.polymerpacker.de\/?post_type=product&#038;p=3126"},"modified":"2026-04-15T16:01:00","modified_gmt":"2026-04-15T14:01:00","slug":"disolvedor-de-75-mm-para-tecnologia-alimentaria-y-medica-con-eje-de-acero-inoxidable-de-300-mm","status":"publish","type":"product","link":"https:\/\/www.polymerpacker.de\/es\/produkt\/dissolver-75-mm-fuer-lebensmittel-und-medizintechnik-mit-edelstahlwelle-300-mm\/","title":{"rendered":"Disolvedor de 75 mm para tecnolog\u00eda alimentaria y m\u00e9dica con eje de acero inoxidable de 300 mm"},"content":{"rendered":"<p><span style=\"color: #000000;\"><strong>Polymerpacker Disolvente<\/strong> son herramientas muy eficaces con excelentes propiedades de mezcla para producir consistencias muy homog\u00e9neas. La baja formaci\u00f3n de salpicaduras, la escasa entrada de aire en la mezcla (formaci\u00f3n de burbujas) y el f\u00e1cil desmontaje permiten trabajar de forma eficaz y limpia con una alta productividad. <strong>Polymerpacker, porque el buen trabajo empieza con buenas herramientas<\/strong>.<\/span><\/p>\n<p><span style=\"color: #000000;\">Con el Polymerpacker <strong>Disolventes para tecnolog\u00eda alimentaria y m\u00e9dica<\/strong> los discos disolvedores est\u00e1n fabricados con una poliamida que cumple las especificaciones pertinentes de la FDA (US - Food and Drug Administration) y de la UE n\u00ba 10\/2011. Los ejes de disoluci\u00f3n son de acero inoxidable (material: 1.4305). Los ejes de disoluci\u00f3n de acero inoxidable (material: 1.4404 \/ 316L) est\u00e1n disponibles bajo pedido. Los certificados de ensayo de materiales de todos los materiales utilizados est\u00e1n disponibles gratuitamente previa solicitud.<\/span><\/p>\n<p><span style=\"color: #000000;\"><strong>Ejemplos de aplicaciones alimentarias<\/strong>Mezcla, agitaci\u00f3n y dispersi\u00f3n de l\u00edquidos y suspensiones (cremas, pastas, salsas). Muy adecuado para productos de masa, mezclas para embutidos, productos l\u00e1cteos, producci\u00f3n de bebidas.<\/span><\/p>\n<p><span style=\"color: #000000;\"><strong>Ejemplos de aplicaciones m\u00e9dicas<\/strong>Mezcla, agitaci\u00f3n y dispersi\u00f3n de l\u00edquidos y suspensiones (cremas, ung\u00fcentos, pastas, lociones, emulsiones) como desinfectantes, productos para el cuidado de la piel, productos para el cuidado del cabello, medicamentos l\u00edquidos o en polvo y complementos alimenticios.<\/span><\/p>","protected":false},"excerpt":{"rendered":"<h3><span style=\"color: #000000;\"><strong>Disolvedor de 75 mm para tecnolog\u00eda alimentaria y m\u00e9dica con eje de acero inoxidable de 300 mm<\/strong><\/span><\/h3>\n<p><span style=\"color: #000000;\">Eje disolvedor de 300 mm de longitud, fabricado en acero inoxidable hexagonal de 8 mm.<\/span><\/p>","protected":false},"featured_media":3099,"template":"","meta":[],"product_brand":[],"product_cat":[135,214],"product_tag":[127],"class_list":{"0":"post-3126","1":"product","2":"type-product","3":"status-publish","4":"has-post-thumbnail","6":"product_cat-dissolver-fuer-lebensmittel-und-medizintechnik","7":"product_cat-dissolver-75-mm-fuer-lebensmittel-und-medizintechnik","8":"product_tag-dissolver","10":"first","11":"instock","12":"taxable","13":"shipping-taxable","14":"purchasable","15":"product-type-simple"},"tiered_pricing_type":"percentage","tiered_pricing_fixed_rules":[],"tiered_pricing_product_settings":{"layout":"table","base_unit_name":{"singular":null,"plural":null},"default_variation":null},"tiered_pricing_minimum_quantity":null,"tiered_pricing_roles_data":[],"tiered_pricing_percentage_rules":{"5":3,"10":5,"25":8},"tiered_pricing_maximum_quantity":null,"tiered_pricing_quantity_step":null,"_links":{"self":[{"href":"https:\/\/www.polymerpacker.de\/es\/wp-json\/wp\/v2\/product\/3126","targetHints":{"allow":["GET"]}}],"collection":[{"href":"https:\/\/www.polymerpacker.de\/es\/wp-json\/wp\/v2\/product"}],"about":[{"href":"https:\/\/www.polymerpacker.de\/es\/wp-json\/wp\/v2\/types\/product"}],"wp:featuredmedia":[{"embeddable":true,"href":"https:\/\/www.polymerpacker.de\/es\/wp-json\/wp\/v2\/media\/3099"}],"wp:attachment":[{"href":"https:\/\/www.polymerpacker.de\/es\/wp-json\/wp\/v2\/media?parent=3126"}],"wp:term":[{"taxonomy":"product_brand","embeddable":true,"href":"https:\/\/www.polymerpacker.de\/es\/wp-json\/wp\/v2\/product_brand?post=3126"},{"taxonomy":"product_cat","embeddable":true,"href":"https:\/\/www.polymerpacker.de\/es\/wp-json\/wp\/v2\/product_cat?post=3126"},{"taxonomy":"product_tag","embeddable":true,"href":"https:\/\/www.polymerpacker.de\/es\/wp-json\/wp\/v2\/product_tag?post=3126"}],"curies":[{"name":"wp","href":"https:\/\/api.w.org\/{rel}","templated":true}]}}