{"id":2827,"date":"2022-12-04T20:24:54","date_gmt":"2022-12-04T19:24:54","guid":{"rendered":"https:\/\/www.polymerpacker.de\/?post_type=product&#038;p=2827"},"modified":"2026-04-15T16:01:02","modified_gmt":"2026-04-15T14:01:02","slug":"jeringa-de-inyeccion-de-adhesivo-de-polimero-acrilico","status":"publish","type":"product","link":"https:\/\/www.polymerpacker.de\/es\/produkt\/acrylpolymer-kleber-injektionsspritze\/","title":{"rendered":"Adhesivo de pol\u00edmero acr\u00edlico en jeringa de inyecci\u00f3n de 30 ml"},"content":{"rendered":"<h2>Adhesivo de pol\u00edmero acr\u00edlico en jeringa de inyecci\u00f3n de 30 ml<\/h2>\n<p><span style=\"color: #000000;\"><strong>Caracter\u00edsticas del producto<\/strong><\/span><\/p>\n<p><span style=\"color: #000000;\">Listo para usar, altamente concentrado, monocomponente y sin disolventes <strong>Emulsi\u00f3n de pol\u00edmero acr\u00edlico<\/strong> con excelentes propiedades de uni\u00f3n y adherencia en superficies minerales. La baja viscosidad y la baja tensi\u00f3n superficial de la emulsi\u00f3n de pol\u00edmero acr\u00edlico permiten una penetraci\u00f3n muy profunda en las grietas y poros m\u00e1s finos.<\/span><\/p>\n<p><span style=\"color: #000000;\"><strong>Ejemplos de aplicaci\u00f3n<\/strong><\/span><\/p>\n<p><span style=\"color: #000000;\">Muy adecuado para el relleno y sellado no positivo de cavidades, fisuras y grietas finas en elementos de construcci\u00f3n de hormig\u00f3n, yeso y solado. As\u00ed como clinker y baldosas de cer\u00e1mica, terracota, terrazo, piedra natural o artificial en suelos y paredes interiores y exteriores.<\/span><\/p>\n<h4><b><span style=\"color: #000000;\">Para m\u00e1s informaci\u00f3n e instrucciones de seguridad, puede descargar la ficha t\u00e9cnica de este producto aqu\u00ed<\/span> <\/b><\/h4>\n<p><a href=\"https:\/\/www.polymerpacker.de\/wp-content\/uploads\/2022\/12\/Polymerpacker-TM-BC-APE-DE.pdf\"><img fetchpriority=\"high\" decoding=\"async\" class=\"size-medium wp-image-1504\" src=\"https:\/\/www.polymerpacker.de\/wp-content\/uploads\/2020\/08\/PDF-DOWNLOAD-250x400.jpg\" alt=\"Haga clic para descargar el pdf\" width=\"250\" height=\"400\" srcset=\"https:\/\/www.polymerpacker.de\/wp-content\/uploads\/2020\/08\/PDF-DOWNLOAD-250x400.jpg 250w, https:\/\/www.polymerpacker.de\/wp-content\/uploads\/2020\/08\/PDF-DOWNLOAD-200x320.jpg 200w, https:\/\/www.polymerpacker.de\/wp-content\/uploads\/2020\/08\/PDF-DOWNLOAD-scaled-150x240.jpg 150w, https:\/\/www.polymerpacker.de\/wp-content\/uploads\/2020\/08\/PDF-DOWNLOAD-400x640.jpg 400w, https:\/\/www.polymerpacker.de\/wp-content\/uploads\/2020\/08\/PDF-DOWNLOAD-500x800.jpg 500w, https:\/\/www.polymerpacker.de\/wp-content\/uploads\/2020\/08\/PDF-DOWNLOAD-768x1228.jpg 768w, https:\/\/www.polymerpacker.de\/wp-content\/uploads\/2020\/08\/PDF-DOWNLOAD-961x1536.jpg 961w, https:\/\/www.polymerpacker.de\/wp-content\/uploads\/2020\/08\/PDF-DOWNLOAD-1281x2048.jpg 1281w, https:\/\/www.polymerpacker.de\/wp-content\/uploads\/2020\/08\/PDF-DOWNLOAD-scaled.jpg 1601w\" sizes=\"(max-width: 250px) 100vw, 250px\" \/><\/a><\/p>","protected":false},"excerpt":{"rendered":"<p>Acrylpolymer- Kleber in 30 ml Injektionsspritze Produkteigenschaften Gebrauchsfertige, hochkonzentrierte, ein-komponentige und l\u00f6semittelfreie Acrylpolymer- Emulsion mit exzellentem Binde und Haftverm\u00f6gen an mineralischen Oberfl\u00e4chen. Die niedrige Viskosit\u00e4t und geringe Oberfl\u00e4chenspannung der Acrylpolymer- Emulsion erm\u00f6glichen ein sehr tiefes eindringen in feinste Risse und Poren. Anwendungsbeispiele Sehr gut geeignet zum kraftschl\u00fcssigen Verf\u00fcllen und Verschlie\u00dfen von Hohlstellen, Rissen und Haarrissen [&hellip;]<\/p>\n","protected":false},"featured_media":2819,"template":"","meta":[],"product_brand":[],"product_cat":[209],"product_tag":[210],"class_list":{"0":"post-2827","1":"product","2":"type-product","3":"status-publish","4":"has-post-thumbnail","6":"product_cat-fliesen-reparatur-set","7":"product_tag-fliesen-reparatur","9":"first","10":"instock","11":"taxable","12":"shipping-taxable","13":"purchasable","14":"product-type-simple"},"tiered_pricing_type":"percentage","tiered_pricing_fixed_rules":[],"tiered_pricing_product_settings":{"layout":"default","base_unit_name":{"singular":null,"plural":null},"default_variation":null},"tiered_pricing_minimum_quantity":null,"tiered_pricing_roles_data":[],"tiered_pricing_percentage_rules":{"5":5,"10":8},"tiered_pricing_maximum_quantity":null,"tiered_pricing_quantity_step":null,"_links":{"self":[{"href":"https:\/\/www.polymerpacker.de\/es\/wp-json\/wp\/v2\/product\/2827","targetHints":{"allow":["GET"]}}],"collection":[{"href":"https:\/\/www.polymerpacker.de\/es\/wp-json\/wp\/v2\/product"}],"about":[{"href":"https:\/\/www.polymerpacker.de\/es\/wp-json\/wp\/v2\/types\/product"}],"wp:featuredmedia":[{"embeddable":true,"href":"https:\/\/www.polymerpacker.de\/es\/wp-json\/wp\/v2\/media\/2819"}],"wp:attachment":[{"href":"https:\/\/www.polymerpacker.de\/es\/wp-json\/wp\/v2\/media?parent=2827"}],"wp:term":[{"taxonomy":"product_brand","embeddable":true,"href":"https:\/\/www.polymerpacker.de\/es\/wp-json\/wp\/v2\/product_brand?post=2827"},{"taxonomy":"product_cat","embeddable":true,"href":"https:\/\/www.polymerpacker.de\/es\/wp-json\/wp\/v2\/product_cat?post=2827"},{"taxonomy":"product_tag","embeddable":true,"href":"https:\/\/www.polymerpacker.de\/es\/wp-json\/wp\/v2\/product_tag?post=2827"}],"curies":[{"name":"wp","href":"https:\/\/api.w.org\/{rel}","templated":true}]}}