{"id":275,"date":"2019-04-15T16:05:34","date_gmt":"2019-04-15T16:05:34","guid":{"rendered":"http:\/\/b38jwy.myraidbox.de\/?post_type=product&#038;p=275"},"modified":"2026-04-21T10:10:24","modified_gmt":"2026-04-21T08:10:24","slug":"crack-monitor-rma-para-documentar-grietas","status":"publish","type":"product","link":"https:\/\/www.polymerpacker.de\/es\/produkt\/rissmonitor-rma-zum-dokumentieren-von-rissen\/","title":{"rendered":"Monitor de grietas RMA para documentar grietas"},"content":{"rendered":"<h2>Monitor de grietas RMA para documentar grietas<\/h2>\n<p><span style=\"color: #000000; font-size: 100%;\">Monitor de grietas para el registro anal\u00f3gico y num\u00e9rico de los cambios de anchura de grietas y juntas en edificios mediante medici\u00f3n diferencial. La disposici\u00f3n de la cruz reticular (roja) sobre la escala de l\u00edneas (negra) permite la lectura directa de los cambios. El monitor de grietas puede montarse r\u00e1pida y f\u00e1cilmente, incluso sobre grietas anchas o juntas estructurales regulares, utilizando un adhesivo adecuado o los tornillos de acero inoxidable con espigas incluidos. <\/span><span style=\"color: #000000; font-size: 100%;\">Los cambios en la anchura de las grietas y juntas se pueden documentar de forma f\u00e1cil, r\u00e1pida y precisa tomando fotograf\u00edas peri\u00f3dicas con la cruz reticular situada sobre la escala de l\u00edneas. <\/span><\/p>\n<p><span style=\"color: #000000; font-size: 100%;\">El juego de monitor de grietas consta de 1 monitor de grietas en dise\u00f1o robusto para exteriores, 4 tornillos de acero inoxidable DIN 7981 4,2 x 32 mm, 4 arandelas 4 x 12 mm, 4 tapones Fischer UX 6 mm.<\/span><\/p>\n<p><span style=\"color: #000000; font-size: 100%;\"><span style=\"font-family: Arial, sans-serif;\"><b><span style=\"color: #282828;\"><span style=\"color: #000000;\">Para m\u00e1s informaci\u00f3n e instrucciones de seguridad, puede descargar aqu\u00ed la ficha t\u00e9cnica de este producto.<\/span> <\/span> <\/b><\/span><\/span><\/p>\n<p><a href=\"https:\/\/www.polymerpacker.de\/wp-content\/uploads\/2022\/02\/Polymerpacker-TM-RMA-DE-EN-FR-ES-IT-NL.pdf\"><img fetchpriority=\"high\" decoding=\"async\" class=\"alignnone wp-image-1504 size-medium\" src=\"https:\/\/www.polymerpacker.de\/wp-content\/uploads\/2020\/08\/PDF-DOWNLOAD-250x400.jpg\" alt=\"\" width=\"250\" height=\"400\" srcset=\"https:\/\/www.polymerpacker.de\/wp-content\/uploads\/2020\/08\/PDF-DOWNLOAD-250x400.jpg 250w, https:\/\/www.polymerpacker.de\/wp-content\/uploads\/2020\/08\/PDF-DOWNLOAD-200x320.jpg 200w, https:\/\/www.polymerpacker.de\/wp-content\/uploads\/2020\/08\/PDF-DOWNLOAD-scaled-150x240.jpg 150w, https:\/\/www.polymerpacker.de\/wp-content\/uploads\/2020\/08\/PDF-DOWNLOAD-400x640.jpg 400w, https:\/\/www.polymerpacker.de\/wp-content\/uploads\/2020\/08\/PDF-DOWNLOAD-500x800.jpg 500w, https:\/\/www.polymerpacker.de\/wp-content\/uploads\/2020\/08\/PDF-DOWNLOAD-768x1228.jpg 768w, https:\/\/www.polymerpacker.de\/wp-content\/uploads\/2020\/08\/PDF-DOWNLOAD-961x1536.jpg 961w, https:\/\/www.polymerpacker.de\/wp-content\/uploads\/2020\/08\/PDF-DOWNLOAD-1281x2048.jpg 1281w, https:\/\/www.polymerpacker.de\/wp-content\/uploads\/2020\/08\/PDF-DOWNLOAD-scaled.jpg 1601w\" sizes=\"(max-width: 250px) 100vw, 250px\" \/><\/a><\/p>","protected":false},"excerpt":{"rendered":"<h3><span style=\"color: #000000;\">Monitor de grietas RMA para documentar grietas<\/span><\/h3>\n<p><span style=\"color: #000000;\">para atornillar o pegar, <\/span><span style=\"color: #000000;\">Dise\u00f1o robusto para exteriores, <\/span><span style=\"color: #000000;\"><strong>Juego de tornillos de fijaci\u00f3n de acero inoxidable incluido.<\/strong><\/span><\/p>","protected":false},"featured_media":1376,"template":"","meta":[],"product_brand":[],"product_cat":[82],"product_tag":[86],"class_list":{"0":"post-275","1":"product","2":"type-product","3":"status-publish","4":"has-post-thumbnail","6":"product_cat-rissmonitor","7":"product_tag-rissmonitor","9":"first","10":"instock","11":"taxable","12":"shipping-taxable","13":"purchasable","14":"product-type-simple"},"tiered_pricing_type":"percentage","tiered_pricing_fixed_rules":{"5":15.75,"10":14.5,"25":13.7},"tiered_pricing_product_settings":{"layout":"table","base_unit_name":{"singular":null,"plural":null},"default_variation":null},"tiered_pricing_minimum_quantity":null,"tiered_pricing_roles_data":[],"tiered_pricing_percentage_rules":{"5":5,"10":8},"tiered_pricing_maximum_quantity":null,"tiered_pricing_quantity_step":null,"_links":{"self":[{"href":"https:\/\/www.polymerpacker.de\/es\/wp-json\/wp\/v2\/product\/275","targetHints":{"allow":["GET"]}}],"collection":[{"href":"https:\/\/www.polymerpacker.de\/es\/wp-json\/wp\/v2\/product"}],"about":[{"href":"https:\/\/www.polymerpacker.de\/es\/wp-json\/wp\/v2\/types\/product"}],"wp:featuredmedia":[{"embeddable":true,"href":"https:\/\/www.polymerpacker.de\/es\/wp-json\/wp\/v2\/media\/1376"}],"wp:attachment":[{"href":"https:\/\/www.polymerpacker.de\/es\/wp-json\/wp\/v2\/media?parent=275"}],"wp:term":[{"taxonomy":"product_brand","embeddable":true,"href":"https:\/\/www.polymerpacker.de\/es\/wp-json\/wp\/v2\/product_brand?post=275"},{"taxonomy":"product_cat","embeddable":true,"href":"https:\/\/www.polymerpacker.de\/es\/wp-json\/wp\/v2\/product_cat?post=275"},{"taxonomy":"product_tag","embeddable":true,"href":"https:\/\/www.polymerpacker.de\/es\/wp-json\/wp\/v2\/product_tag?post=275"}],"curies":[{"name":"wp","href":"https:\/\/api.w.org\/{rel}","templated":true}]}}