{"id":2694,"date":"2022-09-29T17:49:18","date_gmt":"2022-09-29T15:49:18","guid":{"rendered":"https:\/\/www.polymerpacker.de\/?post_type=product&#038;p=2694"},"modified":"2026-04-15T16:01:02","modified_gmt":"2026-04-15T14:01:02","slug":"packer-de-inyeccion-lsp14dlnv-con-valvula-para-perforacion-de-14-mm","status":"publish","type":"product","link":"https:\/\/www.polymerpacker.de\/es\/produkt\/injektionspacker-lsp14dlnv-mit-ventil-fuer-bohrloch-14-mm\/","title":{"rendered":"Packer de inyecci\u00f3n LSP14DLNV con v\u00e1lvula para perforaci\u00f3n de 14 mm"},"content":{"rendered":"<h3><strong>Packer de inyecci\u00f3n LSP14DLNV con v\u00e1lvula para perforaci\u00f3n de 14 mm<\/strong><\/h3>\n<p><strong><span style=\"color: #000000;\">Empaquetador de impacto laminar de pl\u00e1stico de alto rendimiento<\/span><\/strong><span style=\"color: #000000;\"> Para el rejuntado de grietas y cavidades a baja presi\u00f3n o la impregnaci\u00f3n a presi\u00f3n con resina epoxi, resina de poliuretano, emulsi\u00f3n de silicona, crema de silicato, microemulsi\u00f3n, soluciones acuosas, agentes silicificantes, agentes antif\u00fangicos. En todos los materiales de construcci\u00f3n habituales como hormig\u00f3n, bloque hueco, ladrillo, arenisca, ladrillo silicocalc\u00e1reo, piedra p\u00f3mez, arcilla. Para perforaciones de precisi\u00f3n dimensional en materiales de construcci\u00f3n macizos, apto para presiones de inyecci\u00f3n m\u00e1ximas de hasta 30 bar.<\/span><\/p>\n<p><span style=\"color: #000000;\"><strong>Para m\u00e1s informaci\u00f3n e instrucciones de seguridad, puede descargar aqu\u00ed la ficha t\u00e9cnica de este producto.<\/strong> <\/span><\/p>\n<p><a href=\"https:\/\/www.polymerpacker.de\/wp-content\/uploads\/2022\/09\/Polymerpacker-TM-LSP14DLNV-DE-EN.pdf\"><img fetchpriority=\"high\" decoding=\"async\" class=\"alignnone wp-image-1504 size-medium\" src=\"https:\/\/www.polymerpacker.de\/wp-content\/uploads\/2020\/08\/PDF-DOWNLOAD-250x400.jpg\" alt=\"\" width=\"250\" height=\"400\" srcset=\"https:\/\/www.polymerpacker.de\/wp-content\/uploads\/2020\/08\/PDF-DOWNLOAD-250x400.jpg 250w, https:\/\/www.polymerpacker.de\/wp-content\/uploads\/2020\/08\/PDF-DOWNLOAD-200x320.jpg 200w, https:\/\/www.polymerpacker.de\/wp-content\/uploads\/2020\/08\/PDF-DOWNLOAD-scaled-150x240.jpg 150w, https:\/\/www.polymerpacker.de\/wp-content\/uploads\/2020\/08\/PDF-DOWNLOAD-400x640.jpg 400w, https:\/\/www.polymerpacker.de\/wp-content\/uploads\/2020\/08\/PDF-DOWNLOAD-500x800.jpg 500w, https:\/\/www.polymerpacker.de\/wp-content\/uploads\/2020\/08\/PDF-DOWNLOAD-768x1228.jpg 768w, https:\/\/www.polymerpacker.de\/wp-content\/uploads\/2020\/08\/PDF-DOWNLOAD-961x1536.jpg 961w, https:\/\/www.polymerpacker.de\/wp-content\/uploads\/2020\/08\/PDF-DOWNLOAD-1281x2048.jpg 1281w, https:\/\/www.polymerpacker.de\/wp-content\/uploads\/2020\/08\/PDF-DOWNLOAD-scaled.jpg 1601w\" sizes=\"(max-width: 250px) 100vw, 250px\" \/><\/a><\/p>","protected":false},"excerpt":{"rendered":"<h3><strong>Packer de inyecci\u00f3n LSP14DLNV con v\u00e1lvula para perforaci\u00f3n de 14 mm<\/strong><\/h3>\n<p><strong>Packer de impacto de pl\u00e1stico de 100 mm de longitud.<\/strong><\/p>\n<h4>Conexi\u00f3n: <strong>Euro-tuerca de aire comprimido DIN 14152, anchura nominal 7 mm<\/strong> con <strong>v\u00e1lvula antirretorno incorporada<\/strong>, presi\u00f3n de apertura aprox. <strong>1 bar<\/strong>.<\/h4>\n<p><strong>Herramienta de envoltura gratuita en cada paquete<\/strong><\/p>","protected":false},"featured_media":2433,"template":"","meta":[],"product_brand":[],"product_cat":[42,109],"product_tag":[110,132,197],"class_list":{"0":"post-2694","1":"product","2":"type-product","3":"status-publish","4":"has-post-thumbnail","6":"product_cat-injektion-packer-pumpen","7":"product_cat-injektionspacker-14-mm","8":"product_tag-injektionspacker-fuer-bohrung-14-mm","9":"product_tag-injektionspacker-fuer-zement","10":"product_tag-injektionspacker-mit-druckluftnippel","12":"first","13":"instock","14":"taxable","15":"shipping-taxable","16":"purchasable","17":"product-type-simple"},"tiered_pricing_type":"percentage","tiered_pricing_fixed_rules":[],"tiered_pricing_product_settings":{"layout":"default","base_unit_name":{"singular":null,"plural":null},"default_variation":null},"tiered_pricing_minimum_quantity":10,"tiered_pricing_roles_data":[],"tiered_pricing_percentage_rules":{"100":5,"1000":8},"tiered_pricing_maximum_quantity":null,"tiered_pricing_quantity_step":null,"_links":{"self":[{"href":"https:\/\/www.polymerpacker.de\/es\/wp-json\/wp\/v2\/product\/2694","targetHints":{"allow":["GET"]}}],"collection":[{"href":"https:\/\/www.polymerpacker.de\/es\/wp-json\/wp\/v2\/product"}],"about":[{"href":"https:\/\/www.polymerpacker.de\/es\/wp-json\/wp\/v2\/types\/product"}],"wp:featuredmedia":[{"embeddable":true,"href":"https:\/\/www.polymerpacker.de\/es\/wp-json\/wp\/v2\/media\/2433"}],"wp:attachment":[{"href":"https:\/\/www.polymerpacker.de\/es\/wp-json\/wp\/v2\/media?parent=2694"}],"wp:term":[{"taxonomy":"product_brand","embeddable":true,"href":"https:\/\/www.polymerpacker.de\/es\/wp-json\/wp\/v2\/product_brand?post=2694"},{"taxonomy":"product_cat","embeddable":true,"href":"https:\/\/www.polymerpacker.de\/es\/wp-json\/wp\/v2\/product_cat?post=2694"},{"taxonomy":"product_tag","embeddable":true,"href":"https:\/\/www.polymerpacker.de\/es\/wp-json\/wp\/v2\/product_tag?post=2694"}],"curies":[{"name":"wp","href":"https:\/\/api.w.org\/{rel}","templated":true}]}}