{"id":2683,"date":"2022-09-25T20:13:23","date_gmt":"2022-09-25T18:13:23","guid":{"rendered":"https:\/\/www.polymerpacker.de\/?post_type=product&#038;p=2683"},"modified":"2026-04-15T16:00:59","modified_gmt":"2026-04-15T14:00:59","slug":"angulo-de-inyeccion-empaquetadora-adhesiva-kpwr14m6","status":"publish","type":"product","link":"https:\/\/www.polymerpacker.de\/es\/produkt\/injektions-winkel-klebepacker-kpwr14m6\/","title":{"rendered":"Empaquetador adhesivo de \u00e1ngulo de inyecci\u00f3n KPWR14M6"},"content":{"rendered":"<h2><span style=\"color: #000000;\"><strong>Empaquetador adhesivo de \u00e1ngulo de inyecci\u00f3n KPWR14M6<\/strong><\/span><\/h2>\n<p><span style=\"color: #000000;\"> para la adhesi\u00f3n a superficies de elementos de construcci\u00f3n en las que no se desea o no se permite la perforaci\u00f3n de orificios para la lechada de fisuras <strong>(ZTV-RIS).<\/strong><\/span><\/p>\n<p><span style=\"color: #000000;\"><strong>Ejemplos de uso: <\/strong>Inyecci\u00f3n de grietas en elementos de construcci\u00f3n de hormig\u00f3n pretensado, hormig\u00f3n con armadura densa o elementos de hormig\u00f3n visto. Puede utilizarse para inyectar resina epoxi, resina de poliuretano y resina de poli\u00e9ster.<\/span><\/p>\n<p><span style=\"color: #000000;\"><strong>Polymerpacker Empaquetadora adhesiva de inyecci\u00f3n<\/strong><\/span><\/p>\n<p><span style=\"color: #000000;\">- Fabricado con un pl\u00e1stico de alto rendimiento altamente adhesivo.<\/span><\/p>\n<p><span style=\"color: #000000;\">- Superficie adhesiva con una estructura superficial optimizada para la adhesi\u00f3n.<\/span><\/p>\n<p><span style=\"color: #000000;\">- Puede utilizarse para presiones de inyecci\u00f3n m\u00e1ximas de hasta 60 bar al pegar superficies s\u00f3lidas con adhesivos de alta calidad.<\/span><\/p>\n<p><span style=\"color: #000000;\"><strong>Polymerpacker Empaquetadora adhesiva de inyecci\u00f3n. El producto original, de eficacia probada, fabricado por nosotros desde 1993.<\/strong><\/span><\/p>","protected":false},"excerpt":{"rendered":"<h3><span style=\"color: #000000;\"><strong>Empaquetador adhesivo de \u00e1ngulo de inyecci\u00f3n KPWR14M6 - <\/strong><strong>Packer adhesivo de pl\u00e1stico (reforzado con fibra de vidrio) para la inyecci\u00f3n de grietas en esquinas.<\/strong><\/span><\/h3>\n<p><span style=\"color: #000000;\">De pl\u00e1stico reforzado con fibra de vidrio, muy robusto.<\/span><\/p>\n<h3><span style=\"color: #000000;\">Conexi\u00f3n: rosca macho <strong>R1\/4\u201c <\/strong>+ rosca interior<strong> M6,<\/strong> paso libre \u00d8<strong> 5 mm.<\/strong><\/span><\/h3>","protected":false},"featured_media":2663,"template":"","meta":[],"product_brand":[],"product_cat":[42,205],"product_tag":[206],"class_list":{"0":"post-2683","1":"product","2":"type-product","3":"status-publish","4":"has-post-thumbnail","6":"product_cat-injektion-packer-pumpen","7":"product_cat-injektions-klebepacker","8":"product_tag-klebepacker","10":"first","11":"instock","12":"taxable","13":"shipping-taxable","14":"purchasable","15":"product-type-simple"},"tiered_pricing_type":"percentage","tiered_pricing_fixed_rules":[],"tiered_pricing_product_settings":{"layout":"default","base_unit_name":{"singular":null,"plural":null},"default_variation":null},"tiered_pricing_minimum_quantity":10,"tiered_pricing_roles_data":[],"tiered_pricing_percentage_rules":{"100":5,"1000":8,"2000":10},"tiered_pricing_maximum_quantity":null,"tiered_pricing_quantity_step":null,"_links":{"self":[{"href":"https:\/\/www.polymerpacker.de\/es\/wp-json\/wp\/v2\/product\/2683","targetHints":{"allow":["GET"]}}],"collection":[{"href":"https:\/\/www.polymerpacker.de\/es\/wp-json\/wp\/v2\/product"}],"about":[{"href":"https:\/\/www.polymerpacker.de\/es\/wp-json\/wp\/v2\/types\/product"}],"wp:featuredmedia":[{"embeddable":true,"href":"https:\/\/www.polymerpacker.de\/es\/wp-json\/wp\/v2\/media\/2663"}],"wp:attachment":[{"href":"https:\/\/www.polymerpacker.de\/es\/wp-json\/wp\/v2\/media?parent=2683"}],"wp:term":[{"taxonomy":"product_brand","embeddable":true,"href":"https:\/\/www.polymerpacker.de\/es\/wp-json\/wp\/v2\/product_brand?post=2683"},{"taxonomy":"product_cat","embeddable":true,"href":"https:\/\/www.polymerpacker.de\/es\/wp-json\/wp\/v2\/product_cat?post=2683"},{"taxonomy":"product_tag","embeddable":true,"href":"https:\/\/www.polymerpacker.de\/es\/wp-json\/wp\/v2\/product_tag?post=2683"}],"curies":[{"name":"wp","href":"https:\/\/api.w.org\/{rel}","templated":true}]}}