{"id":2679,"date":"2022-09-25T16:27:44","date_gmt":"2022-09-25T14:27:44","guid":{"rendered":"https:\/\/www.polymerpacker.de\/?post_type=product&#038;p=2679"},"modified":"2026-04-15T16:01:02","modified_gmt":"2026-04-15T14:01:02","slug":"angulo-de-inyeccion-packer-adhesivo-kpwkn","status":"publish","type":"product","link":"https:\/\/www.polymerpacker.de\/es\/produkt\/injektions-winkel-klebepacker-kpwkn\/","title":{"rendered":"\u00c1ngulo de inyecci\u00f3n empaquetador de cola KPWKN"},"content":{"rendered":"<h2><span style=\"color: #000000;\"><strong>\u00c1ngulo de inyecci\u00f3n empaquetador de cola KPWKN<\/strong><\/span><\/h2>\n<p><span style=\"color: #000000;\"> para la adhesi\u00f3n a superficies de elementos de construcci\u00f3n en las que no se desea o no se permite la perforaci\u00f3n de orificios para la lechada de fisuras <strong>(ZTV-RIS).<\/strong><\/span><\/p>\n<p><span style=\"color: #000000;\"><strong>Ejemplos de uso: <\/strong>Inyecci\u00f3n de grietas en elementos de construcci\u00f3n de hormig\u00f3n pretensado, hormig\u00f3n con armadura densa o elementos de hormig\u00f3n visto. Puede utilizarse para inyectar resina epoxi, resina de poliuretano y resina de poli\u00e9ster.<\/span><\/p>\n<p><span style=\"color: #000000;\"><strong>Polymerpacker Empaquetadora adhesiva de inyecci\u00f3n<\/strong><\/span><\/p>\n<p><span style=\"color: #000000;\">- Fabricado con un pl\u00e1stico de alto rendimiento altamente adhesivo.<\/span><\/p>\n<p><span style=\"color: #000000;\">- Superficie adhesiva con una estructura superficial optimizada para la adhesi\u00f3n.<\/span><\/p>\n<p><span style=\"color: #000000;\">- Puede utilizarse para presiones de inyecci\u00f3n m\u00e1ximas de hasta 60 bar al pegar superficies s\u00f3lidas con adhesivos de alta calidad.<\/span><\/p>\n<p><span style=\"color: #000000;\"><strong>Polymerpacker Empaquetadora adhesiva de inyecci\u00f3n. El producto original, de eficacia probada, fabricado por nosotros desde 1993.<\/strong><\/span><\/p>","protected":false},"excerpt":{"rendered":"<h3><span style=\"color: #000000;\"><strong>Empaquetador adhesivo de \u00e1ngulo de inyecci\u00f3n KPWKN - <\/strong><strong>Packer adhesivo de pl\u00e1stico (reforzado con fibra de vidrio) para la inyecci\u00f3n de grietas en esquinas.<\/strong><\/span><\/h3>\n<p><span style=\"color: #000000;\">De pl\u00e1stico reforzado con fibra de vidrio, muy robusto.<\/span><\/p>\n<h4><span style=\"color: #000000;\">Conexi\u00f3n: Atornillada <strong>Boquilla c\u00f3nica de acero DIN 71412<\/strong> con v\u00e1lvula antirretorno. Presi\u00f3n de apertura aprox. <strong>10 bar.<\/strong><\/span><\/h4>","protected":false},"featured_media":2661,"template":"","meta":[],"product_brand":[],"product_cat":[42,205],"product_tag":[206],"class_list":{"0":"post-2679","1":"product","2":"type-product","3":"status-publish","4":"has-post-thumbnail","6":"product_cat-injektion-packer-pumpen","7":"product_cat-injektions-klebepacker","8":"product_tag-klebepacker","10":"first","11":"instock","12":"taxable","13":"shipping-taxable","14":"purchasable","15":"product-type-simple"},"tiered_pricing_type":"percentage","tiered_pricing_fixed_rules":[],"tiered_pricing_product_settings":{"layout":"default","base_unit_name":{"singular":null,"plural":null},"default_variation":null},"tiered_pricing_minimum_quantity":10,"tiered_pricing_roles_data":[],"tiered_pricing_percentage_rules":{"100":5,"1000":8,"2000":10},"tiered_pricing_maximum_quantity":null,"tiered_pricing_quantity_step":null,"_links":{"self":[{"href":"https:\/\/www.polymerpacker.de\/es\/wp-json\/wp\/v2\/product\/2679","targetHints":{"allow":["GET"]}}],"collection":[{"href":"https:\/\/www.polymerpacker.de\/es\/wp-json\/wp\/v2\/product"}],"about":[{"href":"https:\/\/www.polymerpacker.de\/es\/wp-json\/wp\/v2\/types\/product"}],"wp:featuredmedia":[{"embeddable":true,"href":"https:\/\/www.polymerpacker.de\/es\/wp-json\/wp\/v2\/media\/2661"}],"wp:attachment":[{"href":"https:\/\/www.polymerpacker.de\/es\/wp-json\/wp\/v2\/media?parent=2679"}],"wp:term":[{"taxonomy":"product_brand","embeddable":true,"href":"https:\/\/www.polymerpacker.de\/es\/wp-json\/wp\/v2\/product_brand?post=2679"},{"taxonomy":"product_cat","embeddable":true,"href":"https:\/\/www.polymerpacker.de\/es\/wp-json\/wp\/v2\/product_cat?post=2679"},{"taxonomy":"product_tag","embeddable":true,"href":"https:\/\/www.polymerpacker.de\/es\/wp-json\/wp\/v2\/product_tag?post=2679"}],"curies":[{"name":"wp","href":"https:\/\/api.w.org\/{rel}","templated":true}]}}