{"id":2626,"date":"2022-09-24T14:40:49","date_gmt":"2022-09-24T12:40:49","guid":{"rendered":"https:\/\/www.polymerpacker.de\/?post_type=product&#038;p=2626"},"modified":"2026-04-15T16:00:58","modified_gmt":"2026-04-15T14:00:58","slug":"packer-de-inyeccion-lsp18dlnv-para-taladro-de-18-mm","status":"publish","type":"product","link":"https:\/\/www.polymerpacker.de\/es\/produkt\/injektionspacker-lsp18dlnv-fuer-bohrloch-18-mm\/","title":{"rendered":"Packer de inyecci\u00f3n LSP18DLNV para perforaci\u00f3n de 18 mm"},"content":{"rendered":"<p><span style=\"color: #000000;\"><strong>Packer de inyecci\u00f3n LSP18DLNV para taladro de 18 mm (packer de impacto laminar) de pl\u00e1stico de alto rendimiento.<\/strong><\/span><\/p>\n<p><span style=\"color: #000000;\">Para el rejuntado de grietas y cavidades a baja presi\u00f3n o la impregnaci\u00f3n a presi\u00f3n con resina epoxi, resina de poliuretano, emulsi\u00f3n de silicona, crema de silicato, microemulsi\u00f3n, soluciones acuosas, agentes silicificantes, agentes antif\u00fangicos. En todos los materiales de construcci\u00f3n habituales como hormig\u00f3n, bloque hueco, ladrillo, arenisca, ladrillo silicocalc\u00e1reo, piedra p\u00f3mez, arcilla. Para perforaciones de precisi\u00f3n dimensional en materiales de construcci\u00f3n macizos, apto para presiones de inyecci\u00f3n m\u00e1ximas de hasta 30 bar.<\/span><\/p>\n<p><span style=\"color: #000000;\"><span style=\"font-family: Arial, sans-serif;\"><span style=\"font-size: medium;\"><b><span style=\"color: #000000;\">Para m\u00e1s informaci\u00f3n e instrucciones de seguridad, puede descargar aqu\u00ed la ficha t\u00e9cnica de este producto.<\/span> <\/b><\/span><\/span><\/span><\/p>\n<p><a href=\"https:\/\/www.polymerpacker.de\/wp-content\/uploads\/2022\/09\/Polymerpacker-TM-LSP18DLNV-DE-EN.pdf\"><img fetchpriority=\"high\" decoding=\"async\" class=\"alignnone wp-image-1504 size-medium\" src=\"https:\/\/www.polymerpacker.de\/wp-content\/uploads\/2020\/08\/PDF-DOWNLOAD-250x400.jpg\" alt=\"\" width=\"250\" height=\"400\" srcset=\"https:\/\/www.polymerpacker.de\/wp-content\/uploads\/2020\/08\/PDF-DOWNLOAD-250x400.jpg 250w, https:\/\/www.polymerpacker.de\/wp-content\/uploads\/2020\/08\/PDF-DOWNLOAD-200x320.jpg 200w, https:\/\/www.polymerpacker.de\/wp-content\/uploads\/2020\/08\/PDF-DOWNLOAD-scaled-150x240.jpg 150w, https:\/\/www.polymerpacker.de\/wp-content\/uploads\/2020\/08\/PDF-DOWNLOAD-400x640.jpg 400w, https:\/\/www.polymerpacker.de\/wp-content\/uploads\/2020\/08\/PDF-DOWNLOAD-500x800.jpg 500w, https:\/\/www.polymerpacker.de\/wp-content\/uploads\/2020\/08\/PDF-DOWNLOAD-768x1228.jpg 768w, https:\/\/www.polymerpacker.de\/wp-content\/uploads\/2020\/08\/PDF-DOWNLOAD-961x1536.jpg 961w, https:\/\/www.polymerpacker.de\/wp-content\/uploads\/2020\/08\/PDF-DOWNLOAD-1281x2048.jpg 1281w, https:\/\/www.polymerpacker.de\/wp-content\/uploads\/2020\/08\/PDF-DOWNLOAD-scaled.jpg 1601w\" sizes=\"(max-width: 250px) 100vw, 250px\" \/><\/a><\/p>","protected":false},"excerpt":{"rendered":"<h3><span style=\"color: #000000;\"><strong>Packer de inyecci\u00f3n LSP18DLNV (v\u00e1lvula) para perforaci\u00f3n de 18 mm<\/strong><\/span><\/h3>\n<p><span style=\"color: #000000;\"><strong>Packer de impacto de pl\u00e1stico de 117 mm de longitud.<\/strong><\/span><\/p>\n<h4><span style=\"color: #000000;\">Conexi\u00f3n: <strong>Euro-tuerca de aire comprimido DIN 14152, anchura nominal 7 mm<\/strong> con <strong>v\u00e1lvula antirretorno incorporada<\/strong>, presi\u00f3n de apertura aprox. <strong>1 bar<\/strong>.<\/span><\/h4>\n<p><span style=\"color: #000000;\"><strong>Herramienta de envoltura gratuita en cada paquete<\/strong><\/span><\/p>","protected":false},"featured_media":2478,"template":"","meta":[],"product_brand":[],"product_cat":[42,112],"product_tag":[111,132,197],"class_list":{"0":"post-2626","1":"product","2":"type-product","3":"status-publish","4":"has-post-thumbnail","6":"product_cat-injektion-packer-pumpen","7":"product_cat-injektionspacker-18-mm","8":"product_tag-injektionspacker-fuer-bohrung-18-mm","9":"product_tag-injektionspacker-fuer-zement","10":"product_tag-injektionspacker-mit-druckluftnippel","12":"first","13":"instock","14":"taxable","15":"shipping-taxable","16":"purchasable","17":"product-type-simple"},"tiered_pricing_type":"percentage","tiered_pricing_fixed_rules":[],"tiered_pricing_product_settings":{"layout":"default","base_unit_name":{"singular":null,"plural":null},"default_variation":null},"tiered_pricing_minimum_quantity":10,"tiered_pricing_roles_data":[],"tiered_pricing_percentage_rules":{"100":5,"1000":8},"tiered_pricing_maximum_quantity":null,"tiered_pricing_quantity_step":null,"_links":{"self":[{"href":"https:\/\/www.polymerpacker.de\/es\/wp-json\/wp\/v2\/product\/2626","targetHints":{"allow":["GET"]}}],"collection":[{"href":"https:\/\/www.polymerpacker.de\/es\/wp-json\/wp\/v2\/product"}],"about":[{"href":"https:\/\/www.polymerpacker.de\/es\/wp-json\/wp\/v2\/types\/product"}],"wp:featuredmedia":[{"embeddable":true,"href":"https:\/\/www.polymerpacker.de\/es\/wp-json\/wp\/v2\/media\/2478"}],"wp:attachment":[{"href":"https:\/\/www.polymerpacker.de\/es\/wp-json\/wp\/v2\/media?parent=2626"}],"wp:term":[{"taxonomy":"product_brand","embeddable":true,"href":"https:\/\/www.polymerpacker.de\/es\/wp-json\/wp\/v2\/product_brand?post=2626"},{"taxonomy":"product_cat","embeddable":true,"href":"https:\/\/www.polymerpacker.de\/es\/wp-json\/wp\/v2\/product_cat?post=2626"},{"taxonomy":"product_tag","embeddable":true,"href":"https:\/\/www.polymerpacker.de\/es\/wp-json\/wp\/v2\/product_tag?post=2626"}],"curies":[{"name":"wp","href":"https:\/\/api.w.org\/{rel}","templated":true}]}}