{"id":172,"date":"2014-08-09T22:18:44","date_gmt":"2014-08-09T22:18:44","guid":{"rendered":"http:\/\/uxthemes.wpengine.com\/product\/all-star-canvas-hi-converse\/"},"modified":"2026-04-15T16:01:00","modified_gmt":"2026-04-15T14:01:00","slug":"disco-abrasivo-de-carburo-de-tungsteno-115-mm-diseno-plano","status":"publish","type":"product","link":"https:\/\/www.polymerpacker.de\/es\/produkt\/hartmetallsplitt-schleifscheibe-115-mm-ausfuehrung-plan\/","title":{"rendered":"Disco de desbaste de metal duro 115 mm versi\u00f3n plana"},"content":{"rendered":"<h2>Disco de desbaste de metal duro 115 mm versi\u00f3n plana<\/h2>\n<p><span style=\"font-size: 100%;\"><strong>Discos abrasivos de carburo<\/strong> de Polymerpacker son herramientas de calidad <em>\u201eFabricado en Alemania\u201c <\/em>y <strong>verdaderos solucionadores de problemas<\/strong>.<\/span><\/p>\n<p><span style=\"font-size: 100%;\"><strong>Muy adecuado<\/strong> Para la eliminaci\u00f3n resistente de diversos tipos de yeso, pintura, revestimientos pl\u00e1sticos, revestimientos bituminosos, PVC y residuos adhesivos de superficies de mamposter\u00eda, hormig\u00f3n, madera o metal.<\/span><\/p>\n<p><span style=\"font-size: 100%;\"><strong>Muy adecuado<\/strong> Para el procesamiento robusto (desbaste) de materiales como hormig\u00f3n celular, ladrillos silicocalc\u00e1reos, arenisca, tableros de fibras, madera, caucho y pl\u00e1sticos.<\/span><\/p>\n<p><span style=\"font-size: 100%;\"><strong>Muy adecuado<\/strong> Para el posterior desbastado de superficies lisas de hormig\u00f3n, granito o m\u00e1rmol en escaleras y rellanos para reducir el riesgo de resbalones.<\/span><\/p>\n<p><span style=\"color: #000000;\"><span style=\"font-family: Arial, sans-serif;\"><span style=\"font-size: medium;\"><b><span style=\"font-size: 100%;\">Para m\u00e1s informaci\u00f3n e instrucciones de seguridad, puede descargar aqu\u00ed la ficha t\u00e9cnica de este producto.<\/span> <\/b><\/span><\/span><\/span><\/p>\n<p><a href=\"https:\/\/www.polymerpacker.de\/wp-content\/uploads\/2019\/05\/Hartmetallsplitt-Schleifscheiben-SicherheitsVerwendunghinweise-1833.pdf\"><img fetchpriority=\"high\" decoding=\"async\" class=\"alignnone size-medium wp-image-1504\" src=\"https:\/\/www.polymerpacker.de\/wp-content\/uploads\/2020\/08\/PDF-DOWNLOAD-250x400.jpg\" alt=\"\" width=\"250\" height=\"400\" srcset=\"https:\/\/www.polymerpacker.de\/wp-content\/uploads\/2020\/08\/PDF-DOWNLOAD-250x400.jpg 250w, https:\/\/www.polymerpacker.de\/wp-content\/uploads\/2020\/08\/PDF-DOWNLOAD-200x320.jpg 200w, https:\/\/www.polymerpacker.de\/wp-content\/uploads\/2020\/08\/PDF-DOWNLOAD-scaled-150x240.jpg 150w, https:\/\/www.polymerpacker.de\/wp-content\/uploads\/2020\/08\/PDF-DOWNLOAD-400x640.jpg 400w, https:\/\/www.polymerpacker.de\/wp-content\/uploads\/2020\/08\/PDF-DOWNLOAD-500x800.jpg 500w, https:\/\/www.polymerpacker.de\/wp-content\/uploads\/2020\/08\/PDF-DOWNLOAD-768x1228.jpg 768w, https:\/\/www.polymerpacker.de\/wp-content\/uploads\/2020\/08\/PDF-DOWNLOAD-961x1536.jpg 961w, https:\/\/www.polymerpacker.de\/wp-content\/uploads\/2020\/08\/PDF-DOWNLOAD-1281x2048.jpg 1281w, https:\/\/www.polymerpacker.de\/wp-content\/uploads\/2020\/08\/PDF-DOWNLOAD-scaled.jpg 1601w\" sizes=\"(max-width: 250px) 100vw, 250px\" \/><\/a><\/p>","protected":false},"excerpt":{"rendered":"<p>Disco abrasivo de carburo <strong>para amoladora angular 115 mm.<\/strong><br \/>\nDisponible con granulometr\u00eda: 1,4 - 1,8 mm (fina) 1,8 - 2,2 mm (media) 2,2 - 3,2 mm (gruesa) 3,2 - 4,5 mm (muy gruesa)<\/p>\n<p><strong>Plan de ejecuci\u00f3n:<\/strong><br \/>\nPara lijar o crear superficies planas y uniformes.<\/p>","protected":false},"featured_media":689,"template":"","meta":[],"product_brand":[],"product_cat":[47],"product_tag":[105,106,107,108],"class_list":{"0":"post-172","1":"product","2":"type-product","3":"status-publish","4":"has-post-thumbnail","6":"product_cat-hartmetallsplitt-schleifscheiben","7":"product_tag-hartmetallsplitt-schleifscheiben","8":"product_tag-bitumen-abschleifen","9":"product_tag-kleber-abschleifen","10":"product_tag-harzreste-abschleifen","12":"first","13":"instock","14":"taxable","15":"shipping-taxable","16":"purchasable","17":"product-type-variable"},"tiered_pricing_type":"fixed","tiered_pricing_fixed_rules":[],"tiered_pricing_product_settings":{"layout":"default","base_unit_name":{"singular":null,"plural":null},"default_variation":null},"tiered_pricing_minimum_quantity":null,"tiered_pricing_roles_data":[],"tiered_pricing_percentage_rules":[],"tiered_pricing_maximum_quantity":null,"tiered_pricing_quantity_step":null,"_links":{"self":[{"href":"https:\/\/www.polymerpacker.de\/es\/wp-json\/wp\/v2\/product\/172","targetHints":{"allow":["GET"]}}],"collection":[{"href":"https:\/\/www.polymerpacker.de\/es\/wp-json\/wp\/v2\/product"}],"about":[{"href":"https:\/\/www.polymerpacker.de\/es\/wp-json\/wp\/v2\/types\/product"}],"wp:featuredmedia":[{"embeddable":true,"href":"https:\/\/www.polymerpacker.de\/es\/wp-json\/wp\/v2\/media\/689"}],"wp:attachment":[{"href":"https:\/\/www.polymerpacker.de\/es\/wp-json\/wp\/v2\/media?parent=172"}],"wp:term":[{"taxonomy":"product_brand","embeddable":true,"href":"https:\/\/www.polymerpacker.de\/es\/wp-json\/wp\/v2\/product_brand?post=172"},{"taxonomy":"product_cat","embeddable":true,"href":"https:\/\/www.polymerpacker.de\/es\/wp-json\/wp\/v2\/product_cat?post=172"},{"taxonomy":"product_tag","embeddable":true,"href":"https:\/\/www.polymerpacker.de\/es\/wp-json\/wp\/v2\/product_tag?post=172"}],"curies":[{"name":"wp","href":"https:\/\/api.w.org\/{rel}","templated":true}]}}