{"id":1364,"date":"2020-05-26T17:52:11","date_gmt":"2020-05-26T15:52:11","guid":{"rendered":"https:\/\/www.polymerpacker.de\/?post_type=product&#038;p=1364"},"modified":"2026-04-15T16:01:02","modified_gmt":"2026-04-15T14:01:02","slug":"packer-de-inyeccion-sps0873-para-perforacion-de-8-mm","status":"publish","type":"product","link":"https:\/\/www.polymerpacker.de\/es\/produkt\/injektionspacker-sps0873-fur-bohrloch-8-mm\/","title":{"rendered":"Packer de inyecci\u00f3n SPS0873 para taladro de 8 mm"},"content":{"rendered":"<h2><strong><span style=\"color: #000000;\"><span style=\"font-family: Arial, sans-serif;\"><span style=\"font-size: medium;\">Packer de inyecci\u00f3n SPS0873 para taladro de 8 mm<\/span><\/span><\/span><\/strong><\/h2>\n<p><span style=\"color: #000000;\"><span style=\"font-family: Arial, sans-serif;\"><span style=\"font-size: medium;\"><b>Packer de inyecci\u00f3n est\u00e1ndar <\/b>f<\/span><\/span><\/span><span style=\"color: #000000;\"><span style=\"font-family: Arial, sans-serif;\"><span style=\"font-size: medium;\">Para perforaciones de precisi\u00f3n dimensional en todos los materiales de construcci\u00f3n habituales, como hormig\u00f3n, bloques huecos, ladrillos y arenisca. Puede utilizarse para inyectar resina epoxi, resina de poliuretano y emulsi\u00f3n de silicona. Para taladros de precisi\u00f3n dimensional en materiales de construcci\u00f3n macizos como hormig\u00f3n, granito, basalto, arenisca, apto para presiones de inyecci\u00f3n de hasta 150 bar.<\/span><\/span><\/span><\/p>\n<p><span style=\"color: #000000;\"><span style=\"font-family: Arial, sans-serif;\"><span style=\"font-size: medium;\"><b>Para m\u00e1s informaci\u00f3n e instrucciones de seguridad, puede descargar aqu\u00ed la ficha t\u00e9cnica de este producto. <\/b><\/span><\/span><\/span><\/p>\n<p><a href=\"https:\/\/www.polymerpacker.de\/wp-content\/uploads\/2021\/02\/Polymerpacker-TM-SPS0873-DE-EN.pdf\"><img fetchpriority=\"high\" decoding=\"async\" class=\"alignnone wp-image-1504 size-medium\" src=\"https:\/\/www.polymerpacker.de\/wp-content\/uploads\/2020\/08\/PDF-DOWNLOAD-250x400.jpg\" alt=\"\" width=\"250\" height=\"400\" srcset=\"https:\/\/www.polymerpacker.de\/wp-content\/uploads\/2020\/08\/PDF-DOWNLOAD-250x400.jpg 250w, https:\/\/www.polymerpacker.de\/wp-content\/uploads\/2020\/08\/PDF-DOWNLOAD-200x320.jpg 200w, https:\/\/www.polymerpacker.de\/wp-content\/uploads\/2020\/08\/PDF-DOWNLOAD-scaled-150x240.jpg 150w, https:\/\/www.polymerpacker.de\/wp-content\/uploads\/2020\/08\/PDF-DOWNLOAD-400x640.jpg 400w, https:\/\/www.polymerpacker.de\/wp-content\/uploads\/2020\/08\/PDF-DOWNLOAD-500x800.jpg 500w, https:\/\/www.polymerpacker.de\/wp-content\/uploads\/2020\/08\/PDF-DOWNLOAD-768x1228.jpg 768w, https:\/\/www.polymerpacker.de\/wp-content\/uploads\/2020\/08\/PDF-DOWNLOAD-961x1536.jpg 961w, https:\/\/www.polymerpacker.de\/wp-content\/uploads\/2020\/08\/PDF-DOWNLOAD-1281x2048.jpg 1281w, https:\/\/www.polymerpacker.de\/wp-content\/uploads\/2020\/08\/PDF-DOWNLOAD-scaled.jpg 1601w\" sizes=\"(max-width: 250px) 100vw, 250px\" \/><\/a><\/p>","protected":false},"excerpt":{"rendered":"<h3><strong>Packer de inyecci\u00f3n SPS0873 para taladro de 8 mm<\/strong><\/h3>\n<p><strong>Empaquetador de tornillo de acero de 73 mm de longitud. <\/strong>Manguito de goma <strong>25 mm<\/strong> largo. <span style=\"color: #00ccff;\"><strong>Tuerca de sujeci\u00f3n con hex\u00e1gono de 8 mm.<\/strong><\/span><\/p>\n<h4>Conexi\u00f3n: <strong>Boquilla c\u00f3nica de acero DIN 71412<\/strong> con v\u00e1lvula antirretorno Presi\u00f3n de apertura aprox. <strong>10 bar<\/strong>.<\/h4>","protected":false},"featured_media":1362,"template":"","meta":[],"product_brand":[],"product_cat":[42,125],"product_tag":[126,129,198],"class_list":{"0":"post-1364","1":"product","2":"type-product","3":"status-publish","4":"has-post-thumbnail","6":"product_cat-injektion-packer-pumpen","7":"product_cat-injektionspacker-8-mm","8":"product_tag-injektionspacker-fuer-bohrung-8-mm","9":"product_tag-injektionspacker-fuer-harz","10":"product_tag-injektionspacker-mit-kegelnippel","12":"first","13":"instock","14":"taxable","15":"shipping-taxable","16":"purchasable","17":"product-type-simple"},"tiered_pricing_type":"percentage","tiered_pricing_fixed_rules":[],"tiered_pricing_product_settings":{"layout":"default","base_unit_name":{"singular":null,"plural":null},"default_variation":null},"tiered_pricing_minimum_quantity":10,"tiered_pricing_roles_data":[],"tiered_pricing_percentage_rules":{"100":5,"1000":10},"tiered_pricing_maximum_quantity":null,"tiered_pricing_quantity_step":null,"_links":{"self":[{"href":"https:\/\/www.polymerpacker.de\/es\/wp-json\/wp\/v2\/product\/1364","targetHints":{"allow":["GET"]}}],"collection":[{"href":"https:\/\/www.polymerpacker.de\/es\/wp-json\/wp\/v2\/product"}],"about":[{"href":"https:\/\/www.polymerpacker.de\/es\/wp-json\/wp\/v2\/types\/product"}],"wp:featuredmedia":[{"embeddable":true,"href":"https:\/\/www.polymerpacker.de\/es\/wp-json\/wp\/v2\/media\/1362"}],"wp:attachment":[{"href":"https:\/\/www.polymerpacker.de\/es\/wp-json\/wp\/v2\/media?parent=1364"}],"wp:term":[{"taxonomy":"product_brand","embeddable":true,"href":"https:\/\/www.polymerpacker.de\/es\/wp-json\/wp\/v2\/product_brand?post=1364"},{"taxonomy":"product_cat","embeddable":true,"href":"https:\/\/www.polymerpacker.de\/es\/wp-json\/wp\/v2\/product_cat?post=1364"},{"taxonomy":"product_tag","embeddable":true,"href":"https:\/\/www.polymerpacker.de\/es\/wp-json\/wp\/v2\/product_tag?post=1364"}],"curies":[{"name":"wp","href":"https:\/\/api.w.org\/{rel}","templated":true}]}}