{"id":1087,"date":"2020-05-04T21:43:47","date_gmt":"2020-05-04T19:43:47","guid":{"rendered":"http:\/\/b38jwy.myraidbox.de\/?post_type=product&#038;p=1087"},"modified":"2026-04-15T16:01:02","modified_gmt":"2026-04-15T14:01:02","slug":"enchufe-para-packer-de-inyeccion-10-mm","status":"publish","type":"product","link":"https:\/\/www.polymerpacker.de\/es\/produkt\/injektionspacker-steckschluessel-10-mm\/","title":{"rendered":"Llave de vaso para packer de inyecci\u00f3n 10 mm"},"content":{"rendered":"<h3><span style=\"color: #000000;\"><strong>Llave de vaso para packer de inyecci\u00f3n 10 mm<\/strong><\/span><\/h3>\n<p><span style=\"color: #000000;\">Llave hexagonal especial <strong>10 mm<\/strong>, ideal para todas las empaquetadoras de inyecci\u00f3n (empaquetadoras de tornillo de acero) con <strong>Tuerca de sujeci\u00f3n hexagonal de 10 mm<\/strong> con montado <strong>Boquilla c\u00f3nica DIN 71412<\/strong>. Una holgura especialmente dise\u00f1ada en la llave de vaso evita de forma fiable que se da\u00f1e la boquilla c\u00f3nica al apretar la tuerca de apriete. <\/span><\/p>\n<h3><span style=\"color: #000000;\"><strong>Porque un buen trabajo empieza con buenas herramientas.<\/strong><\/span><\/h3>\n<p>&nbsp;<\/p>\n<p>&nbsp;<\/p>\n<p><span style=\"color: #000000;\"><span style=\"font-family: Arial, sans-serif;\"><span style=\"font-size: medium;\">\u00a0<\/span><\/span><\/span><\/p>","protected":false},"excerpt":{"rendered":"<h3><strong>Packer de inyecci\u00f3n Llave hexagonal 10 mm<\/strong><\/h3>\n<h4>para tuerca hexagonal de apriete con boquilla c\u00f3nica montada DIN 71412<\/h4>","protected":false},"featured_media":1922,"template":"","meta":[],"product_brand":[],"product_cat":[199,42],"product_tag":[141],"class_list":{"0":"post-1087","1":"product","2":"type-product","3":"status-publish","4":"has-post-thumbnail","6":"product_cat-injektionspacker-montagewerkzeuge","7":"product_cat-injektion-packer-pumpen","8":"product_tag-steckschluessel-fuer-injektionspacker","10":"first","11":"instock","12":"taxable","13":"shipping-taxable","14":"purchasable","15":"product-type-simple"},"tiered_pricing_type":"fixed","tiered_pricing_fixed_rules":[],"tiered_pricing_product_settings":{"layout":"default","base_unit_name":{"singular":null,"plural":null},"default_variation":null},"tiered_pricing_minimum_quantity":null,"tiered_pricing_roles_data":[],"tiered_pricing_percentage_rules":[],"tiered_pricing_maximum_quantity":null,"tiered_pricing_quantity_step":null,"_links":{"self":[{"href":"https:\/\/www.polymerpacker.de\/es\/wp-json\/wp\/v2\/product\/1087","targetHints":{"allow":["GET"]}}],"collection":[{"href":"https:\/\/www.polymerpacker.de\/es\/wp-json\/wp\/v2\/product"}],"about":[{"href":"https:\/\/www.polymerpacker.de\/es\/wp-json\/wp\/v2\/types\/product"}],"wp:featuredmedia":[{"embeddable":true,"href":"https:\/\/www.polymerpacker.de\/es\/wp-json\/wp\/v2\/media\/1922"}],"wp:attachment":[{"href":"https:\/\/www.polymerpacker.de\/es\/wp-json\/wp\/v2\/media?parent=1087"}],"wp:term":[{"taxonomy":"product_brand","embeddable":true,"href":"https:\/\/www.polymerpacker.de\/es\/wp-json\/wp\/v2\/product_brand?post=1087"},{"taxonomy":"product_cat","embeddable":true,"href":"https:\/\/www.polymerpacker.de\/es\/wp-json\/wp\/v2\/product_cat?post=1087"},{"taxonomy":"product_tag","embeddable":true,"href":"https:\/\/www.polymerpacker.de\/es\/wp-json\/wp\/v2\/product_tag?post=1087"}],"curies":[{"name":"wp","href":"https:\/\/api.w.org\/{rel}","templated":true}]}}