{"id":291,"date":"2019-04-16T08:45:56","date_gmt":"2019-04-16T08:45:56","guid":{"rendered":"http:\/\/b38jwy.myraidbox.de\/?page_id=291"},"modified":"2022-08-24T15:33:23","modified_gmt":"2022-08-24T13:33:23","slug":"imprimir","status":"publish","type":"page","link":"https:\/\/www.polymerpacker.de\/es\/impressum\/","title":{"rendered":"Pie de imprenta"},"content":{"rendered":"<h3 class=\"wp-block-heading\" id=\"h-polymerpacker-werkzeuge-fur-die-bausanierung\">Polymerpacker - Herramientas para la renovaci\u00f3n de edificios<\/h3>\n\n\n\n<p><strong>Polymerpacker GmbH &amp; Co. KG<\/strong><br>Am Fuldaer Kreuz 9<br>DE 97786 Motten<br>Tel\u00e9fono +49 9748 863 99 20<br><a href=\"mailto:rmoeller@polymerpacker.de\">info@polymerpacker.de<\/a><\/p>\n\n\n\n<p>Socio personalmente responsable: Polymerpacker Beteiligungs GmbH<\/p>\n\n\n\n<p>Tribunal de registro: Schweinfurt HRA 9867 HRB 7602<\/p>\n\n\n\n<p>Director General: R\u00fcdiger M\u00f6ller (CEO)<\/p>\n\n\n\n<p>CIF: DE 313477910<\/p>\n\n\n\n<p>Responsable seg\u00fan \u00a75 TMG y responsable seg\u00fan \u00a7 55 Abs. 2 RStV: R\u00fcdiger M\u00f6ller. &nbsp; <a href=\"https:\/\/www.polymerpacker.de\/es\/\">www.polymerpacker.de<\/a><\/p>\n\n\n\n<p><strong>Descargo de responsabilidad:<\/strong><br>Copyright<br>Todos los art\u00edculos e ilustraciones publicados en este sitio web est\u00e1n protegidos por derechos de autor. Cualquier utilizaci\u00f3n requiere consentimiento previo, en particular la duplicaci\u00f3n, edici\u00f3n, procesamiento, almacenamiento, traducci\u00f3n o reproducci\u00f3n de bases de datos u otros medios y sistemas electr\u00f3nicos.<br>Las fotocopias y descargas s\u00f3lo pueden hacerse para uso personal, privado y no comercial.<\/p>\n\n\n\n<p><strong>correo electr\u00f3nico:<\/strong><br>La comunicaci\u00f3n por correo electr\u00f3nico puede presentar lagunas de seguridad. Si se comunica con nosotros por correo electr\u00f3nico, suponemos que tambi\u00e9n podremos responderle por correo electr\u00f3nico. Si no desea que lo hagamos, deber\u00e1 informarnos de ello.<\/p>\n\n\n\n<p><strong>Enlaces externos:<\/strong><br>El contenido de los sitios web externos a los que remitimos directa o indirectamente en nuestro sitio web (a trav\u00e9s de \u201ehiperv\u00ednculos\u201c o \u201eenlaces profundos\u201c) est\u00e1 fuera de nuestro \u00e1mbito de responsabilidad y no lo adoptamos como propio. No obstante, podemos declarar que en el momento en que se crearon los enlaces no era reconocible ning\u00fan contenido ilegal en los sitios web enlazados. No tenemos influencia alguna sobre el dise\u00f1o actual y futuro, el contenido o la autor\u00eda de los sitios web enlazados. Por ello, nos distanciamos expresamente de todos los contenidos de todas las p\u00e1ginas enlazadas que hayan sido modificados despu\u00e9s de la creaci\u00f3n del enlace. Esta declaraci\u00f3n se aplica a todos los enlaces y referencias establecidos dentro de nuestra propia p\u00e1gina web. El proveedor de la p\u00e1gina web enlazada es el \u00fanico responsable de los contenidos ilegales, incorrectos o incompletos y, en particular, de los da\u00f1os derivados del uso de la informaci\u00f3n disponible en las p\u00e1ginas web enlazadas. Si tenemos conocimiento de contenidos ilegales, il\u00edcitos o incorrectos en los sitios web a los que enlazamos, eliminaremos el enlace.<\/p>\n\n\n\n<p><strong>Protecci\u00f3n de datos:<\/strong><\/p>\n\n\n\n<p><a href=\"\/es\/proteccion-de-datos\/\">Haga clic aqu\u00ed para consultar nuestra informaci\u00f3n sobre protecci\u00f3n de datos.<\/a><\/p>\n\n\n<div class=\"woocommerce woocommerce-gzd woocommerce-gzd-complaints-shortcode\">\n\t\t\t<h3>Resoluci\u00f3n alternativa de conflictos de conformidad con el art. 14 (1) ODR-VO y el art. 36 VSBG:<\/h3>\n\t\nNo estamos obligados ni dispuestos a participar en un procedimiento de resoluci\u00f3n de litigios ante una junta arbitral de consumo.<\/div>\n\n\n<p><\/p>","protected":false},"excerpt":{"rendered":"<p>Polymerpacker &#8211;&nbsp;Werkzeuge f\u00fcr die Bausanierung Polymerpacker GmbH &amp; Co. KGAm Fuldaer Kreuz 9DE 97786 MottenTel. +49 9748 863 99 20info@polymerpacker.de Pers\u00f6nlich haftende Gesellschafterin: Polymerpacker Beteiligungs GmbH Registriergericht: Schweinfurt&nbsp; HRA 9867&nbsp; HRB 7602 Gesch\u00e4ftsf\u00fchrer: R\u00fcdiger M\u00f6ller (CEO) Ust.ID: DE 313477910 Verantwortlicher nach \u00a75 TMG und Verantwortlicher i.S.d. \u00a7 55 Abs. 2 RStV:&nbsp; R\u00fcdiger M\u00f6ller. &nbsp; www.polymerpacker.de [&hellip;]<\/p>\n","protected":false},"author":1,"featured_media":0,"parent":0,"menu_order":0,"comment_status":"closed","ping_status":"closed","template":"","meta":{"footnotes":""},"class_list":["post-291","page","type-page","status-publish","hentry"],"_links":{"self":[{"href":"https:\/\/www.polymerpacker.de\/es\/wp-json\/wp\/v2\/pages\/291","targetHints":{"allow":["GET"]}}],"collection":[{"href":"https:\/\/www.polymerpacker.de\/es\/wp-json\/wp\/v2\/pages"}],"about":[{"href":"https:\/\/www.polymerpacker.de\/es\/wp-json\/wp\/v2\/types\/page"}],"author":[{"embeddable":true,"href":"https:\/\/www.polymerpacker.de\/es\/wp-json\/wp\/v2\/users\/1"}],"replies":[{"embeddable":true,"href":"https:\/\/www.polymerpacker.de\/es\/wp-json\/wp\/v2\/comments?post=291"}],"version-history":[{"count":0,"href":"https:\/\/www.polymerpacker.de\/es\/wp-json\/wp\/v2\/pages\/291\/revisions"}],"wp:attachment":[{"href":"https:\/\/www.polymerpacker.de\/es\/wp-json\/wp\/v2\/media?parent=291"}],"curies":[{"name":"wp","href":"https:\/\/api.w.org\/{rel}","templated":true}]}}