{"id":2521,"date":"2022-08-16T16:15:04","date_gmt":"2022-08-16T14:15:04","guid":{"rendered":"https:\/\/www.polymerpacker.de\/?page_id=2521"},"modified":"2023-05-12T11:57:48","modified_gmt":"2023-05-12T09:57:48","slug":"pago-del-envio","status":"publish","type":"page","link":"https:\/\/www.polymerpacker.de\/es\/versand-zahlung\/","title":{"rendered":"Env\u00edo - Pago - Devoluciones"},"content":{"rendered":"<h3 class=\"wp-block-heading\"><\/h3>\n\n\n\n<p>Estimado cliente,<\/p>\n\n\n\n<p>Puede hacer su pedido en nuestra tienda web en<strong> \u201eCheck-out\u201c<\/strong> introduciendo la direcci\u00f3n de entrega <strong>(Pa\u00eds)<\/strong> puede enviarse a todos los pa\u00edses de la UE.<\/p>\n\n\n\n<p>Alemania, Austria, B\u00e9lgica, Bulgaria, Chipre, Croacia, Dinamarca, Eslovaquia, Eslovenia, Espa\u00f1a, Estonia, Finlandia, Francia, Grecia, Hungr\u00eda, Irlanda, Italia, Letonia, Lituania, Luxemburgo, Malta, Pa\u00edses Bajos, Polonia, Rep\u00fablica Checa, Ruman\u00eda y Suecia.<\/p>\n\n\n\n<p>Si desea un env\u00edo a un pa\u00eds no perteneciente a la UE, p\u00f3ngase en contacto con nosotros.<\/p>\n\n\n\n<h3 class=\"wp-block-heading\">Env\u00edo<\/h3>\n\n\n\n<p>Enviamos exclusivamente con UPS (United Parcel Service).<\/p>\n\n\n\n<p><strong>Para garantizar que su pedido se entregue de la mejor forma posible, introduzca un n\u00famero de tel\u00e9fono en el momento de pagar en el que el conductor del servicio de paqueter\u00eda de UPS pueda localizarle en caso de problemas con la entrega.<\/strong><\/p>\n\n\n\n<h3 class=\"wp-block-heading\">Gastos de env\u00edo<\/h3>\n\n\n\n<p>S\u00f3lo le cobramos los gastos de transporte que nos factura el proveedor de servicios de paqueter\u00eda (UPS) como gastos de env\u00edo. Para cada pedido se calculan autom\u00e1ticamente los gastos de env\u00edo correspondientes al pa\u00eds de entrega especificado por usted.<\/p>\n\n\n\n<h3 class=\"wp-block-heading\">Impuesto sobre el valor a\u00f1adido<\/h3>\n\n\n\n<p>Para cada pedido, se cargar\u00e1 autom\u00e1ticamente el IVA legal del pa\u00eds de entrega que especifique, de conformidad con la normativa de la UE.<\/p>\n\n\n\n<h4 class=\"wp-block-heading\">Para una entrega de exportaci\u00f3n sin IVA, introduzca su n\u00famero de identificaci\u00f3n a efectos del IVA al realizar el pago.<\/h4>\n\n\n\n<h3 class=\"wp-block-heading\">Plazos de entrega<\/h3>\n\n\n\n<p>Procesamos todos los pedidos en uno o dos d\u00edas laborables y los entregamos al proveedor de servicios de env\u00edo (UPS).<\/p>\n\n\n\n<p>En cuanto hayamos entregado su env\u00edo al proveedor de servicios de env\u00edo (UPS), recibir\u00e1 un correo electr\u00f3nico nuestro con <strong>Su n\u00famero de seguimiento de UPS.<\/strong><\/p>\n\n\n\n<p><strong>Si desea seguir el progreso de su env\u00edo, haga clic en el enlace del correo electr\u00f3nico al sitio web de UPS e introduzca su n\u00famero de env\u00edo.<\/strong><\/p>\n\n\n\n<p><\/p>\n\n\n\n<h3 class=\"wp-block-heading\">Formas de pago<\/h3>\n\n\n\n<p>Tiene a su disposici\u00f3n las siguientes opciones de pago<\/p>\n\n\n\n<p><strong>Pago por adelantado mediante transferencia bancaria<\/strong><\/p>\n\n\n\n<p><strong>Pago mediante PayPal<\/strong><br><br><strong>A trav\u00e9s de Stripe<\/strong><br>Pago con tarjeta de cr\u00e9dito<br>Pago a trav\u00e9s de Google Pay<\/p>\n\n\n\n<h3 class=\"wp-block-heading\">Devoluciones (devoluci\u00f3n de mercanc\u00edas)<\/h3>\n\n\n\n<p>Si desea devolver productos entregados por nosotros, env\u00edenos los productos a portes pagados. Adjunte a su devoluci\u00f3n una copia de nuestro albar\u00e1n de entrega con la menci\u00f3n \u201eDevoluci\u00f3n\u201c. Una vez recibida la mercanc\u00eda, le reembolsaremos el precio de compra lo antes posible. Tenga en cuenta que s\u00f3lo podemos aceptar devoluciones de productos sin usar en su embalaje original.<\/p>\n\n\n\n<p><strong>Gracias por su inter\u00e9s en nuestros productos<\/strong><\/p>\n\n\n\n<p><strong>Polymerpacker GmbH &amp; Co. KG<\/strong><br>Am Fuldaer Kreuz 9<br>DE 97786 Motten<br>Tel\u00e9fono +49 9748 863 99 20<br><a href=\"mailto:rmoeller@polymerpacker.de\">info@polymerpacker.de<\/a><\/p>","protected":false},"excerpt":{"rendered":"<p>Sehr geehrter Kunde, Ihre Bestellung in unserem Webshop k\u00f6nnen Sie beim \u201eCheck-out\u201c durch Eingabe der Lieferadresse (Land) in alle EU-L\u00e4nder ausliefern lassen. Belgien, Bulgarien, D\u00e4nemark, Deutschland, Estland, Finnland, Frankreich, Griechenland, Irland, Italien, Kroatien, Lettland, Litauen, Luxemburg, Malta, Niederlande, \u00d6sterreich, Polen, Rum\u00e4nien, Schweden, Slowakei, Slowenien, Spanien, Tschechien, Ungarn, Zypern. Wenn Sie eine Lieferung in ein nicht [&hellip;]<\/p>\n","protected":false},"author":1,"featured_media":0,"parent":0,"menu_order":0,"comment_status":"closed","ping_status":"closed","template":"","meta":{"footnotes":""},"class_list":["post-2521","page","type-page","status-publish","hentry"],"_links":{"self":[{"href":"https:\/\/www.polymerpacker.de\/es\/wp-json\/wp\/v2\/pages\/2521","targetHints":{"allow":["GET"]}}],"collection":[{"href":"https:\/\/www.polymerpacker.de\/es\/wp-json\/wp\/v2\/pages"}],"about":[{"href":"https:\/\/www.polymerpacker.de\/es\/wp-json\/wp\/v2\/types\/page"}],"author":[{"embeddable":true,"href":"https:\/\/www.polymerpacker.de\/es\/wp-json\/wp\/v2\/users\/1"}],"replies":[{"embeddable":true,"href":"https:\/\/www.polymerpacker.de\/es\/wp-json\/wp\/v2\/comments?post=2521"}],"version-history":[{"count":0,"href":"https:\/\/www.polymerpacker.de\/es\/wp-json\/wp\/v2\/pages\/2521\/revisions"}],"wp:attachment":[{"href":"https:\/\/www.polymerpacker.de\/es\/wp-json\/wp\/v2\/media?parent=2521"}],"curies":[{"name":"wp","href":"https:\/\/api.w.org\/{rel}","templated":true}]}}