{"id":291,"date":"2019-04-16T08:45:56","date_gmt":"2019-04-16T08:45:56","guid":{"rendered":"http:\/\/b38jwy.myraidbox.de\/?page_id=291"},"modified":"2022-08-24T15:33:23","modified_gmt":"2022-08-24T13:33:23","slug":"imprint","status":"publish","type":"page","link":"https:\/\/www.polymerpacker.de\/en\/impressum\/","title":{"rendered":"Imprint"},"content":{"rendered":"<h3 class=\"wp-block-heading\" id=\"h-polymerpacker-werkzeuge-fur-die-bausanierung\">Polymerpacker - Tools for building renovation<\/h3>\n\n\n\n<p><strong>Polymerpacker GmbH &amp; Co. KG<\/strong><br>Am Fuldaer Kreuz 9<br>DE 97786 Motten<br>Phone +49 9748 863 99 20<br><a href=\"mailto:rmoeller@polymerpacker.de\">info@polymerpacker.de<\/a><\/p>\n\n\n\n<p>Personally liable partner: Polymerpacker Beteiligungs GmbH<\/p>\n\n\n\n<p>Registration court: Schweinfurt HRA 9867 HRB 7602<\/p>\n\n\n\n<p>Managing Director: R\u00fcdiger M\u00f6ller (CEO)<\/p>\n\n\n\n<p>VAT ID: DE 313477910<\/p>\n\n\n\n<p>Responsible according to \u00a75 TMG and responsible according to \u00a7 55 Abs. 2 RStV: R\u00fcdiger M\u00f6ller. &nbsp; <a href=\"https:\/\/www.polymerpacker.de\/en\/\">www.polymerpacker.de<\/a><\/p>\n\n\n\n<p><strong>Disclaimer:<\/strong><br>Copyright<br>All articles and illustrations published on this website are protected by copyright. Any utilisation requires prior consent, in particular the duplication, editing, processing, storage, translation or reproduction of databases or other electronic media and systems.<br>Photocopies and downloads may only be made for personal, private and non-commercial use.<\/p>\n\n\n\n<p><strong>e-mail:<\/strong><br>Communication via e-mail can have security gaps. If you communicate with us by e-mail, we assume that we can also reply to you by e-mail. If you do not wish us to do so, you must inform us accordingly.<\/p>\n\n\n\n<p><strong>External links:<\/strong><br>The content of external websites to which we refer directly or indirectly on our website (through \u201ehyperlinks\u201c or \u201edeep links\u201c) is outside our area of responsibility and we do not adopt it as our own. However, we can declare that no illegal content was recognisable on the linked websites at the time the links were created. We have no influence whatsoever on the current and future design, content or authorship of the linked websites. We therefore expressly distance ourselves from all content on all linked websites that was changed after the link was created. This statement applies to all links and references set within our own homepage. The provider of the linked website is solely liable for illegal, incorrect or incomplete content and in particular for damages resulting from the use of the information available on the linked websites. If we become aware of illegal, unlawful or incorrect content on websites that we link to, we will remove the link.<\/p>\n\n\n\n<p><strong>Data protection:<\/strong><\/p>\n\n\n\n<p><a href=\"\/en\/data-protection\/\">Please click here for our data protection information.<\/a><\/p>\n\n\n<div class=\"woocommerce woocommerce-gzd woocommerce-gzd-complaints-shortcode\">\n\t\t\t<h3>Alternative Dispute Resolution in accordance with Art. 14 (1) ODR-VO and \u00a7 36 VSBG:<\/h3>\n\t\nWe are not obliged or willing to participate in dispute resolution proceedings before a consumer arbitration board.<\/div>\n\n\n<p><\/p>","protected":false},"excerpt":{"rendered":"<p>Polymerpacker &#8211;&nbsp;Werkzeuge f\u00fcr die Bausanierung Polymerpacker GmbH &amp; Co. KGAm Fuldaer Kreuz 9DE 97786 MottenTel. +49 9748 863 99 20info@polymerpacker.de Pers\u00f6nlich haftende Gesellschafterin: Polymerpacker Beteiligungs GmbH Registriergericht: Schweinfurt&nbsp; HRA 9867&nbsp; HRB 7602 Gesch\u00e4ftsf\u00fchrer: R\u00fcdiger M\u00f6ller (CEO) Ust.ID: DE 313477910 Verantwortlicher nach \u00a75 TMG und Verantwortlicher i.S.d. \u00a7 55 Abs. 2 RStV:&nbsp; R\u00fcdiger M\u00f6ller. &nbsp; www.polymerpacker.de [&hellip;]<\/p>\n","protected":false},"author":1,"featured_media":0,"parent":0,"menu_order":0,"comment_status":"closed","ping_status":"closed","template":"","meta":{"footnotes":""},"class_list":["post-291","page","type-page","status-publish","hentry"],"_links":{"self":[{"href":"https:\/\/www.polymerpacker.de\/en\/wp-json\/wp\/v2\/pages\/291","targetHints":{"allow":["GET"]}}],"collection":[{"href":"https:\/\/www.polymerpacker.de\/en\/wp-json\/wp\/v2\/pages"}],"about":[{"href":"https:\/\/www.polymerpacker.de\/en\/wp-json\/wp\/v2\/types\/page"}],"author":[{"embeddable":true,"href":"https:\/\/www.polymerpacker.de\/en\/wp-json\/wp\/v2\/users\/1"}],"replies":[{"embeddable":true,"href":"https:\/\/www.polymerpacker.de\/en\/wp-json\/wp\/v2\/comments?post=291"}],"version-history":[{"count":0,"href":"https:\/\/www.polymerpacker.de\/en\/wp-json\/wp\/v2\/pages\/291\/revisions"}],"wp:attachment":[{"href":"https:\/\/www.polymerpacker.de\/en\/wp-json\/wp\/v2\/media?parent=291"}],"curies":[{"name":"wp","href":"https:\/\/api.w.org\/{rel}","templated":true}]}}