{"id":941,"date":"2020-01-06T19:52:31","date_gmt":"2020-01-06T18:52:31","guid":{"rendered":"http:\/\/b38jwy.myraidbox.de\/?post_type=product&#038;p=941"},"modified":"2026-04-15T16:00:59","modified_gmt":"2026-04-15T14:00:59","slug":"tilslutningskobling-glidekobling-til-fladhovednippel-16","status":"publish","type":"product","link":"https:\/\/www.polymerpacker.de\/da\/produkt\/anschlusskupplung-schiebekupplung-fuer-flachkopfnippel-16\/","title":{"rendered":"Tilslutningskobling (glidekobling) til fladhovednippel 16"},"content":{"rendered":"<p><strong><span style=\"color: #000000;\"><span style=\"font-family: Arial, sans-serif;\"><span style=\"font-size: medium;\">Standard tilslutningssystem til injektionspakker. <\/span><\/span><\/span><\/strong><\/p>\n<p><span style=\"font-family: Arial, sans-serif;\"><span style=\"font-size: medium;\"><span style=\"color: #000000;\">Kan bruges til indspr\u00f8jtning af epoxyharpiks, polyuretanharpiks, acrylatgel, silikoneemulsion, silikatcreme. <strong>Til maksimale indspr\u00f8jtningstryk p\u00e5 op til 150 bar.<\/strong><\/span><\/span><\/span><b><\/b><\/p>","protected":false},"excerpt":{"rendered":"<h3><strong>Tilslutningskobling FKNK16G18<\/strong><\/h3>\n<p><strong>Glidende kobling<\/strong> til <strong>DIN 1283 <\/strong>for <strong>Flad hovednippel DIN 3404 \/ 16 mm<\/strong>.<\/p>\n<h4>Forbindelse: <strong>Indvendigt gevind G1\/8<\/strong><strong>\u201e, <\/strong>for tilslutning <strong>Indvendigt gevind M10x1<\/strong> Gevindadapter <strong>(sort)<\/strong> fjerne, fri passage <strong>\u00d8 4 mm, <\/strong>T\u00e6tningsring af aluminium medf\u00f8lger.<\/h4>","protected":false},"featured_media":905,"template":"","meta":[],"product_brand":[],"product_cat":[42,121],"product_tag":[116,120,122],"class_list":{"0":"post-941","1":"product","2":"type-product","3":"status-publish","4":"has-post-thumbnail","6":"product_cat-injektion-packer-pumpen","7":"product_cat-injektionspacker-anschliessen","8":"product_tag-kupplung-fuer-flachkopfnippel-16","9":"product_tag-injektionspacker-mit-flachkopfnippel","10":"product_tag-injektionspacker-an-pumpen-anschliessen","12":"first","13":"instock","14":"taxable","15":"shipping-taxable","16":"purchasable","17":"product-type-simple"},"tiered_pricing_type":"percentage","tiered_pricing_fixed_rules":[],"tiered_pricing_product_settings":{"layout":"default","base_unit_name":{"singular":null,"plural":null},"default_variation":null},"tiered_pricing_minimum_quantity":null,"tiered_pricing_roles_data":[],"tiered_pricing_percentage_rules":{"5":5,"10":10},"tiered_pricing_maximum_quantity":null,"tiered_pricing_quantity_step":null,"_links":{"self":[{"href":"https:\/\/www.polymerpacker.de\/da\/wp-json\/wp\/v2\/product\/941","targetHints":{"allow":["GET"]}}],"collection":[{"href":"https:\/\/www.polymerpacker.de\/da\/wp-json\/wp\/v2\/product"}],"about":[{"href":"https:\/\/www.polymerpacker.de\/da\/wp-json\/wp\/v2\/types\/product"}],"wp:featuredmedia":[{"embeddable":true,"href":"https:\/\/www.polymerpacker.de\/da\/wp-json\/wp\/v2\/media\/905"}],"wp:attachment":[{"href":"https:\/\/www.polymerpacker.de\/da\/wp-json\/wp\/v2\/media?parent=941"}],"wp:term":[{"taxonomy":"product_brand","embeddable":true,"href":"https:\/\/www.polymerpacker.de\/da\/wp-json\/wp\/v2\/product_brand?post=941"},{"taxonomy":"product_cat","embeddable":true,"href":"https:\/\/www.polymerpacker.de\/da\/wp-json\/wp\/v2\/product_cat?post=941"},{"taxonomy":"product_tag","embeddable":true,"href":"https:\/\/www.polymerpacker.de\/da\/wp-json\/wp\/v2\/product_tag?post=941"}],"curies":[{"name":"wp","href":"https:\/\/api.w.org\/{rel}","templated":true}]}}