{"id":889,"date":"2019-12-22T16:47:37","date_gmt":"2019-12-22T15:47:37","guid":{"rendered":"http:\/\/b38jwy.myraidbox.de\/?post_type=product&#038;p=889"},"modified":"2026-04-15T16:00:59","modified_gmt":"2026-04-15T14:00:59","slug":"lasestykke-vss17m10","status":"publish","type":"product","link":"https:\/\/www.polymerpacker.de\/da\/produkt\/verschlussstueck-vss17m10\/","title":{"rendered":"L\u00e5sestykke VSS17M10 med tilslutningsgevind M10x1"},"content":{"rendered":"<h2><strong>L\u00e5sestykke VSS17M10<\/strong><\/h2>\n<p><span style=\"font-family: Arial, sans-serif; color: #282828;\"><span style=\"font-size: medium;\"><b><strong>L\u00e5sestykke 17 med tilslutningsgevind M10x1.<\/strong> Universelt og brugervenligt tilslutningssystem til injektionspakker.<\/b> <\/span><\/span><\/p>\n<p><span style=\"color: #000000;\"><span style=\"font-family: Arial, sans-serif;\"><span style=\"font-size: medium;\">Kan bruges til epoxyharpiks, polyuretanharpiks, akrylatgel, silikoneemulsion, silikatcreme, cementsuspension, cementpasta, injektionsm\u00f8rtel. <strong>Til maksimale indspr\u00f8jtningstryk p\u00e5 op til 50 bar.<\/strong><\/span><\/span><\/span><\/p>\n<p><span style=\"color: #000000;\"><span style=\"font-family: Arial, sans-serif;\"><span style=\"font-size: medium;\"><b>Et produkt, der er blevet afpr\u00f8vet og testet millioner af gange, og som vi har produceret siden 1995.<\/b><\/span><\/span><\/span><\/p>\n<p><span style=\"color: #000000;\"><span style=\"font-family: Arial, sans-serif;\"><span style=\"font-size: medium;\"><b>For yderligere information og sikkerhedsinstruktioner kan du downloade det tekniske datablad for dette produkt her. <\/b><\/span><\/span><\/span><\/p>\n<p><a href=\"https:\/\/www.polymerpacker.de\/wp-content\/uploads\/2022\/06\/Polymerpacker-TM-VSS17SKZ-DE-EN.pdf\"><img fetchpriority=\"high\" decoding=\"async\" class=\"alignnone wp-image-1504 size-medium\" src=\"https:\/\/www.polymerpacker.de\/wp-content\/uploads\/2020\/08\/PDF-DOWNLOAD-250x400.jpg\" alt=\"\" width=\"250\" height=\"400\" srcset=\"https:\/\/www.polymerpacker.de\/wp-content\/uploads\/2020\/08\/PDF-DOWNLOAD-250x400.jpg 250w, https:\/\/www.polymerpacker.de\/wp-content\/uploads\/2020\/08\/PDF-DOWNLOAD-200x320.jpg 200w, https:\/\/www.polymerpacker.de\/wp-content\/uploads\/2020\/08\/PDF-DOWNLOAD-scaled-150x240.jpg 150w, https:\/\/www.polymerpacker.de\/wp-content\/uploads\/2020\/08\/PDF-DOWNLOAD-400x640.jpg 400w, https:\/\/www.polymerpacker.de\/wp-content\/uploads\/2020\/08\/PDF-DOWNLOAD-500x800.jpg 500w, https:\/\/www.polymerpacker.de\/wp-content\/uploads\/2020\/08\/PDF-DOWNLOAD-768x1228.jpg 768w, https:\/\/www.polymerpacker.de\/wp-content\/uploads\/2020\/08\/PDF-DOWNLOAD-961x1536.jpg 961w, https:\/\/www.polymerpacker.de\/wp-content\/uploads\/2020\/08\/PDF-DOWNLOAD-1281x2048.jpg 1281w, https:\/\/www.polymerpacker.de\/wp-content\/uploads\/2020\/08\/PDF-DOWNLOAD-scaled.jpg 1601w\" sizes=\"(max-width: 250px) 100vw, 250px\" \/><\/a><\/p>","protected":false},"excerpt":{"rendered":"<h3><strong>L\u00e5sestykke VSS17M10<\/strong><\/h3>\n<p>Glidebane p\u00e5 tv\u00e6rs <strong>L\u00e5sestykke 17 <\/strong>Velegnet til alle kommercielt tilg\u00e6ngelige <strong>Hurtigkoblingstang (quick snap lock) 17 mm.<\/strong> (for eksempel: Desoi, Wiwa, Vorek, Remmers, Sopro, TPH og mange andre).<\/p>\n<h4>Forbindelse:<strong> Indvendigt gevind M10x1 (selvforseglende gevind)<\/strong>, fri passage<strong> \u00d8 7 mm.<\/strong><\/h4>","protected":false},"featured_media":1085,"template":"","meta":[],"product_brand":[],"product_cat":[42,121],"product_tag":[128,132,114,122],"class_list":{"0":"post-889","1":"product","2":"type-product","3":"status-publish","4":"has-post-thumbnail","6":"product_cat-injektion-packer-pumpen","7":"product_cat-injektionspacker-anschliessen","8":"product_tag-schnellschnappanschluss","9":"product_tag-injektionspacker-fuer-zement","10":"product_tag-verschlussstueck","11":"product_tag-injektionspacker-an-pumpen-anschliessen","13":"first","14":"instock","15":"taxable","16":"shipping-taxable","17":"purchasable","18":"product-type-simple"},"tiered_pricing_type":"percentage","tiered_pricing_fixed_rules":[],"tiered_pricing_product_settings":{"layout":"default","base_unit_name":{"singular":null,"plural":null},"default_variation":null},"tiered_pricing_minimum_quantity":10,"tiered_pricing_roles_data":[],"tiered_pricing_percentage_rules":{"100":5,"1000":10},"tiered_pricing_maximum_quantity":null,"tiered_pricing_quantity_step":null,"_links":{"self":[{"href":"https:\/\/www.polymerpacker.de\/da\/wp-json\/wp\/v2\/product\/889","targetHints":{"allow":["GET"]}}],"collection":[{"href":"https:\/\/www.polymerpacker.de\/da\/wp-json\/wp\/v2\/product"}],"about":[{"href":"https:\/\/www.polymerpacker.de\/da\/wp-json\/wp\/v2\/types\/product"}],"wp:featuredmedia":[{"embeddable":true,"href":"https:\/\/www.polymerpacker.de\/da\/wp-json\/wp\/v2\/media\/1085"}],"wp:attachment":[{"href":"https:\/\/www.polymerpacker.de\/da\/wp-json\/wp\/v2\/media?parent=889"}],"wp:term":[{"taxonomy":"product_brand","embeddable":true,"href":"https:\/\/www.polymerpacker.de\/da\/wp-json\/wp\/v2\/product_brand?post=889"},{"taxonomy":"product_cat","embeddable":true,"href":"https:\/\/www.polymerpacker.de\/da\/wp-json\/wp\/v2\/product_cat?post=889"},{"taxonomy":"product_tag","embeddable":true,"href":"https:\/\/www.polymerpacker.de\/da\/wp-json\/wp\/v2\/product_tag?post=889"}],"curies":[{"name":"wp","href":"https:\/\/api.w.org\/{rel}","templated":true}]}}